{"id":22051,"date":"2023-06-13T14:57:33","date_gmt":"2023-06-13T12:57:33","guid":{"rendered":"https:\/\/www.teonline.it\/concessioni-autostrade-a10-e-a12-2\/"},"modified":"2026-02-05T14:56:05","modified_gmt":"2026-02-05T13:56:05","slug":"portail-des-transports-exceptionnels","status":"publish","type":"page","link":"https:\/\/www.teonline.it\/fr\/","title":{"rendered":"Portail des transports exceptionnels"},"content":{"rendered":"<div class=\"wpb-content-wrapper\"><p>[vc_row simple_background_color=\u00a0\u00bb#005abb\u00a0\u00bb][vc_column][vc_single_image image=\u00a0\u00bb21584&Prime; img_size=\u00a0\u00bbfull\u00a0\u00bb alignment=\u00a0\u00bbcenter\u00a0\u00bb css=\u00a0\u00bb\u00a0\u00bb][\/vc_column][\/vc_row][vc_row row_content_width=\u00a0\u00bbgrid\u00a0\u00bb][vc_column][vc_column_text css=\u00a0\u00bb\u00a0\u00bb el_class=\u00a0\u00bbh1-sottile\u00a0\u00bb]<\/p>\n<h1 class=\"maiuscolo\"><strong>Portail des transports exceptionnels<\/strong><br \/>\nLa plateforme de r\u00e9f\u00e9rence pour les transports exceptionnels<\/h1>\n<p>[\/vc_column_text][\/vc_column][\/vc_row][vc_row el_class=\u00a0\u00bbpad-riga-30-a\u00a0\u00bb css=\u00a0\u00bb.vc_custom_1736330517018{margin-top: -10px !important;}\u00a0\u00bb][vc_column]<div class=\"qodef-elements-holder   qodef-three-columns  qodef-responsive-mode-768   \" ><div class=\"qodef-eh-item  qodef-vertical-alignment-top  \"  data-item-class=\"qodef-eh-custom-4068\">\n\t<div class=\"qodef-eh-item-inner\">\n\t\t<div class=\"qodef-eh-item-content qodef-eh-custom-4068\" style=\"padding: 0 30px 30px 30px\">\n\t\t\t[vc_single_image image=\u00a0\u00bb21588&Prime; img_size=\u00a0\u00bbfull\u00a0\u00bb css=\u00a0\u00bb\u00a0\u00bb][vc_column_text css=\u00a0\u00bb\u00a0\u00bb]<\/p>\n<h2>Fermetures et restrictions<\/h2>\n<p>[\/vc_column_text][vc_btn title=\u00a0\u00bbAller \u00e0 la section \u00a0\u00bb i_align=\u00a0\u00bbright\u00a0\u00bb i_icon_fontawesome=\u00a0\u00bb\u00a0\u00bb css=\u00a0\u00bb\u00a0\u00bb add_icon=\u00a0\u00bbtrue\u00a0\u00bb link=\u00a0\u00bburl:%2Ffr%2Ffermetures-et-restrictions%2F|title:Aller%20%C3%A0%20Fermetures%20et%20restrictions\u00a0\u00bb el_class=\u00a0\u00bbbottone-blu\u00a0\u00bb]\t\t<\/div>\n\t<\/div>\n<\/div><div class=\"qodef-eh-item  qodef-vertical-alignment-top  \"  data-item-class=\"qodef-eh-custom-2906\">\n\t<div class=\"qodef-eh-item-inner\">\n\t\t<div class=\"qodef-eh-item-content qodef-eh-custom-2906\" style=\"padding: 0 30px 30px 30px\">\n\t\t\t[vc_single_image image=\u00a0\u00bb21591&Prime; img_size=\u00a0\u00bbfull\u00a0\u00bb css=\u00a0\u00bb\u00a0\u00bb][vc_column_text css=\u00a0\u00bb\u00a0\u00bb]<\/p>\n<h2>Cartes des concessionnaires<\/h2>\n<p>[\/vc_column_text][vc_btn title=\u00a0\u00bbAller \u00e0 la section \u00a0\u00bb i_align=\u00a0\u00bbright\u00a0\u00bb i_icon_fontawesome=\u00a0\u00bb\u00a0\u00bb css=\u00a0\u00bb\u00a0\u00bb add_icon=\u00a0\u00bbtrue\u00a0\u00bb link=\u00a0\u00bburl:%2Ffr%2Fcartes-des-concessionnaires%2F|title:Acc%C3%A9der%20aux%20cartes%20des%20concessionnaires\u00a0\u00bb el_class=\u00a0\u00bbbottone-blu\u00a0\u00bb]\t\t<\/div>\n\t<\/div>\n<\/div><div class=\"qodef-eh-item  qodef-vertical-alignment-top  \"  data-item-class=\"qodef-eh-custom-4687\">\n\t<div class=\"qodef-eh-item-inner\">\n\t\t<div class=\"qodef-eh-item-content qodef-eh-custom-4687\" style=\"padding: 0 30px 30px 30px\">\n\t\t\t[vc_single_image image=\u00a0\u00bb21647&Prime; img_size=\u00a0\u00bbfull\u00a0\u00bb css=\u00a0\u00bb\u00a0\u00bb][vc_column_text css=\u00a0\u00bb\u00a0\u00bb]<\/p>\n<h2>Contacts<\/h2>\n<p>[\/vc_column_text][vc_btn title=\u00a0\u00bbAller \u00e0 la section \u00a0\u00bb i_align=\u00a0\u00bbright\u00a0\u00bb i_icon_fontawesome=\u00a0\u00bb\u00a0\u00bb css=\u00a0\u00bb.vc_custom_1770299300295{margin-right: 30px !important;}\u00a0\u00bb add_icon=\u00a0\u00bbtrue\u00a0\u00bb link=\u00a0\u00bburl:%2Ffr%2Fcontacts%2F|title:Aller%20aux%20contacts\u00a0\u00bb el_class=\u00a0\u00bbbottone-blu\u00a0\u00bb]\t\t<\/div>\n\t<\/div>\n<\/div><\/div>[\/vc_column][\/vc_row][vc_row disable_background_image=\u00a0\u00bb\u00a0\u00bb content_text_aligment=\u00a0\u00bbcenter\u00a0\u00bb css=\u00a0\u00bb.vc_custom_1757069382966{padding-bottom: 50px !important;}\u00a0\u00bb simple_background_image=\u00a0\u00bb20994&Prime; background_image_position=\u00a0\u00bbcenter center\u00a0\u00bb el_id=\u00a0\u00bbsfondo-fisso1&Prime;][vc_column][vc_empty_space height=\u00a0\u00bb300px\u00a0\u00bb][\/vc_column][\/vc_row][vc_row el_class=\u00a0\u00bbpad-riga-30-a\u00a0\u00bb][vc_column]<div class=\"qodef-elements-holder   qodef-three-columns  qodef-responsive-mode-768   \" ><div class=\"qodef-eh-item  qodef-vertical-alignment-top  \"  data-item-class=\"qodef-eh-custom-1683\">\n\t<div class=\"qodef-eh-item-inner\">\n\t\t<div class=\"qodef-eh-item-content qodef-eh-custom-1683\" style=\"padding: 0 30px 30px 30px\">\n\t\t\t[vc_single_image image=\u00a0\u00bb21601&Prime; img_size=\u00a0\u00bbfull\u00a0\u00bb css=\u00a0\u00bb\u00a0\u00bb][vc_column_text css=\u00a0\u00bb\u00a0\u00bb]<\/p>\n<h3>Tableau des frais<\/h3>\n<p>[\/vc_column_text][vc_btn title=\u00a0\u00bbAller \u00e0 la section \u00a0\u00bb i_align=\u00a0\u00bbright\u00a0\u00bb i_icon_fontawesome=\u00a0\u00bb\u00a0\u00bb css=\u00a0\u00bb.vc_custom_1770299357297{margin-right: 30px !important;}\u00a0\u00bb add_icon=\u00a0\u00bbtrue\u00a0\u00bb link=\u00a0\u00bburl:%2Ffr%2Ftableau-des-frais%2F|title:Aller%20au%20Tableau%20des%20frais\u00a0\u00bb el_class=\u00a0\u00bbbottone-blu\u00a0\u00bb]\t\t<\/div>\n\t<\/div>\n<\/div><div class=\"qodef-eh-item  qodef-vertical-alignment-top  \"  data-item-class=\"qodef-eh-custom-4121\">\n\t<div class=\"qodef-eh-item-inner\">\n\t\t<div class=\"qodef-eh-item-content qodef-eh-custom-4121\" style=\"padding: 0 30px 30px 30px\">\n\t\t\t[vc_single_image image=\u00a0\u00bb21655&Prime; img_size=\u00a0\u00bbfull\u00a0\u00bb css=\u00a0\u00bb\u00a0\u00bb][vc_column_text css=\u00a0\u00bb\u00a0\u00bb]<\/p>\n<h3>Inscription au Portail<\/h3>\n<p>[\/vc_column_text][vc_btn title=\u00a0\u00bbAller \u00e0 la section \u00a0\u00bb i_align=\u00a0\u00bbright\u00a0\u00bb i_icon_fontawesome=\u00a0\u00bb\u00a0\u00bb css=\u00a0\u00bb\u00a0\u00bb add_icon=\u00a0\u00bbtrue\u00a0\u00bb link=\u00a0\u00bburl:%2Ffr%2Ftransfert-telematique-de-dossiers%2F|title:Acc%C3%A9der%20%C3%A0%20l&rsquo;inscription%20au%20Portail\u00a0\u00bb el_class=\u00a0\u00bbbottone-blu\u00a0\u00bb]\t\t<\/div>\n\t<\/div>\n<\/div><div class=\"qodef-eh-item  qodef-vertical-alignment-top  \"  data-item-class=\"qodef-eh-custom-6092\">\n\t<div class=\"qodef-eh-item-inner\">\n\t\t<div class=\"qodef-eh-item-content qodef-eh-custom-6092\" style=\"padding: 0 30px 30px 30px\">\n\t\t\t[vc_single_image image=\u00a0\u00bb21651&Prime; img_size=\u00a0\u00bbfull\u00a0\u00bb css=\u00a0\u00bb\u00a0\u00bb][vc_column_text css=\u00a0\u00bb\u00a0\u00bb]<\/p>\n<h3>Connexion des transporteurs<\/h3>\n<p>[\/vc_column_text][vc_btn title=\u00a0\u00bbAller \u00e0 la section \u00a0\u00bb i_align=\u00a0\u00bbright\u00a0\u00bb i_icon_fontawesome=\u00a0\u00bb\u00a0\u00bb css=\u00a0\u00bb\u00a0\u00bb add_icon=\u00a0\u00bbtrue\u00a0\u00bb link=\u00a0\u00bburl:https%3A%2F%2F89.96.237.14%2FTEWeb|title:Aller%20%C3%A0%20la%20Connexion%20des%20transporteurs%20dans%20une%20nouvelle%20page|target:_blank\u00a0\u00bb el_class=\u00a0\u00bbbottone-blu\u00a0\u00bb]\t\t<\/div>\n\t<\/div>\n<\/div><\/div>[\/vc_column][\/vc_row]<\/p>\n<\/div>","protected":false},"excerpt":{"rendered":"<p>[vc_row simple_background_color=\u00a0\u00bb#005abb\u00a0\u00bb][vc_column][vc_single_image image=\u00a0\u00bb21584&Prime; img_size=\u00a0\u00bbfull\u00a0\u00bb alignment=\u00a0\u00bbcenter\u00a0\u00bb css=\u00a0\u00bb\u00a0\u00bb][\/vc_column][\/vc_row][vc_row row_content_width=\u00a0\u00bbgrid\u00a0\u00bb][vc_column][vc_column_text css=\u00a0\u00bb\u00a0\u00bb el_class=\u00a0\u00bbh1-sottile\u00a0\u00bb] Portail des transports exceptionnels La plateforme de r\u00e9f\u00e9rence pour les transports exceptionnels [\/vc_column_text][\/vc_column][\/vc_row][vc_row el_class=\u00a0\u00bbpad-riga-30-a\u00a0\u00bb css=\u00a0\u00bb.vc_custom_1736330517018{margin-top: -10px !important;}\u00a0\u00bb][vc_column][\/vc_column][\/vc_row][vc_row disable_background_image=\u00a0\u00bb\u00a0\u00bb content_text_aligment=\u00a0\u00bbcenter\u00a0\u00bb css=\u00a0\u00bb.vc_custom_1757069382966{padding-bottom: 50px !important;}\u00a0\u00bb simple_background_image=\u00a0\u00bb20994&Prime; background_image_position=\u00a0\u00bbcenter center\u00a0\u00bb el_id=\u00a0\u00bbsfondo-fisso1&Prime;][vc_column][vc_empty_space height=\u00a0\u00bb300px\u00a0\u00bb][\/vc_column][\/vc_row][vc_row el_class=\u00a0\u00bbpad-riga-30-a\u00a0\u00bb][vc_column][\/vc_column][\/vc_row]<\/p>\n","protected":false},"author":2,"featured_media":0,"parent":0,"menu_order":0,"comment_status":"closed","ping_status":"closed","template":"full-width.php","meta":{"_acf_changed":false,"footnotes":""},"class_list":["post-22051","page","type-page","status-publish","hentry"],"acf":[],"yoast_head":"<!-- This site is optimized with the Yoast SEO plugin v26.5 - https:\/\/yoast.com\/wordpress\/plugins\/seo\/ -->\n<title>TECS Portale Trasporti Eccezionali<\/title>\n<meta name=\"description\" content=\"Le portail d\u00e9di\u00e9 aux transports exceptionnels contenant des informations sur les restrictions, les r\u00e9glementations et la documentation\" \/>\n<meta name=\"robots\" content=\"index, follow, max-snippet:-1, max-image-preview:large, max-video-preview:-1\" \/>\n<link rel=\"canonical\" href=\"https:\/\/www.teonline.it\/fr\/\" \/>\n<meta property=\"og:locale\" content=\"fr_FR\" \/>\n<meta property=\"og:type\" content=\"article\" \/>\n<meta property=\"og:title\" content=\"TECS Portale Trasporti Eccezionali\" \/>\n<meta property=\"og:description\" content=\"Le portail d\u00e9di\u00e9 aux transports exceptionnels contenant des informations sur les restrictions, les r\u00e9glementations et la documentation\" \/>\n<meta property=\"og:url\" content=\"https:\/\/www.teonline.it\/fr\/\" \/>\n<meta property=\"og:site_name\" content=\"TECS Portale Trasporti Eccezionali\" \/>\n<meta property=\"article:modified_time\" content=\"2026-02-05T13:56:05+00:00\" \/>\n<meta property=\"og:image\" content=\"https:\/\/www.teonline.it\/wp-content\/uploads\/2025\/06\/TECS-Trasporti-Eccezionali-Centro-Servizi-01.jpg\" \/>\n\t<meta property=\"og:image:width\" content=\"1200\" \/>\n\t<meta property=\"og:image:height\" content=\"675\" \/>\n\t<meta property=\"og:image:type\" content=\"image\/jpeg\" \/>\n<meta name=\"twitter:card\" content=\"summary_large_image\" \/>\n<meta name=\"twitter:label1\" content=\"Dur\u00e9e de lecture estim\u00e9e\" \/>\n\t<meta name=\"twitter:data1\" content=\"3 minutes\" \/>\n<script type=\"application\/ld+json\" class=\"yoast-schema-graph\">{\"@context\":\"https:\/\/schema.org\",\"@graph\":[{\"@type\":\"WebPage\",\"@id\":\"https:\/\/www.teonline.it\/fr\/\",\"url\":\"https:\/\/www.teonline.it\/fr\/\",\"name\":\"TECS Portale Trasporti Eccezionali\",\"isPartOf\":{\"@id\":\"https:\/\/www.teonline.it\/fr\/#website\"},\"datePublished\":\"2023-06-13T12:57:33+00:00\",\"dateModified\":\"2026-02-05T13:56:05+00:00\",\"description\":\"Le portail d\u00e9di\u00e9 aux transports exceptionnels contenant des informations sur les restrictions, les r\u00e9glementations et la documentation\",\"breadcrumb\":{\"@id\":\"https:\/\/www.teonline.it\/fr\/#breadcrumb\"},\"inLanguage\":\"fr-FR\",\"potentialAction\":[{\"@type\":\"ReadAction\",\"target\":[\"https:\/\/www.teonline.it\/fr\/\"]}]},{\"@type\":\"BreadcrumbList\",\"@id\":\"https:\/\/www.teonline.it\/fr\/#breadcrumb\",\"itemListElement\":[{\"@type\":\"ListItem\",\"position\":1,\"name\":\"Home\",\"item\":\"https:\/\/www.teonline.it\/fr\/\"},{\"@type\":\"ListItem\",\"position\":2,\"name\":\"Portail des transports exceptionnels\"}]},{\"@type\":\"WebSite\",\"@id\":\"https:\/\/www.teonline.it\/fr\/#website\",\"url\":\"https:\/\/www.teonline.it\/fr\/\",\"name\":\"TECS Trasporti Eccezionali Centro Servizi\",\"description\":\"TECS\",\"publisher\":{\"@id\":\"https:\/\/www.teonline.it\/fr\/#organization\"},\"alternateName\":\"TECS\",\"potentialAction\":[{\"@type\":\"SearchAction\",\"target\":{\"@type\":\"EntryPoint\",\"urlTemplate\":\"https:\/\/www.teonline.it\/fr\/?s={search_term_string}\"},\"query-input\":{\"@type\":\"PropertyValueSpecification\",\"valueRequired\":true,\"valueName\":\"search_term_string\"}}],\"inLanguage\":\"fr-FR\"},{\"@type\":\"Organization\",\"@id\":\"https:\/\/www.teonline.it\/fr\/#organization\",\"name\":\"TECS Trasporti Eccezionali Centro Servizi\",\"alternateName\":\"TECS\",\"url\":\"https:\/\/www.teonline.it\/fr\/\",\"logo\":{\"@type\":\"ImageObject\",\"inLanguage\":\"fr-FR\",\"@id\":\"https:\/\/www.teonline.it\/fr\/#\/schema\/logo\/image\/\",\"url\":\"https:\/\/www.teonline.it\/wp-content\/uploads\/2025\/06\/TECS-Trasporti-Eccezionali-Centro-Servizi-02.jpg\",\"contentUrl\":\"https:\/\/www.teonline.it\/wp-content\/uploads\/2025\/06\/TECS-Trasporti-Eccezionali-Centro-Servizi-02.jpg\",\"width\":696,\"height\":696,\"caption\":\"TECS Trasporti Eccezionali Centro Servizi\"},\"image\":{\"@id\":\"https:\/\/www.teonline.it\/fr\/#\/schema\/logo\/image\/\"}}]}<\/script>\n<!-- \/ Yoast SEO plugin. -->","yoast_head_json":{"title":"TECS Portale Trasporti Eccezionali","description":"Le portail d\u00e9di\u00e9 aux transports exceptionnels contenant des informations sur les restrictions, les r\u00e9glementations et la documentation","robots":{"index":"index","follow":"follow","max-snippet":"max-snippet:-1","max-image-preview":"max-image-preview:large","max-video-preview":"max-video-preview:-1"},"canonical":"https:\/\/www.teonline.it\/fr\/","og_locale":"fr_FR","og_type":"article","og_title":"TECS Portale Trasporti Eccezionali","og_description":"Le portail d\u00e9di\u00e9 aux transports exceptionnels contenant des informations sur les restrictions, les r\u00e9glementations et la documentation","og_url":"https:\/\/www.teonline.it\/fr\/","og_site_name":"TECS Portale Trasporti Eccezionali","article_modified_time":"2026-02-05T13:56:05+00:00","og_image":[{"width":1200,"height":675,"url":"https:\/\/www.teonline.it\/wp-content\/uploads\/2025\/06\/TECS-Trasporti-Eccezionali-Centro-Servizi-01.jpg","type":"image\/jpeg"}],"twitter_card":"summary_large_image","twitter_misc":{"Dur\u00e9e de lecture estim\u00e9e":"3 minutes"},"schema":{"@context":"https:\/\/schema.org","@graph":[{"@type":"WebPage","@id":"https:\/\/www.teonline.it\/fr\/","url":"https:\/\/www.teonline.it\/fr\/","name":"TECS Portale Trasporti Eccezionali","isPartOf":{"@id":"https:\/\/www.teonline.it\/fr\/#website"},"datePublished":"2023-06-13T12:57:33+00:00","dateModified":"2026-02-05T13:56:05+00:00","description":"Le portail d\u00e9di\u00e9 aux transports exceptionnels contenant des informations sur les restrictions, les r\u00e9glementations et la documentation","breadcrumb":{"@id":"https:\/\/www.teonline.it\/fr\/#breadcrumb"},"inLanguage":"fr-FR","potentialAction":[{"@type":"ReadAction","target":["https:\/\/www.teonline.it\/fr\/"]}]},{"@type":"BreadcrumbList","@id":"https:\/\/www.teonline.it\/fr\/#breadcrumb","itemListElement":[{"@type":"ListItem","position":1,"name":"Home","item":"https:\/\/www.teonline.it\/fr\/"},{"@type":"ListItem","position":2,"name":"Portail des transports exceptionnels"}]},{"@type":"WebSite","@id":"https:\/\/www.teonline.it\/fr\/#website","url":"https:\/\/www.teonline.it\/fr\/","name":"TECS Trasporti Eccezionali Centro Servizi","description":"TECS","publisher":{"@id":"https:\/\/www.teonline.it\/fr\/#organization"},"alternateName":"TECS","potentialAction":[{"@type":"SearchAction","target":{"@type":"EntryPoint","urlTemplate":"https:\/\/www.teonline.it\/fr\/?s={search_term_string}"},"query-input":{"@type":"PropertyValueSpecification","valueRequired":true,"valueName":"search_term_string"}}],"inLanguage":"fr-FR"},{"@type":"Organization","@id":"https:\/\/www.teonline.it\/fr\/#organization","name":"TECS Trasporti Eccezionali Centro Servizi","alternateName":"TECS","url":"https:\/\/www.teonline.it\/fr\/","logo":{"@type":"ImageObject","inLanguage":"fr-FR","@id":"https:\/\/www.teonline.it\/fr\/#\/schema\/logo\/image\/","url":"https:\/\/www.teonline.it\/wp-content\/uploads\/2025\/06\/TECS-Trasporti-Eccezionali-Centro-Servizi-02.jpg","contentUrl":"https:\/\/www.teonline.it\/wp-content\/uploads\/2025\/06\/TECS-Trasporti-Eccezionali-Centro-Servizi-02.jpg","width":696,"height":696,"caption":"TECS Trasporti Eccezionali Centro Servizi"},"image":{"@id":"https:\/\/www.teonline.it\/fr\/#\/schema\/logo\/image\/"}}]}},"publishpress_future_workflow_manual_trigger":{"enabledWorkflows":[]},"_links":{"self":[{"href":"https:\/\/www.teonline.it\/fr\/wp-json\/wp\/v2\/pages\/22051","targetHints":{"allow":["GET"]}}],"collection":[{"href":"https:\/\/www.teonline.it\/fr\/wp-json\/wp\/v2\/pages"}],"about":[{"href":"https:\/\/www.teonline.it\/fr\/wp-json\/wp\/v2\/types\/page"}],"author":[{"embeddable":true,"href":"https:\/\/www.teonline.it\/fr\/wp-json\/wp\/v2\/users\/2"}],"replies":[{"embeddable":true,"href":"https:\/\/www.teonline.it\/fr\/wp-json\/wp\/v2\/comments?post=22051"}],"version-history":[{"count":2,"href":"https:\/\/www.teonline.it\/fr\/wp-json\/wp\/v2\/pages\/22051\/revisions"}],"predecessor-version":[{"id":22053,"href":"https:\/\/www.teonline.it\/fr\/wp-json\/wp\/v2\/pages\/22051\/revisions\/22053"}],"wp:attachment":[{"href":"https:\/\/www.teonline.it\/fr\/wp-json\/wp\/v2\/media?parent=22051"}],"curies":[{"name":"wp","href":"https:\/\/api.w.org\/{rel}","templated":true}]}}