{"id":22040,"date":"2023-06-12T10:56:59","date_gmt":"2023-06-12T08:56:59","guid":{"rendered":"https:\/\/www.teonline.it\/privacy\/"},"modified":"2026-02-05T14:32:22","modified_gmt":"2026-02-05T13:32:22","slug":"privacy","status":"publish","type":"page","link":"https:\/\/www.teonline.it\/fr\/privacy\/","title":{"rendered":"Privacy Policy"},"content":{"rendered":"<div class=\"wpb-content-wrapper\"><p>[vc_row full_width=\u00a0\u00bbstretch_row_content_no_spaces\u00a0\u00bb gap=\u00a0\u00bb35&Prime; row_type=\u00a0\u00bbrow\u00a0\u00bb use_row_as_full_screen_section=\u00a0\u00bbno\u00a0\u00bb type=\u00a0\u00bbfull_width\u00a0\u00bb angled_section=\u00a0\u00bbno\u00a0\u00bb text_align=\u00a0\u00bbleft\u00a0\u00bb background_image_as_pattern=\u00a0\u00bbwithout_pattern\u00a0\u00bb el_class=\u00a0\u00bbriga-pad\u00a0\u00bb][vc_column width=\u00a0\u00bb1\/4&Prime; offset=\u00a0\u00bbvc_hidden-sm vc_hidden-xs\u00a0\u00bb el_class=\u00a0\u00bbColonnaSinistra\u00a0\u00bb][\/vc_column][vc_column width=\u00a0\u00bb1\/2&Prime; el_class=\u00a0\u00bbColonnaCentro\u00a0\u00bb][vc_column_text css=\u00a0\u00bb\u00a0\u00bb el_class=\u00a0\u00bbTitoloPagina\u00a0\u00bb]<\/p>\n<h1>Politique de confidentialit\u00e9<\/h1>\n<p>[\/vc_column_text][vc_column_text css=\u00a0\u00bb\u00a0\u00bb]<strong>Politique de confidentialit\u00e9 pour les utilisateurs inscrits sur le Portail des transports exceptionnels<\/strong><\/p>\n<p>conform\u00e9ment aux obligations d\u00e9coulant de la r\u00e9glementation communautaire (R\u00e8glement europ\u00e9en relatif \u00e0 la protection des donn\u00e9es n\u00b0 679\/2016) et nationale (d\u00e9cret l\u00e9gislatif n\u00b0 196 du 30 juin 2003, Code en mati\u00e8re de protection des donn\u00e9es \u00e0 caract\u00e8re personnel et modifications ult\u00e9rieures)<\/p>\n<p>Cher utilisateur,<\/p>\n<p>nous souhaitons vous informer que, conform\u00e9ment aux articles 13 et 14 du r\u00e8glement (UE) 679\/2016 relatif \u00e0 la protection des donn\u00e9es \u00e0 caract\u00e8re personnel (ci-apr\u00e8s d\u00e9nomm\u00e9 le \u00ab\u00a0r\u00e8glement RGPD\u00a0\u00bb), les informations et les donn\u00e9es acquises par et\/ou communiqu\u00e9es \u00e0 SATAP S.p.A. (ci-apr\u00e8s \u00e9galement d\u00e9nomm\u00e9e la \u00ab\u00a0soci\u00e9t\u00e9\u00a0\u00bb et\/ou le \u00ab\u00a0responsable du traitement\u00a0\u00bb) seront trait\u00e9es conform\u00e9ment au r\u00e8glement RGPD susmentionn\u00e9 et au d\u00e9cret l\u00e9gislatif 196\/2003 (Code de protection de la vie priv\u00e9e), tel que modifi\u00e9 en dernier lieu.<\/p>\n<p>Cette note d&rsquo;information est destin\u00e9e \u00e0 tous les utilisateurs qui interagissent avec la soci\u00e9t\u00e9 \u00e0 travers le Portail des transports exceptionnels et qui s&rsquo;inscrivent pour la gestion des autorisations de transit avec des transports ou des v\u00e9hicules exceptionnels (conform\u00e9ment aux articles 10 et 104 du d\u00e9cret l\u00e9gislatif 285\/1992) (les \u00ab\u00a0autorisations\u00a0\u00bb ou l\u2019\u00ab\u00a0autorisation\u00a0\u00bb)<\/p>\n<ol>\n<li><strong> Types de donn\u00e9es collect\u00e9es<\/strong><\/li>\n<\/ol>\n<p>Via le Portail, la SATAP traite, pour elle-m\u00eame et pour les autres concessionnaires d&rsquo;autoroutes indiqu\u00e9s sur le Portail, les donn\u00e9es suivantes\u00a0:<\/p>\n<ul>\n<li>les donn\u00e9es d&rsquo;identification et de contact du demandeur (raison sociale, num\u00e9ro de TVA, si\u00e8ge social, e-mail, PEC, t\u00e9l\u00e9phone)\u00a0;<\/li>\n<li>les donn\u00e9es du repr\u00e9sentant l\u00e9gal et\/ou des personnes de contact de l&rsquo;entreprise (nom, pr\u00e9nom, e-mail)\u00a0;<\/li>\n<li>les donn\u00e9es relatives aux v\u00e9hicules, aux transports et aux itin\u00e9raires requis\u00a0;<\/li>\n<li>la documentation technique et administrative jointe aux demandes (y compris celles relatives aux v\u00e9hicules faisant l\u2019objet d\u2019une demande d\u2019autorisation).<\/li>\n<\/ul>\n<p>L&rsquo;utilisateur qui s&rsquo;inscrit sur le Portail assume la responsabilit\u00e9 de l&rsquo;exactitude et de la v\u00e9racit\u00e9 des donn\u00e9es, y compris celles de tiers, fournies via le site Web, en d\u00e9gageant le responsable du traitement de toute responsabilit\u00e9 d\u00e9coulant de l&rsquo;inexactitude des donn\u00e9es fournies.<\/p>\n<ol start=\"2\">\n<li><strong> Finalit\u00e9s du traitement<\/strong><\/li>\n<\/ol>\n<p>Les donn\u00e9es \u00e0 caract\u00e8re personnel sont trait\u00e9es aux fins suivantes\u00a0:<\/p>\n<ul>\n<li>la gestion et la d\u00e9livrance des demandes d&rsquo;autorisations de transport exceptionnel et des formalit\u00e9s qui y sont directement li\u00e9es, y compris pour le compte d&rsquo;autres concessionnaires autoroutiers avec lesquels la soci\u00e9t\u00e9 a conclu des accords sp\u00e9cifiques et par lesquels elle a \u00e9t\u00e9 d\u00e9sign\u00e9e comme responsable du traitement\u00a0;<\/li>\n<li>la v\u00e9rification de la compatibilit\u00e9 technique et infrastructurelle des itin\u00e9raires requis\u00a0;<\/li>\n<li>la coordination entre les concessionnaires d&rsquo;autoroutes adh\u00e9rant au Portail et avec les organismes comp\u00e9tents\u00a0;<\/li>\n<li>pour la protection des droits de d\u00e9fense de la soci\u00e9t\u00e9 en cas de litiges avec les utilisateurs.<\/li>\n<\/ul>\n<ol start=\"3\">\n<li><strong> Bases juridiques du traitement<\/strong><\/li>\n<\/ol>\n<p>Les bases juridiques des traitements sont les suivantes\u00a0:<\/p>\n<ul>\n<li>Obligation l\u00e9gale\u00a0: n\u00e9cessit\u00e9 de suivre\/ex\u00e9cuter les obligations l\u00e9gales en tant que concessionnaire autoroutier (gestion technico-administrative et perception des frais de proc\u00e9dure li\u00e9s \u00e0 la d\u00e9livrance des autorisations\u00a0; demandes des autorit\u00e9s comp\u00e9tentes\u00a0; demandes\/r\u00e9clamations des usagers\u00a0; publications l\u00e9gales)\u00a0; conform\u00e9ment \u00e0 l\u2019article 6, paragraphe 1, point c) du r\u00e8glement RGPD\u00a0;<\/li>\n<li>Int\u00e9r\u00eat l\u00e9gitime\u00a0: n\u00e9cessit\u00e9 de poursuivre l&rsquo;int\u00e9r\u00eat l\u00e9gitime de la soci\u00e9t\u00e9 dans la perception correcte des frais de proc\u00e9dure li\u00e9s \u00e0 la d\u00e9livrance des autorisations et \u00e0 l&rsquo;utilisation correcte des infrastructures autorouti\u00e8res dont elle est responsable, conform\u00e9ment \u00e0 l&rsquo;article 6, paragraphe 1, point f), du r\u00e8glement RGPD\u00a0;<\/li>\n<\/ul>\n<ol start=\"4\">\n<li><strong> Modalit\u00e9s de traitement<\/strong><\/li>\n<\/ol>\n<p>Les donn\u00e9es personnelles peuvent \u00eatre trait\u00e9es sous forme informatique et t\u00e9l\u00e9matique et saisies dans les bases de donn\u00e9es pertinentes auxquelles peuvent acc\u00e9der, et donc les consulter, des personnes internes \u00e0 la soci\u00e9t\u00e9, sp\u00e9cialement autoris\u00e9es et charg\u00e9es du traitement, qui op\u00e8rent dans le respect des dispositions l\u00e9gales n\u00e9cessaires pour garantir, entre autres, la confidentialit\u00e9 et la s\u00e9curit\u00e9 des donn\u00e9es ainsi que leur exactitude, leur mise \u00e0 jour et leur pertinence par rapport aux objectifs d\u00e9clar\u00e9s, conform\u00e9ment \u00e0 la r\u00e9glementation applicable en mati\u00e8re de protection des donn\u00e9es personnelles (notamment le r\u00e8glement RGPD et le d\u00e9cret l\u00e9gislatif 196\/2003).<\/p>\n<ol start=\"5\">\n<li><strong> Nature de la fourniture de donn\u00e9es<\/strong><\/li>\n<\/ol>\n<p>La fourniture des donn\u00e9es est\u00a0:\u00a0<u>Obligatoire<\/u>\u00a0pour l&rsquo;inscription sur le Portail et pour le traitement des demandes d&rsquo;autorisation.<\/p>\n<p>Le refus de fournir les donn\u00e9es rend impossible l\u2019acc\u00e8s aux services offerts par le Portail.<\/p>\n<ol start=\"6\">\n<li><strong> Champ d\u2019application de la communication des donn\u00e9es &#8211; Pas de transfert vers des pays non membres de l&rsquo;UE<\/strong><\/li>\n<\/ol>\n<p>Les donn\u00e9es personnelles peuvent \u00eatre divulgu\u00e9es, si cela est n\u00e9cessaire pour la fourniture du service, au personnel de notre soci\u00e9t\u00e9 sp\u00e9cialement d\u00e9sign\u00e9 et autoris\u00e9, ainsi qu\u2019aux personnes suivantes\u00a0:<\/p>\n<ul>\n<li>aux personnes charg\u00e9es de traiter les donn\u00e9es pour le compte de la soci\u00e9t\u00e9 aux m\u00eames fins que celles mentionn\u00e9es ci-dessus, qui sont \u00e0 cet effet d\u00e9sign\u00e9es \u00ab\u00a0sous-traitantes des donn\u00e9es\u00a0\u00bb, conform\u00e9ment \u00e0 l&rsquo;article 28 du r\u00e8glement RGPD\u00a0;<\/li>\n<li>aux soci\u00e9t\u00e9s concessionnaires interconnect\u00e9es, avec lesquelles la soci\u00e9t\u00e9 a conclu des accords sp\u00e9cifiques pour la fourniture du service de gestion et de d\u00e9livrance des autorisations par le biais du Portail, et par lesquelles elle a \u00e9t\u00e9 d\u00e9sign\u00e9e sous-traitante des donn\u00e9es conform\u00e9ment \u00e0 l&rsquo;article 28 du r\u00e8glement RGPD\u00a0;<\/li>\n<li>aux soci\u00e9t\u00e9s qui fournissent des services informatiques et d&rsquo;installation dans le cadre des activit\u00e9s exerc\u00e9es, avec lesquelles la soci\u00e9t\u00e9 a conclu des accords sp\u00e9cifiques en mati\u00e8re de traitement des donn\u00e9es\u00a0;<\/li>\n<li>aux autorit\u00e9s comp\u00e9tentes afin de r\u00e9pondre aux demandes de ces derni\u00e8res et aux obligations l\u00e9gales, ainsi que pour la protection de la soci\u00e9t\u00e9.<\/li>\n<\/ul>\n<p>La liste compl\u00e8te des personnes d\u00e9sign\u00e9es sous-traitantes des donn\u00e9es conform\u00e9ment \u00e0 l&rsquo;article 28 du r\u00e8glement RGPD peut \u00eatre demand\u00e9e \u00e0 la soci\u00e9t\u00e9 en envoyant une demande formelle \u00e0 l&rsquo;adresse \u00e9lectronique\u00a0:\u00a0\u00a0<a href=\"mailto:privacy@satapweb.it\"><strong>privacy@satapweb.it<\/strong><\/a>.<\/p>\n<p>Les donn\u00e9es personnelles ne seront pas divulgu\u00e9es ou communiqu\u00e9es \u00e0 des tiers non autoris\u00e9s.<\/p>\n<p>Les donn\u00e9es personnelles seront g\u00e9r\u00e9es et stock\u00e9es sur des serveurs situ\u00e9s en Italie ou au sein de l\u2019Union europ\u00e9enne et ne seront pas transf\u00e9r\u00e9es en dehors de l\u2019Union europ\u00e9enne.<\/p>\n<ol start=\"7\">\n<li><strong> P\u00e9riode de conservation des donn\u00e9es<\/strong><\/li>\n<\/ol>\n<p>Les donn\u00e9es personnelles collect\u00e9es, en tenant compte \u00e9galement des choix effectu\u00e9s par les personnes concern\u00e9es en mati\u00e8re de suppression ou de r\u00e9vocation en cours de traitement, seront trait\u00e9es pendant une p\u00e9riode correspondant \u00e0 la n\u00e9cessit\u00e9 pour laquelle elles ont \u00e9t\u00e9 collect\u00e9es, dans le respect des dispositions l\u00e9gales ou r\u00e9glementaires applicables ou pendant une p\u00e9riode jug\u00e9e appropri\u00e9e pour assurer les droits de d\u00e9fense en cas de litige ou les obligations fiscales, dans le respect du principe de minimisation conform\u00e9ment \u00e0 l\u2019article 5, paragraphe 1, point c) du R\u00e8glement RGPD.<\/p>\n<ol start=\"8\">\n<li><strong> Responsable &#8211; <em>DPD<\/em><\/strong><\/li>\n<\/ol>\n<p>Le responsable du traitement est la soci\u00e9t\u00e9 SATAP S.p.A., ayant son si\u00e8ge \u00e0 Turin, via Bonzanigo 22 \u2013 10144, qui peut \u00eatre contact\u00e9e \u00e0 l\u2019adresse suivante\u00a0:\u00a0<a href=\"mailto:privacy@satapweb.it\"><strong>privacy@satapweb.it<\/strong><\/a>.<\/p>\n<p>Le responsable a \u00e9galement d\u00e9sign\u00e9 un d\u00e9l\u00e9gu\u00e9 \u00e0 la protection des donn\u00e9es (\u00ab\u00a0DPD\u00a0\u00bb), qui peut \u00eatre contact\u00e9 \u00e0 l&rsquo;adresse suivante\u00a0:\u00a0<a href=\"mailto:dpo@satapweb.it\"><strong>dpo@satapweb.it<\/strong><\/a>.<\/p>\n<ol start=\"9\">\n<li><strong> Droits de la personne concern\u00e9e<\/strong><\/li>\n<\/ol>\n<p>Vous pouvez exercer \u00e0 tout moment les droits pr\u00e9vus \u00e0 l&rsquo;article 13, point b) et aux articles 15, 16, 17, 18 et 20 du r\u00e8glement RGPD en vous adressant aux coordonn\u00e9es indiqu\u00e9es dans la pr\u00e9sente note d&rsquo;information.<\/p>\n<p>En particulier, en tant que personne concern\u00e9e, vous avez le droit de savoir quelles donn\u00e9es \u00e0 caract\u00e8re personnel sont utilis\u00e9es, d\u2019o\u00f9 elles proviennent, d\u2019en v\u00e9rifier l\u2019exactitude ou de demander qu\u2019elles soient compl\u00e9t\u00e9es, mises \u00e0 jour, corrig\u00e9es ou restreintes. Vous avez \u00e9galement le droit de demander la suppression, la transformation sous forme anonyme ou le blocage des donn\u00e9es trait\u00e9es en violation de la loi, ainsi que de vous opposer en tout \u00e9tat de cause, pour des raisons l\u00e9gitimes, \u00e0 leur traitement et de modifier ou de r\u00e9voquer les consentements pr\u00e9c\u00e9demment fournis, sans pr\u00e9judice de la l\u00e9galit\u00e9 du traitement fond\u00e9 sur le consentement donn\u00e9 avant la r\u00e9vocation. Nous vous informons \u00e9galement que vous pouvez vous opposer au traitement de vos donn\u00e9es \u00e0 tout moment, conform\u00e9ment \u00e0 l&rsquo;article 21 du r\u00e8glement RGPD, en envoyant une communication sp\u00e9cifique \u00e0 l\u2019adresse\u00a0<a href=\"mailto:privacy@satapweb.it\"><strong>privacy@satapweb.it<\/strong><\/a>.<\/p>\n<p>&nbsp;<\/p>\n<p>Nous vous informons \u00e9galement que vous avez le droit d\u2019introduire une r\u00e9clamation aupr\u00e8s d\u2019une autorit\u00e9 de contr\u00f4le de la protection des donn\u00e9es, dont vous trouverez les coordonn\u00e9es en cliquant sur le lien suivant <a href=\"http:\/\/www.garanteprivacy.it\/\"><strong>www.garanteprivacy.it<\/strong><\/a><\/p>\n<p>&nbsp;<\/p>\n<p>SATAP S.p.A.<\/p>\n<p style=\"text-align: right;\">Derni\u00e8re mise \u00e0 jour\u00a0: d\u00e9cembre 2025<\/p>\n<p>[\/vc_column_text][\/vc_column][vc_column width=\u00a0\u00bb1\/4&Prime; el_class=\u00a0\u00bbColonnaDestra\u00a0\u00bb][\/vc_column][\/vc_row]<\/p>\n<\/div>","protected":false},"excerpt":{"rendered":"<p>[vc_row full_width=\u00a0\u00bbstretch_row_content_no_spaces\u00a0\u00bb gap=\u00a0\u00bb35&Prime; row_type=\u00a0\u00bbrow\u00a0\u00bb use_row_as_full_screen_section=\u00a0\u00bbno\u00a0\u00bb type=\u00a0\u00bbfull_width\u00a0\u00bb angled_section=\u00a0\u00bbno\u00a0\u00bb text_align=\u00a0\u00bbleft\u00a0\u00bb background_image_as_pattern=\u00a0\u00bbwithout_pattern\u00a0\u00bb el_class=\u00a0\u00bbriga-pad\u00a0\u00bb][vc_column width=\u00a0\u00bb1\/4&Prime; offset=\u00a0\u00bbvc_hidden-sm vc_hidden-xs\u00a0\u00bb el_class=\u00a0\u00bbColonnaSinistra\u00a0\u00bb][\/vc_column][vc_column width=\u00a0\u00bb1\/2&Prime; el_class=\u00a0\u00bbColonnaCentro\u00a0\u00bb][vc_column_text css=\u00a0\u00bb\u00a0\u00bb el_class=\u00a0\u00bbTitoloPagina\u00a0\u00bb] Politique de confidentialit\u00e9 [\/vc_column_text][vc_column_text css=\u00a0\u00bb\u00a0\u00bb]Politique de confidentialit\u00e9 pour les utilisateurs inscrits sur le Portail des transports exceptionnels conform\u00e9ment aux obligations d\u00e9coulant de [&hellip;]<\/p>\n","protected":false},"author":1,"featured_media":0,"parent":0,"menu_order":0,"comment_status":"closed","ping_status":"closed","template":"full-width.php","meta":{"_acf_changed":false,"footnotes":""},"class_list":["post-22040","page","type-page","status-publish","hentry"],"acf":[],"yoast_head":"<!-- This site is optimized with the Yoast SEO plugin v26.5 - https:\/\/yoast.com\/wordpress\/plugins\/seo\/ -->\n<title>Privacy Policy - TECS Portale Trasporti Eccezionali<\/title>\n<meta name=\"description\" content=\"Confidentialit\u00e9 du Portail des transports exceptionnels : la plateforme de r\u00e9f\u00e9rence pour les transports exceptionnels\" \/>\n<meta name=\"robots\" content=\"index, follow, max-snippet:-1, max-image-preview:large, max-video-preview:-1\" \/>\n<link rel=\"canonical\" href=\"https:\/\/www.teonline.it\/fr\/privacy\/\" \/>\n<meta property=\"og:locale\" content=\"fr_FR\" \/>\n<meta property=\"og:type\" content=\"article\" \/>\n<meta property=\"og:title\" content=\"Privacy Policy - TECS Portale Trasporti Eccezionali\" \/>\n<meta property=\"og:description\" content=\"Confidentialit\u00e9 du Portail des transports exceptionnels : la plateforme de r\u00e9f\u00e9rence pour les transports exceptionnels\" \/>\n<meta property=\"og:url\" content=\"https:\/\/www.teonline.it\/fr\/privacy\/\" \/>\n<meta property=\"og:site_name\" content=\"TECS Portale Trasporti Eccezionali\" \/>\n<meta property=\"article:modified_time\" content=\"2026-02-05T13:32:22+00:00\" \/>\n<meta property=\"og:image\" content=\"https:\/\/www.teonline.it\/wp-content\/uploads\/2025\/06\/TECS-Trasporti-Eccezionali-Centro-Servizi-01.jpg\" \/>\n\t<meta property=\"og:image:width\" content=\"1200\" \/>\n\t<meta property=\"og:image:height\" content=\"675\" \/>\n\t<meta property=\"og:image:type\" content=\"image\/jpeg\" \/>\n<meta name=\"twitter:card\" content=\"summary_large_image\" \/>\n<meta name=\"twitter:label1\" content=\"Dur\u00e9e de lecture estim\u00e9e\" \/>\n\t<meta name=\"twitter:data1\" content=\"7 minutes\" \/>\n<script type=\"application\/ld+json\" class=\"yoast-schema-graph\">{\"@context\":\"https:\/\/schema.org\",\"@graph\":[{\"@type\":\"WebPage\",\"@id\":\"https:\/\/www.teonline.it\/fr\/privacy\/\",\"url\":\"https:\/\/www.teonline.it\/fr\/privacy\/\",\"name\":\"Privacy Policy - TECS Portale Trasporti Eccezionali\",\"isPartOf\":{\"@id\":\"https:\/\/www.teonline.it\/fr\/#website\"},\"datePublished\":\"2023-06-12T08:56:59+00:00\",\"dateModified\":\"2026-02-05T13:32:22+00:00\",\"description\":\"Confidentialit\u00e9 du Portail des transports exceptionnels : la plateforme de r\u00e9f\u00e9rence pour les transports exceptionnels\",\"breadcrumb\":{\"@id\":\"https:\/\/www.teonline.it\/fr\/privacy\/#breadcrumb\"},\"inLanguage\":\"fr-FR\",\"potentialAction\":[{\"@type\":\"ReadAction\",\"target\":[\"https:\/\/www.teonline.it\/fr\/privacy\/\"]}]},{\"@type\":\"BreadcrumbList\",\"@id\":\"https:\/\/www.teonline.it\/fr\/privacy\/#breadcrumb\",\"itemListElement\":[{\"@type\":\"ListItem\",\"position\":1,\"name\":\"Home\",\"item\":\"https:\/\/www.teonline.it\/fr\/\"},{\"@type\":\"ListItem\",\"position\":2,\"name\":\"Privacy Policy\"}]},{\"@type\":\"WebSite\",\"@id\":\"https:\/\/www.teonline.it\/fr\/#website\",\"url\":\"https:\/\/www.teonline.it\/fr\/\",\"name\":\"TECS Trasporti Eccezionali Centro Servizi\",\"description\":\"TECS\",\"publisher\":{\"@id\":\"https:\/\/www.teonline.it\/fr\/#organization\"},\"alternateName\":\"TECS\",\"potentialAction\":[{\"@type\":\"SearchAction\",\"target\":{\"@type\":\"EntryPoint\",\"urlTemplate\":\"https:\/\/www.teonline.it\/fr\/?s={search_term_string}\"},\"query-input\":{\"@type\":\"PropertyValueSpecification\",\"valueRequired\":true,\"valueName\":\"search_term_string\"}}],\"inLanguage\":\"fr-FR\"},{\"@type\":\"Organization\",\"@id\":\"https:\/\/www.teonline.it\/fr\/#organization\",\"name\":\"TECS Trasporti Eccezionali Centro Servizi\",\"alternateName\":\"TECS\",\"url\":\"https:\/\/www.teonline.it\/fr\/\",\"logo\":{\"@type\":\"ImageObject\",\"inLanguage\":\"fr-FR\",\"@id\":\"https:\/\/www.teonline.it\/fr\/#\/schema\/logo\/image\/\",\"url\":\"https:\/\/www.teonline.it\/wp-content\/uploads\/2025\/06\/TECS-Trasporti-Eccezionali-Centro-Servizi-02.jpg\",\"contentUrl\":\"https:\/\/www.teonline.it\/wp-content\/uploads\/2025\/06\/TECS-Trasporti-Eccezionali-Centro-Servizi-02.jpg\",\"width\":696,\"height\":696,\"caption\":\"TECS Trasporti Eccezionali Centro Servizi\"},\"image\":{\"@id\":\"https:\/\/www.teonline.it\/fr\/#\/schema\/logo\/image\/\"}}]}<\/script>\n<!-- \/ Yoast SEO plugin. -->","yoast_head_json":{"title":"Privacy Policy - TECS Portale Trasporti Eccezionali","description":"Confidentialit\u00e9 du Portail des transports exceptionnels : la plateforme de r\u00e9f\u00e9rence pour les transports exceptionnels","robots":{"index":"index","follow":"follow","max-snippet":"max-snippet:-1","max-image-preview":"max-image-preview:large","max-video-preview":"max-video-preview:-1"},"canonical":"https:\/\/www.teonline.it\/fr\/privacy\/","og_locale":"fr_FR","og_type":"article","og_title":"Privacy Policy - TECS Portale Trasporti Eccezionali","og_description":"Confidentialit\u00e9 du Portail des transports exceptionnels : la plateforme de r\u00e9f\u00e9rence pour les transports exceptionnels","og_url":"https:\/\/www.teonline.it\/fr\/privacy\/","og_site_name":"TECS Portale Trasporti Eccezionali","article_modified_time":"2026-02-05T13:32:22+00:00","og_image":[{"width":1200,"height":675,"url":"https:\/\/www.teonline.it\/wp-content\/uploads\/2025\/06\/TECS-Trasporti-Eccezionali-Centro-Servizi-01.jpg","type":"image\/jpeg"}],"twitter_card":"summary_large_image","twitter_misc":{"Dur\u00e9e de lecture estim\u00e9e":"7 minutes"},"schema":{"@context":"https:\/\/schema.org","@graph":[{"@type":"WebPage","@id":"https:\/\/www.teonline.it\/fr\/privacy\/","url":"https:\/\/www.teonline.it\/fr\/privacy\/","name":"Privacy Policy - TECS Portale Trasporti Eccezionali","isPartOf":{"@id":"https:\/\/www.teonline.it\/fr\/#website"},"datePublished":"2023-06-12T08:56:59+00:00","dateModified":"2026-02-05T13:32:22+00:00","description":"Confidentialit\u00e9 du Portail des transports exceptionnels : la plateforme de r\u00e9f\u00e9rence pour les transports exceptionnels","breadcrumb":{"@id":"https:\/\/www.teonline.it\/fr\/privacy\/#breadcrumb"},"inLanguage":"fr-FR","potentialAction":[{"@type":"ReadAction","target":["https:\/\/www.teonline.it\/fr\/privacy\/"]}]},{"@type":"BreadcrumbList","@id":"https:\/\/www.teonline.it\/fr\/privacy\/#breadcrumb","itemListElement":[{"@type":"ListItem","position":1,"name":"Home","item":"https:\/\/www.teonline.it\/fr\/"},{"@type":"ListItem","position":2,"name":"Privacy Policy"}]},{"@type":"WebSite","@id":"https:\/\/www.teonline.it\/fr\/#website","url":"https:\/\/www.teonline.it\/fr\/","name":"TECS Trasporti Eccezionali Centro Servizi","description":"TECS","publisher":{"@id":"https:\/\/www.teonline.it\/fr\/#organization"},"alternateName":"TECS","potentialAction":[{"@type":"SearchAction","target":{"@type":"EntryPoint","urlTemplate":"https:\/\/www.teonline.it\/fr\/?s={search_term_string}"},"query-input":{"@type":"PropertyValueSpecification","valueRequired":true,"valueName":"search_term_string"}}],"inLanguage":"fr-FR"},{"@type":"Organization","@id":"https:\/\/www.teonline.it\/fr\/#organization","name":"TECS Trasporti Eccezionali Centro Servizi","alternateName":"TECS","url":"https:\/\/www.teonline.it\/fr\/","logo":{"@type":"ImageObject","inLanguage":"fr-FR","@id":"https:\/\/www.teonline.it\/fr\/#\/schema\/logo\/image\/","url":"https:\/\/www.teonline.it\/wp-content\/uploads\/2025\/06\/TECS-Trasporti-Eccezionali-Centro-Servizi-02.jpg","contentUrl":"https:\/\/www.teonline.it\/wp-content\/uploads\/2025\/06\/TECS-Trasporti-Eccezionali-Centro-Servizi-02.jpg","width":696,"height":696,"caption":"TECS Trasporti Eccezionali Centro Servizi"},"image":{"@id":"https:\/\/www.teonline.it\/fr\/#\/schema\/logo\/image\/"}}]}},"publishpress_future_workflow_manual_trigger":{"enabledWorkflows":[]},"_links":{"self":[{"href":"https:\/\/www.teonline.it\/fr\/wp-json\/wp\/v2\/pages\/22040","targetHints":{"allow":["GET"]}}],"collection":[{"href":"https:\/\/www.teonline.it\/fr\/wp-json\/wp\/v2\/pages"}],"about":[{"href":"https:\/\/www.teonline.it\/fr\/wp-json\/wp\/v2\/types\/page"}],"author":[{"embeddable":true,"href":"https:\/\/www.teonline.it\/fr\/wp-json\/wp\/v2\/users\/1"}],"replies":[{"embeddable":true,"href":"https:\/\/www.teonline.it\/fr\/wp-json\/wp\/v2\/comments?post=22040"}],"version-history":[{"count":3,"href":"https:\/\/www.teonline.it\/fr\/wp-json\/wp\/v2\/pages\/22040\/revisions"}],"predecessor-version":[{"id":22049,"href":"https:\/\/www.teonline.it\/fr\/wp-json\/wp\/v2\/pages\/22040\/revisions\/22049"}],"wp:attachment":[{"href":"https:\/\/www.teonline.it\/fr\/wp-json\/wp\/v2\/media?parent=22040"}],"curies":[{"name":"wp","href":"https:\/\/api.w.org\/{rel}","templated":true}]}}