{"id":21996,"date":"2026-01-07T09:55:05","date_gmt":"2026-01-07T08:55:05","guid":{"rendered":"https:\/\/www.teonline.it\/calendario-limitazioni\/"},"modified":"2026-05-08T12:21:49","modified_gmt":"2026-05-08T10:21:49","slug":"calendrier-des-restrictions","status":"publish","type":"page","link":"https:\/\/www.teonline.it\/fr\/calendrier-des-restrictions\/","title":{"rendered":"Calendrier des restrictions"},"content":{"rendered":"<div class=\"wpb-content-wrapper\"><p>[vc_row full_width=\u00a0\u00bbstretch_row_content_no_spaces\u00a0\u00bb gap=\u00a0\u00bb35&Prime; row_type=\u00a0\u00bbrow\u00a0\u00bb use_row_as_full_screen_section=\u00a0\u00bbno\u00a0\u00bb type=\u00a0\u00bbfull_width\u00a0\u00bb angled_section=\u00a0\u00bbno\u00a0\u00bb text_align=\u00a0\u00bbleft\u00a0\u00bb background_image_as_pattern=\u00a0\u00bbwithout_pattern\u00a0\u00bb el_class=\u00a0\u00bbriga-pad\u00a0\u00bb][vc_column width=\u00a0\u00bb1\/4&Prime; offset=\u00a0\u00bbvc_hidden-sm vc_hidden-xs\u00a0\u00bb el_class=\u00a0\u00bbColonnaSinistra\u00a0\u00bb][vc_widget_sidebar sidebar_id=\u00a0\u00bbmenu-informazioni\u00a0\u00bb][\/vc_column][vc_column width=\u00a0\u00bb1\/2&Prime; el_class=\u00a0\u00bbColonnaCentro\u00a0\u00bb][vc_column_text css=\u00a0\u00bb\u00a0\u00bb el_class=\u00a0\u00bbTitoloPagina\u00a0\u00bb]<\/p>\n<h1>Calendrier des restrictions<\/h1>\n<p>[\/vc_column_text][vc_raw_html css=\u00a0\u00bb\u00a0\u00bb]JTVCTVJMaXN0YUZpbGUlNUQ=[\/vc_raw_html][vc_empty_space][vc_column_text css=\u00a0\u00bb\u00a0\u00bb]Pour consulter d&rsquo;autres calendriers, veuillez vous r\u00e9f\u00e9rer aux sites Web des concessionnaires.[\/vc_column_text][\/vc_column][vc_column width=\u00a0\u00bb1\/4&Prime; el_class=\u00a0\u00bbColonnaDestra\u00a0\u00bb][\/vc_column][\/vc_row]<\/p>\n<\/div>","protected":false},"excerpt":{"rendered":"<p>[vc_row full_width=\u00a0\u00bbstretch_row_content_no_spaces\u00a0\u00bb gap=\u00a0\u00bb35&Prime; row_type=\u00a0\u00bbrow\u00a0\u00bb use_row_as_full_screen_section=\u00a0\u00bbno\u00a0\u00bb type=\u00a0\u00bbfull_width\u00a0\u00bb angled_section=\u00a0\u00bbno\u00a0\u00bb text_align=\u00a0\u00bbleft\u00a0\u00bb background_image_as_pattern=\u00a0\u00bbwithout_pattern\u00a0\u00bb el_class=\u00a0\u00bbriga-pad\u00a0\u00bb][vc_column width=\u00a0\u00bb1\/4&Prime; offset=\u00a0\u00bbvc_hidden-sm vc_hidden-xs\u00a0\u00bb el_class=\u00a0\u00bbColonnaSinistra\u00a0\u00bb][vc_widget_sidebar sidebar_id=\u00a0\u00bbmenu-informazioni\u00a0\u00bb][\/vc_column][vc_column width=\u00a0\u00bb1\/2&Prime; el_class=\u00a0\u00bbColonnaCentro\u00a0\u00bb][vc_column_text css=\u00a0\u00bb\u00a0\u00bb el_class=\u00a0\u00bbTitoloPagina\u00a0\u00bb] Calendrier des restrictions [\/vc_column_text][vc_raw_html css=\u00a0\u00bb\u00a0\u00bb]JTVCTVJMaXN0YUZpbGUlNUQ=[\/vc_raw_html][vc_empty_space][vc_column_text css=\u00a0\u00bb\u00a0\u00bb]Pour consulter d&rsquo;autres calendriers, veuillez vous r\u00e9f\u00e9rer aux sites Web des concessionnaires.[\/vc_column_text][\/vc_column][vc_column width=\u00a0\u00bb1\/4&Prime; el_class=\u00a0\u00bbColonnaDestra\u00a0\u00bb][\/vc_column][\/vc_row]<\/p>\n","protected":false},"author":2,"featured_media":0,"parent":0,"menu_order":0,"comment_status":"closed","ping_status":"closed","template":"full-width.php","meta":{"_acf_changed":false,"footnotes":""},"class_list":["post-21996","page","type-page","status-publish","hentry"],"acf":[],"yoast_head":"<!-- This site is optimized with the Yoast SEO plugin v26.5 - https:\/\/yoast.com\/wordpress\/plugins\/seo\/ -->\n<title>Calendrier des restrictions - TECS Portale Trasporti Eccezionali<\/title>\n<meta name=\"description\" content=\"Calendrier des restrictions pour les poids lourds pour l&#039;ann\u00e9e 2026 du portail TECS : la plateforme de r\u00e9f\u00e9rence pour les transports exceptionnels\" \/>\n<meta name=\"robots\" content=\"index, follow, max-snippet:-1, max-image-preview:large, max-video-preview:-1\" \/>\n<link rel=\"canonical\" href=\"https:\/\/www.teonline.it\/fr\/calendrier-des-restrictions\/\" \/>\n<meta property=\"og:locale\" content=\"fr_FR\" \/>\n<meta property=\"og:type\" content=\"article\" \/>\n<meta property=\"og:title\" content=\"Calendrier des restrictions - TECS Portale Trasporti Eccezionali\" \/>\n<meta property=\"og:description\" content=\"Calendrier des restrictions pour les poids lourds pour l&#039;ann\u00e9e 2026 du portail TECS : la plateforme de r\u00e9f\u00e9rence pour les transports exceptionnels\" \/>\n<meta property=\"og:url\" content=\"https:\/\/www.teonline.it\/fr\/calendrier-des-restrictions\/\" \/>\n<meta property=\"og:site_name\" content=\"TECS Portale Trasporti Eccezionali\" \/>\n<meta property=\"article:modified_time\" content=\"2026-05-08T10:21:49+00:00\" \/>\n<meta property=\"og:image\" content=\"https:\/\/www.teonline.it\/wp-content\/uploads\/2025\/06\/TECS-Trasporti-Eccezionali-Centro-Servizi-01.jpg\" \/>\n\t<meta property=\"og:image:width\" content=\"1200\" \/>\n\t<meta property=\"og:image:height\" content=\"675\" \/>\n\t<meta property=\"og:image:type\" content=\"image\/jpeg\" \/>\n<meta name=\"twitter:card\" content=\"summary_large_image\" \/>\n<meta name=\"twitter:label1\" content=\"Dur\u00e9e de lecture estim\u00e9e\" \/>\n\t<meta name=\"twitter:data1\" content=\"1 minute\" \/>\n<script type=\"application\/ld+json\" class=\"yoast-schema-graph\">{\"@context\":\"https:\/\/schema.org\",\"@graph\":[{\"@type\":\"WebPage\",\"@id\":\"https:\/\/www.teonline.it\/fr\/calendrier-des-restrictions\/\",\"url\":\"https:\/\/www.teonline.it\/fr\/calendrier-des-restrictions\/\",\"name\":\"Calendrier des restrictions - TECS Portale Trasporti Eccezionali\",\"isPartOf\":{\"@id\":\"https:\/\/www.teonline.it\/fr\/#website\"},\"datePublished\":\"2026-01-07T08:55:05+00:00\",\"dateModified\":\"2026-05-08T10:21:49+00:00\",\"description\":\"Calendrier des restrictions pour les poids lourds pour l'ann\u00e9e 2026 du portail TECS : la plateforme de r\u00e9f\u00e9rence pour les transports exceptionnels\",\"breadcrumb\":{\"@id\":\"https:\/\/www.teonline.it\/fr\/calendrier-des-restrictions\/#breadcrumb\"},\"inLanguage\":\"fr-FR\",\"potentialAction\":[{\"@type\":\"ReadAction\",\"target\":[\"https:\/\/www.teonline.it\/fr\/calendrier-des-restrictions\/\"]}]},{\"@type\":\"BreadcrumbList\",\"@id\":\"https:\/\/www.teonline.it\/fr\/calendrier-des-restrictions\/#breadcrumb\",\"itemListElement\":[{\"@type\":\"ListItem\",\"position\":1,\"name\":\"Home\",\"item\":\"https:\/\/www.teonline.it\/fr\/\"},{\"@type\":\"ListItem\",\"position\":2,\"name\":\"Calendrier des restrictions\"}]},{\"@type\":\"WebSite\",\"@id\":\"https:\/\/www.teonline.it\/fr\/#website\",\"url\":\"https:\/\/www.teonline.it\/fr\/\",\"name\":\"TECS Trasporti Eccezionali Centro Servizi\",\"description\":\"TECS\",\"publisher\":{\"@id\":\"https:\/\/www.teonline.it\/fr\/#organization\"},\"alternateName\":\"TECS\",\"potentialAction\":[{\"@type\":\"SearchAction\",\"target\":{\"@type\":\"EntryPoint\",\"urlTemplate\":\"https:\/\/www.teonline.it\/fr\/?s={search_term_string}\"},\"query-input\":{\"@type\":\"PropertyValueSpecification\",\"valueRequired\":true,\"valueName\":\"search_term_string\"}}],\"inLanguage\":\"fr-FR\"},{\"@type\":\"Organization\",\"@id\":\"https:\/\/www.teonline.it\/fr\/#organization\",\"name\":\"TECS Trasporti Eccezionali Centro Servizi\",\"alternateName\":\"TECS\",\"url\":\"https:\/\/www.teonline.it\/fr\/\",\"logo\":{\"@type\":\"ImageObject\",\"inLanguage\":\"fr-FR\",\"@id\":\"https:\/\/www.teonline.it\/fr\/#\/schema\/logo\/image\/\",\"url\":\"https:\/\/www.teonline.it\/wp-content\/uploads\/2025\/06\/TECS-Trasporti-Eccezionali-Centro-Servizi-02.jpg\",\"contentUrl\":\"https:\/\/www.teonline.it\/wp-content\/uploads\/2025\/06\/TECS-Trasporti-Eccezionali-Centro-Servizi-02.jpg\",\"width\":696,\"height\":696,\"caption\":\"TECS Trasporti Eccezionali Centro Servizi\"},\"image\":{\"@id\":\"https:\/\/www.teonline.it\/fr\/#\/schema\/logo\/image\/\"}}]}<\/script>\n<!-- \/ Yoast SEO plugin. -->","yoast_head_json":{"title":"Calendrier des restrictions - TECS Portale Trasporti Eccezionali","description":"Calendrier des restrictions pour les poids lourds pour l'ann\u00e9e 2026 du portail TECS : la plateforme de r\u00e9f\u00e9rence pour les transports exceptionnels","robots":{"index":"index","follow":"follow","max-snippet":"max-snippet:-1","max-image-preview":"max-image-preview:large","max-video-preview":"max-video-preview:-1"},"canonical":"https:\/\/www.teonline.it\/fr\/calendrier-des-restrictions\/","og_locale":"fr_FR","og_type":"article","og_title":"Calendrier des restrictions - TECS Portale Trasporti Eccezionali","og_description":"Calendrier des restrictions pour les poids lourds pour l'ann\u00e9e 2026 du portail TECS : la plateforme de r\u00e9f\u00e9rence pour les transports exceptionnels","og_url":"https:\/\/www.teonline.it\/fr\/calendrier-des-restrictions\/","og_site_name":"TECS Portale Trasporti Eccezionali","article_modified_time":"2026-05-08T10:21:49+00:00","og_image":[{"width":1200,"height":675,"url":"https:\/\/www.teonline.it\/wp-content\/uploads\/2025\/06\/TECS-Trasporti-Eccezionali-Centro-Servizi-01.jpg","type":"image\/jpeg"}],"twitter_card":"summary_large_image","twitter_misc":{"Dur\u00e9e de lecture estim\u00e9e":"1 minute"},"schema":{"@context":"https:\/\/schema.org","@graph":[{"@type":"WebPage","@id":"https:\/\/www.teonline.it\/fr\/calendrier-des-restrictions\/","url":"https:\/\/www.teonline.it\/fr\/calendrier-des-restrictions\/","name":"Calendrier des restrictions - TECS Portale Trasporti Eccezionali","isPartOf":{"@id":"https:\/\/www.teonline.it\/fr\/#website"},"datePublished":"2026-01-07T08:55:05+00:00","dateModified":"2026-05-08T10:21:49+00:00","description":"Calendrier des restrictions pour les poids lourds pour l'ann\u00e9e 2026 du portail TECS : la plateforme de r\u00e9f\u00e9rence pour les transports exceptionnels","breadcrumb":{"@id":"https:\/\/www.teonline.it\/fr\/calendrier-des-restrictions\/#breadcrumb"},"inLanguage":"fr-FR","potentialAction":[{"@type":"ReadAction","target":["https:\/\/www.teonline.it\/fr\/calendrier-des-restrictions\/"]}]},{"@type":"BreadcrumbList","@id":"https:\/\/www.teonline.it\/fr\/calendrier-des-restrictions\/#breadcrumb","itemListElement":[{"@type":"ListItem","position":1,"name":"Home","item":"https:\/\/www.teonline.it\/fr\/"},{"@type":"ListItem","position":2,"name":"Calendrier des restrictions"}]},{"@type":"WebSite","@id":"https:\/\/www.teonline.it\/fr\/#website","url":"https:\/\/www.teonline.it\/fr\/","name":"TECS Trasporti Eccezionali Centro Servizi","description":"TECS","publisher":{"@id":"https:\/\/www.teonline.it\/fr\/#organization"},"alternateName":"TECS","potentialAction":[{"@type":"SearchAction","target":{"@type":"EntryPoint","urlTemplate":"https:\/\/www.teonline.it\/fr\/?s={search_term_string}"},"query-input":{"@type":"PropertyValueSpecification","valueRequired":true,"valueName":"search_term_string"}}],"inLanguage":"fr-FR"},{"@type":"Organization","@id":"https:\/\/www.teonline.it\/fr\/#organization","name":"TECS Trasporti Eccezionali Centro Servizi","alternateName":"TECS","url":"https:\/\/www.teonline.it\/fr\/","logo":{"@type":"ImageObject","inLanguage":"fr-FR","@id":"https:\/\/www.teonline.it\/fr\/#\/schema\/logo\/image\/","url":"https:\/\/www.teonline.it\/wp-content\/uploads\/2025\/06\/TECS-Trasporti-Eccezionali-Centro-Servizi-02.jpg","contentUrl":"https:\/\/www.teonline.it\/wp-content\/uploads\/2025\/06\/TECS-Trasporti-Eccezionali-Centro-Servizi-02.jpg","width":696,"height":696,"caption":"TECS Trasporti Eccezionali Centro Servizi"},"image":{"@id":"https:\/\/www.teonline.it\/fr\/#\/schema\/logo\/image\/"}}]}},"publishpress_future_workflow_manual_trigger":{"enabledWorkflows":[]},"_links":{"self":[{"href":"https:\/\/www.teonline.it\/fr\/wp-json\/wp\/v2\/pages\/21996","targetHints":{"allow":["GET"]}}],"collection":[{"href":"https:\/\/www.teonline.it\/fr\/wp-json\/wp\/v2\/pages"}],"about":[{"href":"https:\/\/www.teonline.it\/fr\/wp-json\/wp\/v2\/types\/page"}],"author":[{"embeddable":true,"href":"https:\/\/www.teonline.it\/fr\/wp-json\/wp\/v2\/users\/2"}],"replies":[{"embeddable":true,"href":"https:\/\/www.teonline.it\/fr\/wp-json\/wp\/v2\/comments?post=21996"}],"version-history":[{"count":6,"href":"https:\/\/www.teonline.it\/fr\/wp-json\/wp\/v2\/pages\/21996\/revisions"}],"predecessor-version":[{"id":22136,"href":"https:\/\/www.teonline.it\/fr\/wp-json\/wp\/v2\/pages\/21996\/revisions\/22136"}],"wp:attachment":[{"href":"https:\/\/www.teonline.it\/fr\/wp-json\/wp\/v2\/media?parent=21996"}],"curies":[{"name":"wp","href":"https:\/\/api.w.org\/{rel}","templated":true}]}}