{"id":21994,"date":"2025-06-20T13:06:17","date_gmt":"2025-06-20T11:06:17","guid":{"rendered":"https:\/\/www.teonline.it\/normativa\/"},"modified":"2026-02-04T13:28:05","modified_gmt":"2026-02-04T12:28:05","slug":"reglementation","status":"publish","type":"page","link":"https:\/\/www.teonline.it\/fr\/reglementation\/","title":{"rendered":"R\u00e9glementation"},"content":{"rendered":"<div class=\"wpb-content-wrapper\"><p>[vc_row full_width=\u00a0\u00bbstretch_row_content_no_spaces\u00a0\u00bb gap=\u00a0\u00bb35&Prime; row_type=\u00a0\u00bbrow\u00a0\u00bb use_row_as_full_screen_section=\u00a0\u00bbno\u00a0\u00bb type=\u00a0\u00bbfull_width\u00a0\u00bb angled_section=\u00a0\u00bbno\u00a0\u00bb text_align=\u00a0\u00bbleft\u00a0\u00bb background_image_as_pattern=\u00a0\u00bbwithout_pattern\u00a0\u00bb el_class=\u00a0\u00bbriga-pad\u00a0\u00bb][vc_column width=\u00a0\u00bb1\/4&Prime; offset=\u00a0\u00bbvc_hidden-sm vc_hidden-xs\u00a0\u00bb el_class=\u00a0\u00bbColonnaSinistra\u00a0\u00bb][vc_widget_sidebar sidebar_id=\u00a0\u00bbmenu-informazioni\u00a0\u00bb][\/vc_column][vc_column width=\u00a0\u00bb1\/2&Prime; el_class=\u00a0\u00bbColonnaCentro\u00a0\u00bb][vc_column_text css=\u00a0\u00bb\u00a0\u00bb el_class=\u00a0\u00bbTitoloPagina\u00a0\u00bb]<\/p>\n<h1>R\u00e9glementation<\/h1>\n<p>[\/vc_column_text][vc_column_text css=\u00a0\u00bb\u00a0\u00bb]<\/p>\n<h2>Nouveau Code de la route<\/h2>\n<p><em>D\u00e9cret l\u00e9gislatif 30 avril 1992, n\u00b0 285<\/em><\/p>\n<ul class=\"elenco-normativa\">\n<li><strong>Art. 10<\/strong>\u00a0V\u00e9hicules exceptionnels et transports dans des conditions exceptionnelles<\/li>\n<li><strong>Art. 34<\/strong>\u00a0Frais suppl\u00e9mentaires \u00e0 la charge des engins de chantier<\/li>\n<li><strong>Art. 54<\/strong>\u00a0Classification des v\u00e9hicules automobiles<\/li>\n<li><strong>Art. 61<\/strong>\u00a0Limites de gabarit<\/li>\n<li><strong>Art. 62<\/strong>\u00a0Limites de masse<\/li>\n<li><strong>Art. 175<\/strong>\u00a0Conditions et restrictions de circulation sur les autoroutes<\/li>\n<\/ul>\n<p>&nbsp;<\/p>\n<h2>R\u00e8glement d\u2019ex\u00e9cution et d\u2019application<\/h2>\n<p><em>Nouveau Code de la route D\u00e9cret pr\u00e9sidentiel 16 d\u00e9cembre 1992, n\u00b0 495<\/em><\/p>\n<ul class=\"elenco-normativa\">\n<li><strong>Art. 9<\/strong>\u00a0V\u00e9hicules exceptionnels et v\u00e9hicules utilis\u00e9s pour des transports exceptionnels<\/li>\n<li><strong>Art. 10<\/strong>\u00a0V\u00e9hicules qualifi\u00e9s d\u2019engins de chantier<\/li>\n<li><strong>Art. 11<\/strong>\u00a0Dispositifs de signalisation visuelle<\/li>\n<li><strong>Art. 12<\/strong>\u00a0V\u00e9hicules utilis\u00e9s pour le d\u00e9pannage ou l&rsquo;enl\u00e8vement de v\u00e9hicules<\/li>\n<li><strong>Art. 13<\/strong>\u00a0Types de v\u00e9hicules autoris\u00e9s \u00e0 circuler pour les v\u00e9hicules et transports exceptionnels<\/li>\n<li><strong>Art. 14<\/strong>\u00a0Demandes d&rsquo;autorisation<\/li>\n<li><strong>Art. 15<\/strong>\u00a0Demandes de renouvellement et de prorogation<\/li>\n<li><strong>Art. 16<\/strong>\u00a0Mesure d&rsquo;autorisation<\/li>\n<li><strong>Art. 17<\/strong>\u00a0Dur\u00e9e des autorisations<\/li>\n<li><strong>Art. 18<\/strong>\u00a0Indemnisation<\/li>\n<li><strong>Art. 19<\/strong>\u00a0Frais \u00e0 la charge du demandeur<\/li>\n<li><strong>Art. 216<\/strong>\u00a0Longueur maximale<\/li>\n<li><strong>Art. 218<\/strong>\u00a0Masse limite sur les essieux<\/li>\n<\/ul>\n<p>&nbsp;<\/p>\n<h2>Directives minist\u00e9rielles<\/h2>\n<ul class=\"elenco-normativa\">\n<li>Protocole n\u00b0\u00a0<strong>3911\/2013<\/strong><\/li>\n<li>Protocole n\u00b0\u00a0<strong>4214\/2014<\/strong><\/li>\n<\/ul>\n<p>[\/vc_column_text][\/vc_column][vc_column width=\u00a0\u00bb1\/4&Prime; el_class=\u00a0\u00bbColonnaDestra\u00a0\u00bb][\/vc_column][\/vc_row]<\/p>\n<\/div>","protected":false},"excerpt":{"rendered":"<p>[vc_row full_width=\u00a0\u00bbstretch_row_content_no_spaces\u00a0\u00bb gap=\u00a0\u00bb35&Prime; row_type=\u00a0\u00bbrow\u00a0\u00bb use_row_as_full_screen_section=\u00a0\u00bbno\u00a0\u00bb type=\u00a0\u00bbfull_width\u00a0\u00bb angled_section=\u00a0\u00bbno\u00a0\u00bb text_align=\u00a0\u00bbleft\u00a0\u00bb background_image_as_pattern=\u00a0\u00bbwithout_pattern\u00a0\u00bb el_class=\u00a0\u00bbriga-pad\u00a0\u00bb][vc_column width=\u00a0\u00bb1\/4&Prime; offset=\u00a0\u00bbvc_hidden-sm vc_hidden-xs\u00a0\u00bb el_class=\u00a0\u00bbColonnaSinistra\u00a0\u00bb][vc_widget_sidebar sidebar_id=\u00a0\u00bbmenu-informazioni\u00a0\u00bb][\/vc_column][vc_column width=\u00a0\u00bb1\/2&Prime; el_class=\u00a0\u00bbColonnaCentro\u00a0\u00bb][vc_column_text css=\u00a0\u00bb\u00a0\u00bb el_class=\u00a0\u00bbTitoloPagina\u00a0\u00bb] R\u00e9glementation [\/vc_column_text][vc_column_text css=\u00a0\u00bb\u00a0\u00bb] Nouveau Code de la route D\u00e9cret l\u00e9gislatif 30 avril 1992, n\u00b0 285 Art. 10\u00a0V\u00e9hicules exceptionnels et transports dans [&hellip;]<\/p>\n","protected":false},"author":2,"featured_media":0,"parent":0,"menu_order":0,"comment_status":"closed","ping_status":"closed","template":"full-width.php","meta":{"_acf_changed":false,"footnotes":""},"class_list":["post-21994","page","type-page","status-publish","hentry"],"acf":[],"yoast_head":"<!-- This site is optimized with the Yoast SEO plugin v26.5 - https:\/\/yoast.com\/wordpress\/plugins\/seo\/ -->\n<title>R\u00e9glementation - TECS Portale Trasporti Eccezionali<\/title>\n<meta name=\"description\" content=\"R\u00e9glementation de r\u00e9f\u00e9rence pour le Portail TECS - Transports exceptionnels\" \/>\n<meta name=\"robots\" content=\"index, follow, max-snippet:-1, max-image-preview:large, max-video-preview:-1\" \/>\n<link rel=\"canonical\" href=\"https:\/\/www.teonline.it\/fr\/reglementation\/\" \/>\n<meta property=\"og:locale\" content=\"fr_FR\" \/>\n<meta property=\"og:type\" content=\"article\" \/>\n<meta property=\"og:title\" content=\"R\u00e9glementation - TECS Portale Trasporti Eccezionali\" \/>\n<meta property=\"og:description\" content=\"R\u00e9glementation de r\u00e9f\u00e9rence pour le Portail TECS - Transports exceptionnels\" \/>\n<meta property=\"og:url\" content=\"https:\/\/www.teonline.it\/fr\/reglementation\/\" \/>\n<meta property=\"og:site_name\" content=\"TECS Portale Trasporti Eccezionali\" \/>\n<meta property=\"article:modified_time\" content=\"2026-02-04T12:28:05+00:00\" \/>\n<meta property=\"og:image\" content=\"https:\/\/www.teonline.it\/wp-content\/uploads\/2025\/06\/TECS-Trasporti-Eccezionali-Centro-Servizi-01.jpg\" \/>\n\t<meta property=\"og:image:width\" content=\"1200\" \/>\n\t<meta property=\"og:image:height\" content=\"675\" \/>\n\t<meta property=\"og:image:type\" content=\"image\/jpeg\" \/>\n<meta name=\"twitter:card\" content=\"summary_large_image\" \/>\n<meta name=\"twitter:label1\" content=\"Dur\u00e9e de lecture estim\u00e9e\" \/>\n\t<meta name=\"twitter:data1\" content=\"2 minutes\" \/>\n<script type=\"application\/ld+json\" class=\"yoast-schema-graph\">{\"@context\":\"https:\/\/schema.org\",\"@graph\":[{\"@type\":\"WebPage\",\"@id\":\"https:\/\/www.teonline.it\/fr\/reglementation\/\",\"url\":\"https:\/\/www.teonline.it\/fr\/reglementation\/\",\"name\":\"R\u00e9glementation - TECS Portale Trasporti Eccezionali\",\"isPartOf\":{\"@id\":\"https:\/\/www.teonline.it\/fr\/#website\"},\"datePublished\":\"2025-06-20T11:06:17+00:00\",\"dateModified\":\"2026-02-04T12:28:05+00:00\",\"description\":\"R\u00e9glementation de r\u00e9f\u00e9rence pour le Portail TECS - Transports exceptionnels\",\"breadcrumb\":{\"@id\":\"https:\/\/www.teonline.it\/fr\/reglementation\/#breadcrumb\"},\"inLanguage\":\"fr-FR\",\"potentialAction\":[{\"@type\":\"ReadAction\",\"target\":[\"https:\/\/www.teonline.it\/fr\/reglementation\/\"]}]},{\"@type\":\"BreadcrumbList\",\"@id\":\"https:\/\/www.teonline.it\/fr\/reglementation\/#breadcrumb\",\"itemListElement\":[{\"@type\":\"ListItem\",\"position\":1,\"name\":\"Home\",\"item\":\"https:\/\/www.teonline.it\/fr\/\"},{\"@type\":\"ListItem\",\"position\":2,\"name\":\"R\u00e9glementation\"}]},{\"@type\":\"WebSite\",\"@id\":\"https:\/\/www.teonline.it\/fr\/#website\",\"url\":\"https:\/\/www.teonline.it\/fr\/\",\"name\":\"TECS Trasporti Eccezionali Centro Servizi\",\"description\":\"TECS\",\"publisher\":{\"@id\":\"https:\/\/www.teonline.it\/fr\/#organization\"},\"alternateName\":\"TECS\",\"potentialAction\":[{\"@type\":\"SearchAction\",\"target\":{\"@type\":\"EntryPoint\",\"urlTemplate\":\"https:\/\/www.teonline.it\/fr\/?s={search_term_string}\"},\"query-input\":{\"@type\":\"PropertyValueSpecification\",\"valueRequired\":true,\"valueName\":\"search_term_string\"}}],\"inLanguage\":\"fr-FR\"},{\"@type\":\"Organization\",\"@id\":\"https:\/\/www.teonline.it\/fr\/#organization\",\"name\":\"TECS Trasporti Eccezionali Centro Servizi\",\"alternateName\":\"TECS\",\"url\":\"https:\/\/www.teonline.it\/fr\/\",\"logo\":{\"@type\":\"ImageObject\",\"inLanguage\":\"fr-FR\",\"@id\":\"https:\/\/www.teonline.it\/fr\/#\/schema\/logo\/image\/\",\"url\":\"https:\/\/www.teonline.it\/wp-content\/uploads\/2025\/06\/TECS-Trasporti-Eccezionali-Centro-Servizi-02.jpg\",\"contentUrl\":\"https:\/\/www.teonline.it\/wp-content\/uploads\/2025\/06\/TECS-Trasporti-Eccezionali-Centro-Servizi-02.jpg\",\"width\":696,\"height\":696,\"caption\":\"TECS Trasporti Eccezionali Centro Servizi\"},\"image\":{\"@id\":\"https:\/\/www.teonline.it\/fr\/#\/schema\/logo\/image\/\"}}]}<\/script>\n<!-- \/ Yoast SEO plugin. -->","yoast_head_json":{"title":"R\u00e9glementation - TECS Portale Trasporti Eccezionali","description":"R\u00e9glementation de r\u00e9f\u00e9rence pour le Portail TECS - Transports exceptionnels","robots":{"index":"index","follow":"follow","max-snippet":"max-snippet:-1","max-image-preview":"max-image-preview:large","max-video-preview":"max-video-preview:-1"},"canonical":"https:\/\/www.teonline.it\/fr\/reglementation\/","og_locale":"fr_FR","og_type":"article","og_title":"R\u00e9glementation - TECS Portale Trasporti Eccezionali","og_description":"R\u00e9glementation de r\u00e9f\u00e9rence pour le Portail TECS - Transports exceptionnels","og_url":"https:\/\/www.teonline.it\/fr\/reglementation\/","og_site_name":"TECS Portale Trasporti Eccezionali","article_modified_time":"2026-02-04T12:28:05+00:00","og_image":[{"width":1200,"height":675,"url":"https:\/\/www.teonline.it\/wp-content\/uploads\/2025\/06\/TECS-Trasporti-Eccezionali-Centro-Servizi-01.jpg","type":"image\/jpeg"}],"twitter_card":"summary_large_image","twitter_misc":{"Dur\u00e9e de lecture estim\u00e9e":"2 minutes"},"schema":{"@context":"https:\/\/schema.org","@graph":[{"@type":"WebPage","@id":"https:\/\/www.teonline.it\/fr\/reglementation\/","url":"https:\/\/www.teonline.it\/fr\/reglementation\/","name":"R\u00e9glementation - TECS Portale Trasporti Eccezionali","isPartOf":{"@id":"https:\/\/www.teonline.it\/fr\/#website"},"datePublished":"2025-06-20T11:06:17+00:00","dateModified":"2026-02-04T12:28:05+00:00","description":"R\u00e9glementation de r\u00e9f\u00e9rence pour le Portail TECS - Transports exceptionnels","breadcrumb":{"@id":"https:\/\/www.teonline.it\/fr\/reglementation\/#breadcrumb"},"inLanguage":"fr-FR","potentialAction":[{"@type":"ReadAction","target":["https:\/\/www.teonline.it\/fr\/reglementation\/"]}]},{"@type":"BreadcrumbList","@id":"https:\/\/www.teonline.it\/fr\/reglementation\/#breadcrumb","itemListElement":[{"@type":"ListItem","position":1,"name":"Home","item":"https:\/\/www.teonline.it\/fr\/"},{"@type":"ListItem","position":2,"name":"R\u00e9glementation"}]},{"@type":"WebSite","@id":"https:\/\/www.teonline.it\/fr\/#website","url":"https:\/\/www.teonline.it\/fr\/","name":"TECS Trasporti Eccezionali Centro Servizi","description":"TECS","publisher":{"@id":"https:\/\/www.teonline.it\/fr\/#organization"},"alternateName":"TECS","potentialAction":[{"@type":"SearchAction","target":{"@type":"EntryPoint","urlTemplate":"https:\/\/www.teonline.it\/fr\/?s={search_term_string}"},"query-input":{"@type":"PropertyValueSpecification","valueRequired":true,"valueName":"search_term_string"}}],"inLanguage":"fr-FR"},{"@type":"Organization","@id":"https:\/\/www.teonline.it\/fr\/#organization","name":"TECS Trasporti Eccezionali Centro Servizi","alternateName":"TECS","url":"https:\/\/www.teonline.it\/fr\/","logo":{"@type":"ImageObject","inLanguage":"fr-FR","@id":"https:\/\/www.teonline.it\/fr\/#\/schema\/logo\/image\/","url":"https:\/\/www.teonline.it\/wp-content\/uploads\/2025\/06\/TECS-Trasporti-Eccezionali-Centro-Servizi-02.jpg","contentUrl":"https:\/\/www.teonline.it\/wp-content\/uploads\/2025\/06\/TECS-Trasporti-Eccezionali-Centro-Servizi-02.jpg","width":696,"height":696,"caption":"TECS Trasporti Eccezionali Centro Servizi"},"image":{"@id":"https:\/\/www.teonline.it\/fr\/#\/schema\/logo\/image\/"}}]}},"publishpress_future_workflow_manual_trigger":{"enabledWorkflows":[]},"_links":{"self":[{"href":"https:\/\/www.teonline.it\/fr\/wp-json\/wp\/v2\/pages\/21994","targetHints":{"allow":["GET"]}}],"collection":[{"href":"https:\/\/www.teonline.it\/fr\/wp-json\/wp\/v2\/pages"}],"about":[{"href":"https:\/\/www.teonline.it\/fr\/wp-json\/wp\/v2\/types\/page"}],"author":[{"embeddable":true,"href":"https:\/\/www.teonline.it\/fr\/wp-json\/wp\/v2\/users\/2"}],"replies":[{"embeddable":true,"href":"https:\/\/www.teonline.it\/fr\/wp-json\/wp\/v2\/comments?post=21994"}],"version-history":[{"count":1,"href":"https:\/\/www.teonline.it\/fr\/wp-json\/wp\/v2\/pages\/21994\/revisions"}],"predecessor-version":[{"id":21995,"href":"https:\/\/www.teonline.it\/fr\/wp-json\/wp\/v2\/pages\/21994\/revisions\/21995"}],"wp:attachment":[{"href":"https:\/\/www.teonline.it\/fr\/wp-json\/wp\/v2\/media?parent=21994"}],"curies":[{"name":"wp","href":"https:\/\/api.w.org\/{rel}","templated":true}]}}