{"id":21970,"date":"2025-06-20T13:01:00","date_gmt":"2025-06-20T11:01:00","guid":{"rendered":"https:\/\/www.teonline.it\/inoltro-telematico-pratiche\/"},"modified":"2026-02-04T11:01:03","modified_gmt":"2026-02-04T10:01:03","slug":"transfert-telematique-de-dossiers","status":"publish","type":"page","link":"https:\/\/www.teonline.it\/fr\/transfert-telematique-de-dossiers\/","title":{"rendered":"Transfert t\u00e9l\u00e9matique de dossiers"},"content":{"rendered":"<div class=\"wpb-content-wrapper\"><p>[vc_row full_width=\u00a0\u00bbstretch_row_content_no_spaces\u00a0\u00bb gap=\u00a0\u00bb35&Prime; row_type=\u00a0\u00bbrow\u00a0\u00bb use_row_as_full_screen_section=\u00a0\u00bbno\u00a0\u00bb type=\u00a0\u00bbfull_width\u00a0\u00bb angled_section=\u00a0\u00bbno\u00a0\u00bb text_align=\u00a0\u00bbleft\u00a0\u00bb background_image_as_pattern=\u00a0\u00bbwithout_pattern\u00a0\u00bb el_class=\u00a0\u00bbriga-pad\u00a0\u00bb][vc_column width=\u00a0\u00bb1\/4&Prime; offset=\u00a0\u00bbvc_hidden-sm vc_hidden-xs\u00a0\u00bb el_class=\u00a0\u00bbColonnaSinistra\u00a0\u00bb][vc_widget_sidebar sidebar_id=\u00a0\u00bbmenu-servizi\u00a0\u00bb][\/vc_column][vc_column width=\u00a0\u00bb1\/2&Prime; el_class=\u00a0\u00bbColonnaCentro\u00a0\u00bb][vc_column_text css=\u00a0\u00bb\u00a0\u00bb el_class=\u00a0\u00bbTitoloPagina\u00a0\u00bb]<\/p>\n<h1>Transfert t\u00e9l\u00e9matique de dossiers<\/h1>\n<p>[\/vc_column_text][vc_column_text css=\u00a0\u00bb\u00a0\u00bb]Les concessionnaires ont mis en place un service de transmission t\u00e9l\u00e9matique pour les demandes d&rsquo;autorisation de transport exceptionnel via le site Web li\u00e9.<\/p>\n<p>Le transporteur, par le biais d&rsquo;un acc\u00e8s contr\u00f4l\u00e9 au site\u00a0<a href=\"https:\/\/www.teonline.it\/fr\/\" target=\"_blank\" rel=\"noopener\" data-uw-rm-brl=\"PR\" data-uw-original-href=\"https:\/\/www.teonline.it\/fr\/\" aria-label=\"www.teonline.it\/fr\/ - aprire in una nuova scheda\" data-uw-rm-ext-link=\"\">www.teonline.it\/fr<\/a>, pourra saisir les informations relatives \u00e0 la demande d&rsquo;autorisation, compl\u00e9ter le dossier avec le plan de chargement et les autres documents n\u00e9cessaires.<br \/>\nLe concessionnaire actif produira le document d&rsquo;autorisation que le TRANSPORTEUR pourra ensuite imprimer dans ses bureaux.<\/p>\n<p>Pour adh\u00e9rer au service, le transporteur doit compl\u00e9ter l&rsquo;annexe A2 et, le cas \u00e9ch\u00e9ant, l&rsquo;annexe A3 s&rsquo;il souhaite ajouter une entreprise \u00e0 son usager.<\/p>\n<p>Ces formulaires d\u00fbment compl\u00e9t\u00e9s doivent \u00eatre envoy\u00e9s\u00a0par\u00a0<a href=\"mailto:te@sinelec.it?subject=Inoltro%20Telematico%20Pratiche&amp;body=Allegare%20la%20richiesta\" aria-label=\"send an email to te@sinelec.it?subject=Inoltro%20Telematico%20Pratiche&amp;body=Allegare%20la%20richiesta\" data-uw-rm-vglnk=\"\">e-mail<\/a>.[\/vc_column_text][vc_empty_space][vc_column_text css=\u00a0\u00bb\u00a0\u00bb]<table class=\"table-mr\">\n\t<thead>\n\t<tr><th class=\"th-titolo\">Document<\/th><th class=\"th-dimensione\"><span>Taille<\/span><\/th><th class=\"th-download\"><i class=\"fa fa-download\"><\/i><\/th><\/tr>\n\t<\/thead>\n\t<tbody><tr><td class=\"td-titolo\"><p>Servizio di Inoltro Telematico delle Richieste di Autorizzazione al Trasporto Eccezionale<\/p><\/td><td class=\"td-dimensione\">57&nbsp;KB<\/td><td class=\"td-download\">\n\t\t\t<a title=\"Servizio di Inoltro Telematico delle Richieste di Autorizzazione al Trasporto Eccezionale (57&nbsp;KB)\" href=\"https:\/\/www.teonline.it\/wp-content\/uploads\/ContrattoPratiche_Online.pdf\" target=\"_blank\"><i class=\"fa fa-file-pdf\"><\/i><\/a><p class=\"td-dimensione-responsive\">57&nbsp;KB<\/p><\/td>\n\t\t\t<\/tr><tr><td class=\"td-titolo\"><p>Richieste di Autorizzazione al Trasporto Eccezionale ALLEGATO A2 Ditta \u201cTitolare\u201d dell\u2019accesso al portale<\/p><\/td><td class=\"td-dimensione\">0,97&nbsp;MB<\/td><td class=\"td-download\">\n\t\t\t<a title=\"Richieste di Autorizzazione al Trasporto Eccezionale ALLEGATO A2 Ditta \u201cTitolare\u201d dell\u2019accesso al portale (0,97&nbsp;MB)\" href=\"https:\/\/www.teonline.it\/wp-content\/uploads\/AllA2_C.pdf\" target=\"_blank\"><i class=\"fa fa-file-pdf\"><\/i><\/a><p class=\"td-dimensione-responsive\">0,97&nbsp;MB<\/p><\/td>\n\t\t\t<\/tr><tr><td class=\"td-titolo\"><p>Richieste di Autorizzazione al Trasporto Eccezionale ALLEGATO A3 Altre ditte<\/p><\/td><td class=\"td-dimensione\">624&nbsp;KB<\/td><td class=\"td-download\">\n\t\t\t<a title=\"Richieste di Autorizzazione al Trasporto Eccezionale ALLEGATO A3 Altre ditte (624&nbsp;KB)\" href=\"https:\/\/www.teonline.it\/wp-content\/uploads\/AllA3_C.pdf\" target=\"_blank\"><i class=\"fa fa-file-pdf\"><\/i><\/a><p class=\"td-dimensione-responsive\">624&nbsp;KB<\/p><\/td>\n\t\t\t<\/tr><\/tbody>\n\t<\/table><script type=\"text\/javascript\">jQuery(document).ready(function($){\n\t\t\n\t\t$(\".table-mr\").each(function(){\n\t\t\tvar colspan = $(this).find(\"thead > tr > th:visible\").length;\n\t\t\t$(this).find(\".tr-gruppo.tr-raggruppata > td\").attr(\"colspan\",colspan);\t\n\t\t});\t\n\t\t\n\t\t$( window ).resize(function() {\n\t\t\t$(\".table-mr\").each(function(){\n\t\t\t\tvar colspan = $(this).find(\"thead > tr > th:visible\").length;\n\t\t\t\t$(this).find(\".tr-gruppo.tr-raggruppata > td\").attr(\"colspan\",colspan);\t\n\t\t\t});\n\t\t});\n\t\t\n\t});<\/script>[\/vc_column_text][\/vc_column][vc_column width=\u00a0\u00bb1\/4&Prime; el_class=\u00a0\u00bbColonnaDestra\u00a0\u00bb][\/vc_column][\/vc_row]<\/p>\n<\/div>","protected":false},"excerpt":{"rendered":"<p>[vc_row full_width=\u00a0\u00bbstretch_row_content_no_spaces\u00a0\u00bb gap=\u00a0\u00bb35&Prime; row_type=\u00a0\u00bbrow\u00a0\u00bb use_row_as_full_screen_section=\u00a0\u00bbno\u00a0\u00bb type=\u00a0\u00bbfull_width\u00a0\u00bb angled_section=\u00a0\u00bbno\u00a0\u00bb text_align=\u00a0\u00bbleft\u00a0\u00bb background_image_as_pattern=\u00a0\u00bbwithout_pattern\u00a0\u00bb el_class=\u00a0\u00bbriga-pad\u00a0\u00bb][vc_column width=\u00a0\u00bb1\/4&Prime; offset=\u00a0\u00bbvc_hidden-sm vc_hidden-xs\u00a0\u00bb el_class=\u00a0\u00bbColonnaSinistra\u00a0\u00bb][vc_widget_sidebar sidebar_id=\u00a0\u00bbmenu-servizi\u00a0\u00bb][\/vc_column][vc_column width=\u00a0\u00bb1\/2&Prime; el_class=\u00a0\u00bbColonnaCentro\u00a0\u00bb][vc_column_text css=\u00a0\u00bb\u00a0\u00bb el_class=\u00a0\u00bbTitoloPagina\u00a0\u00bb] Transfert t\u00e9l\u00e9matique de dossiers [\/vc_column_text][vc_column_text css=\u00a0\u00bb\u00a0\u00bb]Les concessionnaires ont mis en place un service de transmission t\u00e9l\u00e9matique pour les demandes d&rsquo;autorisation de [&hellip;]<\/p>\n","protected":false},"author":2,"featured_media":0,"parent":0,"menu_order":0,"comment_status":"closed","ping_status":"closed","template":"full-width.php","meta":{"_acf_changed":false,"footnotes":""},"class_list":["post-21970","page","type-page","status-publish","hentry"],"acf":[],"yoast_head":"<!-- This site is optimized with the Yoast SEO plugin v26.5 - https:\/\/yoast.com\/wordpress\/plugins\/seo\/ -->\n<title>Transfert t\u00e9l\u00e9matique de dossiers - TECS Portale Trasporti Eccezionali<\/title>\n<meta name=\"description\" content=\"Service de transmission \u00e9lectronique des demandes d&#039;autorisation de transport exceptionnel\" \/>\n<meta name=\"robots\" content=\"index, follow, max-snippet:-1, max-image-preview:large, max-video-preview:-1\" \/>\n<link rel=\"canonical\" href=\"https:\/\/www.teonline.it\/fr\/transfert-telematique-de-dossiers\/\" \/>\n<meta property=\"og:locale\" content=\"fr_FR\" \/>\n<meta property=\"og:type\" content=\"article\" \/>\n<meta property=\"og:title\" content=\"Transfert t\u00e9l\u00e9matique de dossiers - TECS Portale Trasporti Eccezionali\" \/>\n<meta property=\"og:description\" content=\"Service de transmission \u00e9lectronique des demandes d&#039;autorisation de transport exceptionnel\" \/>\n<meta property=\"og:url\" content=\"https:\/\/www.teonline.it\/fr\/transfert-telematique-de-dossiers\/\" \/>\n<meta property=\"og:site_name\" content=\"TECS Portale Trasporti Eccezionali\" \/>\n<meta property=\"article:modified_time\" content=\"2026-02-04T10:01:03+00:00\" \/>\n<meta property=\"og:image\" content=\"https:\/\/www.teonline.it\/wp-content\/uploads\/2025\/06\/TECS-Trasporti-Eccezionali-Centro-Servizi-01.jpg\" \/>\n\t<meta property=\"og:image:width\" content=\"1200\" \/>\n\t<meta property=\"og:image:height\" content=\"675\" \/>\n\t<meta property=\"og:image:type\" content=\"image\/jpeg\" \/>\n<meta name=\"twitter:card\" content=\"summary_large_image\" \/>\n<meta name=\"twitter:label1\" content=\"Dur\u00e9e de lecture estim\u00e9e\" \/>\n\t<meta name=\"twitter:data1\" content=\"1 minute\" \/>\n<script type=\"application\/ld+json\" class=\"yoast-schema-graph\">{\"@context\":\"https:\/\/schema.org\",\"@graph\":[{\"@type\":\"WebPage\",\"@id\":\"https:\/\/www.teonline.it\/fr\/transfert-telematique-de-dossiers\/\",\"url\":\"https:\/\/www.teonline.it\/fr\/transfert-telematique-de-dossiers\/\",\"name\":\"Transfert t\u00e9l\u00e9matique de dossiers - TECS Portale Trasporti Eccezionali\",\"isPartOf\":{\"@id\":\"https:\/\/www.teonline.it\/fr\/#website\"},\"datePublished\":\"2025-06-20T11:01:00+00:00\",\"dateModified\":\"2026-02-04T10:01:03+00:00\",\"description\":\"Service de transmission \u00e9lectronique des demandes d'autorisation de transport exceptionnel\",\"breadcrumb\":{\"@id\":\"https:\/\/www.teonline.it\/fr\/transfert-telematique-de-dossiers\/#breadcrumb\"},\"inLanguage\":\"fr-FR\",\"potentialAction\":[{\"@type\":\"ReadAction\",\"target\":[\"https:\/\/www.teonline.it\/fr\/transfert-telematique-de-dossiers\/\"]}]},{\"@type\":\"BreadcrumbList\",\"@id\":\"https:\/\/www.teonline.it\/fr\/transfert-telematique-de-dossiers\/#breadcrumb\",\"itemListElement\":[{\"@type\":\"ListItem\",\"position\":1,\"name\":\"Home\",\"item\":\"https:\/\/www.teonline.it\/fr\/\"},{\"@type\":\"ListItem\",\"position\":2,\"name\":\"Transfert t\u00e9l\u00e9matique de dossiers\"}]},{\"@type\":\"WebSite\",\"@id\":\"https:\/\/www.teonline.it\/fr\/#website\",\"url\":\"https:\/\/www.teonline.it\/fr\/\",\"name\":\"TECS Trasporti Eccezionali Centro Servizi\",\"description\":\"TECS\",\"publisher\":{\"@id\":\"https:\/\/www.teonline.it\/fr\/#organization\"},\"alternateName\":\"TECS\",\"potentialAction\":[{\"@type\":\"SearchAction\",\"target\":{\"@type\":\"EntryPoint\",\"urlTemplate\":\"https:\/\/www.teonline.it\/fr\/?s={search_term_string}\"},\"query-input\":{\"@type\":\"PropertyValueSpecification\",\"valueRequired\":true,\"valueName\":\"search_term_string\"}}],\"inLanguage\":\"fr-FR\"},{\"@type\":\"Organization\",\"@id\":\"https:\/\/www.teonline.it\/fr\/#organization\",\"name\":\"TECS Trasporti Eccezionali Centro Servizi\",\"alternateName\":\"TECS\",\"url\":\"https:\/\/www.teonline.it\/fr\/\",\"logo\":{\"@type\":\"ImageObject\",\"inLanguage\":\"fr-FR\",\"@id\":\"https:\/\/www.teonline.it\/fr\/#\/schema\/logo\/image\/\",\"url\":\"https:\/\/www.teonline.it\/wp-content\/uploads\/2025\/06\/TECS-Trasporti-Eccezionali-Centro-Servizi-02.jpg\",\"contentUrl\":\"https:\/\/www.teonline.it\/wp-content\/uploads\/2025\/06\/TECS-Trasporti-Eccezionali-Centro-Servizi-02.jpg\",\"width\":696,\"height\":696,\"caption\":\"TECS Trasporti Eccezionali Centro Servizi\"},\"image\":{\"@id\":\"https:\/\/www.teonline.it\/fr\/#\/schema\/logo\/image\/\"}}]}<\/script>\n<!-- \/ Yoast SEO plugin. -->","yoast_head_json":{"title":"Transfert t\u00e9l\u00e9matique de dossiers - TECS Portale Trasporti Eccezionali","description":"Service de transmission \u00e9lectronique des demandes d'autorisation de transport exceptionnel","robots":{"index":"index","follow":"follow","max-snippet":"max-snippet:-1","max-image-preview":"max-image-preview:large","max-video-preview":"max-video-preview:-1"},"canonical":"https:\/\/www.teonline.it\/fr\/transfert-telematique-de-dossiers\/","og_locale":"fr_FR","og_type":"article","og_title":"Transfert t\u00e9l\u00e9matique de dossiers - TECS Portale Trasporti Eccezionali","og_description":"Service de transmission \u00e9lectronique des demandes d'autorisation de transport exceptionnel","og_url":"https:\/\/www.teonline.it\/fr\/transfert-telematique-de-dossiers\/","og_site_name":"TECS Portale Trasporti Eccezionali","article_modified_time":"2026-02-04T10:01:03+00:00","og_image":[{"width":1200,"height":675,"url":"https:\/\/www.teonline.it\/wp-content\/uploads\/2025\/06\/TECS-Trasporti-Eccezionali-Centro-Servizi-01.jpg","type":"image\/jpeg"}],"twitter_card":"summary_large_image","twitter_misc":{"Dur\u00e9e de lecture estim\u00e9e":"1 minute"},"schema":{"@context":"https:\/\/schema.org","@graph":[{"@type":"WebPage","@id":"https:\/\/www.teonline.it\/fr\/transfert-telematique-de-dossiers\/","url":"https:\/\/www.teonline.it\/fr\/transfert-telematique-de-dossiers\/","name":"Transfert t\u00e9l\u00e9matique de dossiers - TECS Portale Trasporti Eccezionali","isPartOf":{"@id":"https:\/\/www.teonline.it\/fr\/#website"},"datePublished":"2025-06-20T11:01:00+00:00","dateModified":"2026-02-04T10:01:03+00:00","description":"Service de transmission \u00e9lectronique des demandes d'autorisation de transport exceptionnel","breadcrumb":{"@id":"https:\/\/www.teonline.it\/fr\/transfert-telematique-de-dossiers\/#breadcrumb"},"inLanguage":"fr-FR","potentialAction":[{"@type":"ReadAction","target":["https:\/\/www.teonline.it\/fr\/transfert-telematique-de-dossiers\/"]}]},{"@type":"BreadcrumbList","@id":"https:\/\/www.teonline.it\/fr\/transfert-telematique-de-dossiers\/#breadcrumb","itemListElement":[{"@type":"ListItem","position":1,"name":"Home","item":"https:\/\/www.teonline.it\/fr\/"},{"@type":"ListItem","position":2,"name":"Transfert t\u00e9l\u00e9matique de dossiers"}]},{"@type":"WebSite","@id":"https:\/\/www.teonline.it\/fr\/#website","url":"https:\/\/www.teonline.it\/fr\/","name":"TECS Trasporti Eccezionali Centro Servizi","description":"TECS","publisher":{"@id":"https:\/\/www.teonline.it\/fr\/#organization"},"alternateName":"TECS","potentialAction":[{"@type":"SearchAction","target":{"@type":"EntryPoint","urlTemplate":"https:\/\/www.teonline.it\/fr\/?s={search_term_string}"},"query-input":{"@type":"PropertyValueSpecification","valueRequired":true,"valueName":"search_term_string"}}],"inLanguage":"fr-FR"},{"@type":"Organization","@id":"https:\/\/www.teonline.it\/fr\/#organization","name":"TECS Trasporti Eccezionali Centro Servizi","alternateName":"TECS","url":"https:\/\/www.teonline.it\/fr\/","logo":{"@type":"ImageObject","inLanguage":"fr-FR","@id":"https:\/\/www.teonline.it\/fr\/#\/schema\/logo\/image\/","url":"https:\/\/www.teonline.it\/wp-content\/uploads\/2025\/06\/TECS-Trasporti-Eccezionali-Centro-Servizi-02.jpg","contentUrl":"https:\/\/www.teonline.it\/wp-content\/uploads\/2025\/06\/TECS-Trasporti-Eccezionali-Centro-Servizi-02.jpg","width":696,"height":696,"caption":"TECS Trasporti Eccezionali Centro Servizi"},"image":{"@id":"https:\/\/www.teonline.it\/fr\/#\/schema\/logo\/image\/"}}]}},"publishpress_future_workflow_manual_trigger":{"enabledWorkflows":[]},"_links":{"self":[{"href":"https:\/\/www.teonline.it\/fr\/wp-json\/wp\/v2\/pages\/21970","targetHints":{"allow":["GET"]}}],"collection":[{"href":"https:\/\/www.teonline.it\/fr\/wp-json\/wp\/v2\/pages"}],"about":[{"href":"https:\/\/www.teonline.it\/fr\/wp-json\/wp\/v2\/types\/page"}],"author":[{"embeddable":true,"href":"https:\/\/www.teonline.it\/fr\/wp-json\/wp\/v2\/users\/2"}],"replies":[{"embeddable":true,"href":"https:\/\/www.teonline.it\/fr\/wp-json\/wp\/v2\/comments?post=21970"}],"version-history":[{"count":2,"href":"https:\/\/www.teonline.it\/fr\/wp-json\/wp\/v2\/pages\/21970\/revisions"}],"predecessor-version":[{"id":21972,"href":"https:\/\/www.teonline.it\/fr\/wp-json\/wp\/v2\/pages\/21970\/revisions\/21972"}],"wp:attachment":[{"href":"https:\/\/www.teonline.it\/fr\/wp-json\/wp\/v2\/media?parent=21970"}],"curies":[{"name":"wp","href":"https:\/\/api.w.org\/{rel}","templated":true}]}}