{"id":21967,"date":"2023-06-13T14:32:03","date_gmt":"2023-06-13T12:32:03","guid":{"rendered":"https:\/\/www.teonline.it\/preavvisi-di-transito\/"},"modified":"2026-02-04T10:57:22","modified_gmt":"2026-02-04T09:57:22","slug":"preavis-de-passage","status":"publish","type":"page","link":"https:\/\/www.teonline.it\/fr\/preavis-de-passage\/","title":{"rendered":"Pr\u00e9avis de passage"},"content":{"rendered":"<div class=\"wpb-content-wrapper\"><p>[vc_row full_width=\u00a0\u00bbstretch_row_content_no_spaces\u00a0\u00bb gap=\u00a0\u00bb35&Prime; row_type=\u00a0\u00bbrow\u00a0\u00bb use_row_as_full_screen_section=\u00a0\u00bbno\u00a0\u00bb type=\u00a0\u00bbfull_width\u00a0\u00bb angled_section=\u00a0\u00bbno\u00a0\u00bb text_align=\u00a0\u00bbleft\u00a0\u00bb background_image_as_pattern=\u00a0\u00bbwithout_pattern\u00a0\u00bb el_class=\u00a0\u00bbriga-pad\u00a0\u00bb][vc_column width=\u00a0\u00bb1\/4&Prime; offset=\u00a0\u00bbvc_hidden-sm vc_hidden-xs\u00a0\u00bb el_class=\u00a0\u00bbColonnaSinistra\u00a0\u00bb][\/vc_column][vc_column width=\u00a0\u00bb1\/2&Prime; el_class=\u00a0\u00bbColonnaCentro\u00a0\u00bb][vc_column_text css=\u00a0\u00bb\u00a0\u00bb el_class=\u00a0\u00bbTitoloPagina\u00a0\u00bb]<\/p>\n<h1>Pr\u00e9avis de passage<\/h1>\n<p>[\/vc_column_text][vc_column_text css=\u00a0\u00bb\u00a0\u00bb]<table class=\"table-mr\">\n\t<thead>\n\t<tr><th class=\"th-titolo\">Document<\/th><th class=\"th-dimensione\"><span>Taille<\/span><\/th><th class=\"th-download\"><i class=\"fa fa-download\"><\/i><\/th><\/tr>\n\t<\/thead>\n\t<tbody><tr><td class=\"td-titolo\"><p>Preavviso A4<\/p><\/td><td class=\"td-dimensione\">150&nbsp;KB<\/td><td class=\"td-download\">\n\t\t\t<a title=\"Preavviso A4 (150&nbsp;KB)\" href=\"https:\/\/www.teonline.it\/wp-content\/uploads\/PREAVVISO-Satap-A4.pdf\" target=\"_blank\"><i class=\"fa fa-file-pdf\"><\/i><\/a><p class=\"td-dimensione-responsive\">150&nbsp;KB<\/p><\/td>\n\t\t\t<\/tr><tr><td class=\"td-titolo\"><p>Preavviso A5<\/p><\/td><td class=\"td-dimensione\">175&nbsp;KB<\/td><td class=\"td-download\">\n\t\t\t<a title=\"Preavviso A5 (175&nbsp;KB)\" href=\"https:\/\/www.teonline.it\/wp-content\/uploads\/PREAVVISO-sav-A5.pdf\" target=\"_blank\"><i class=\"fa fa-file-pdf\"><\/i><\/a><p class=\"td-dimensione-responsive\">175&nbsp;KB<\/p><\/td>\n\t\t\t<\/tr><tr><td class=\"td-titolo\"><p>Preavviso A6<\/p><\/td><td class=\"td-dimensione\">271&nbsp;KB<\/td><td class=\"td-download\">\n\t\t\t<a title=\"Preavviso A6 (271&nbsp;KB)\" href=\"https:\/\/www.teonline.it\/wp-content\/uploads\/PREAVVISO-AdF-A6-1.pdf\" target=\"_blank\"><i class=\"fa fa-file-pdf\"><\/i><\/a><p class=\"td-dimensione-responsive\">271&nbsp;KB<\/p><\/td>\n\t\t\t<\/tr><tr><td class=\"td-titolo\"><p>Preavviso A10<\/p><\/td><td class=\"td-dimensione\">465&nbsp;KB<\/td><td class=\"td-download\">\n\t\t\t<a title=\"Preavviso A10 (465&nbsp;KB)\" href=\"https:\/\/www.teonline.it\/wp-content\/uploads\/PREAVVISO-C.Tirreno-A10.pdf\" target=\"_blank\"><i class=\"fa fa-file-pdf\"><\/i><\/a><p class=\"td-dimensione-responsive\">465&nbsp;KB<\/p><\/td>\n\t\t\t<\/tr><tr><td class=\"td-titolo\"><p>Preavviso A12<\/p><\/td><td class=\"td-dimensione\">352&nbsp;KB<\/td><td class=\"td-download\">\n\t\t\t<a title=\"Preavviso A12 (352&nbsp;KB)\" href=\"https:\/\/www.teonline.it\/wp-content\/uploads\/PREAVVISO-Conc.Tirreno-A12.pdf\" target=\"_blank\"><i class=\"fa fa-file-pdf\"><\/i><\/a><p class=\"td-dimensione-responsive\">352&nbsp;KB<\/p><\/td>\n\t\t\t<\/tr><tr><td class=\"td-titolo\"><p>Preavviso A15<\/p><\/td><td class=\"td-dimensione\">640&nbsp;KB<\/td><td class=\"td-download\">\n\t\t\t<a title=\"Preavviso A15 (640&nbsp;KB)\" href=\"https:\/\/www.teonline.it\/wp-content\/uploads\/Q-R-TE004-240622-Preavviso-passagio-TE-Tronco-CISA-1-1.pdf\" target=\"_blank\"><i class=\"fa fa-file-pdf\"><\/i><\/a><p class=\"td-dimensione-responsive\">640&nbsp;KB<\/p><\/td>\n\t\t\t<\/tr><tr><td class=\"td-titolo\"><p>Preavviso A21<\/p><\/td><td class=\"td-dimensione\">568&nbsp;KB<\/td><td class=\"td-download\">\n\t\t\t<a title=\"Preavviso A21 (568&nbsp;KB)\" href=\"https:\/\/www.teonline.it\/wp-content\/uploads\/modulo_PREAVVISO-ITP-tronco-2-A21-1.pdf\" target=\"_blank\"><i class=\"fa fa-file-pdf\"><\/i><\/a><p class=\"td-dimensione-responsive\">568&nbsp;KB<\/p><\/td>\n\t\t\t<\/tr><tr><td class=\"td-titolo\"><p>Preavviso A32<\/p><\/td><td class=\"td-dimensione\">146&nbsp;KB<\/td><td class=\"td-download\">\n\t\t\t<a title=\"Preavviso A32 (146&nbsp;KB)\" href=\"https:\/\/www.teonline.it\/wp-content\/uploads\/PREAVVISO-A32.pdf\" target=\"_blank\"><i class=\"fa fa-file-pdf\"><\/i><\/a><p class=\"td-dimensione-responsive\">146&nbsp;KB<\/p><\/td>\n\t\t\t<\/tr><tr><td class=\"td-titolo\"><p>Preavviso A33<\/p><\/td><td class=\"td-dimensione\">170&nbsp;KB<\/td><td class=\"td-download\">\n\t\t\t<a title=\"Preavviso A33 (170&nbsp;KB)\" href=\"https:\/\/www.teonline.it\/wp-content\/uploads\/PREAVVISO-A33.pdf\" target=\"_blank\"><i class=\"fa fa-file-pdf\"><\/i><\/a><p class=\"td-dimensione-responsive\">170&nbsp;KB<\/p><\/td>\n\t\t\t<\/tr><\/tbody>\n\t<\/table><script type=\"text\/javascript\">jQuery(document).ready(function($){\n\t\t\n\t\t$(\".table-mr\").each(function(){\n\t\t\tvar colspan = $(this).find(\"thead > tr > th:visible\").length;\n\t\t\t$(this).find(\".tr-gruppo.tr-raggruppata > td\").attr(\"colspan\",colspan);\t\n\t\t});\t\n\t\t\n\t\t$( window ).resize(function() {\n\t\t\t$(\".table-mr\").each(function(){\n\t\t\t\tvar colspan = $(this).find(\"thead > tr > th:visible\").length;\n\t\t\t\t$(this).find(\".tr-gruppo.tr-raggruppata > td\").attr(\"colspan\",colspan);\t\n\t\t\t});\n\t\t});\n\t\t\n\t});<\/script>[\/vc_column_text][\/vc_column][vc_column width=\u00a0\u00bb1\/4&Prime; el_class=\u00a0\u00bbColonnaDestra\u00a0\u00bb][\/vc_column][\/vc_row]<\/p>\n<\/div>","protected":false},"excerpt":{"rendered":"<p>[vc_row full_width=\u00a0\u00bbstretch_row_content_no_spaces\u00a0\u00bb gap=\u00a0\u00bb35&Prime; row_type=\u00a0\u00bbrow\u00a0\u00bb use_row_as_full_screen_section=\u00a0\u00bbno\u00a0\u00bb type=\u00a0\u00bbfull_width\u00a0\u00bb angled_section=\u00a0\u00bbno\u00a0\u00bb text_align=\u00a0\u00bbleft\u00a0\u00bb background_image_as_pattern=\u00a0\u00bbwithout_pattern\u00a0\u00bb el_class=\u00a0\u00bbriga-pad\u00a0\u00bb][vc_column width=\u00a0\u00bb1\/4&Prime; offset=\u00a0\u00bbvc_hidden-sm vc_hidden-xs\u00a0\u00bb el_class=\u00a0\u00bbColonnaSinistra\u00a0\u00bb][\/vc_column][vc_column width=\u00a0\u00bb1\/2&Prime; el_class=\u00a0\u00bbColonnaCentro\u00a0\u00bb][vc_column_text css=\u00a0\u00bb\u00a0\u00bb el_class=\u00a0\u00bbTitoloPagina\u00a0\u00bb] Pr\u00e9avis de passage [\/vc_column_text][vc_column_text css=\u00a0\u00bb\u00a0\u00bb][\/vc_column_text][\/vc_column][vc_column width=\u00a0\u00bb1\/4&Prime; el_class=\u00a0\u00bbColonnaDestra\u00a0\u00bb][\/vc_column][\/vc_row]<\/p>\n","protected":false},"author":2,"featured_media":0,"parent":0,"menu_order":0,"comment_status":"closed","ping_status":"closed","template":"full-width.php","meta":{"_acf_changed":false,"footnotes":""},"class_list":["post-21967","page","type-page","status-publish","hentry"],"acf":[],"yoast_head":"<!-- This site is optimized with the Yoast SEO plugin v26.5 - https:\/\/yoast.com\/wordpress\/plugins\/seo\/ -->\n<title>Pr\u00e9avis de passage - TECS Portale Trasporti Eccezionali<\/title>\n<meta name=\"description\" content=\"TECS : t\u00e9l\u00e9chargez les avis de passage des poids lourds sur les autoroutes : A4, A5, A6, A10, A12, A15, A21, A32, A33\" \/>\n<meta name=\"robots\" content=\"index, follow, max-snippet:-1, max-image-preview:large, max-video-preview:-1\" \/>\n<link rel=\"canonical\" href=\"https:\/\/www.teonline.it\/fr\/preavis-de-passage\/\" \/>\n<meta property=\"og:locale\" content=\"fr_FR\" \/>\n<meta property=\"og:type\" content=\"article\" \/>\n<meta property=\"og:title\" content=\"Pr\u00e9avis de passage - TECS Portale Trasporti Eccezionali\" \/>\n<meta property=\"og:description\" content=\"TECS : t\u00e9l\u00e9chargez les avis de passage des poids lourds sur les autoroutes : A4, A5, A6, A10, A12, A15, A21, A32, A33\" \/>\n<meta property=\"og:url\" content=\"https:\/\/www.teonline.it\/fr\/preavis-de-passage\/\" \/>\n<meta property=\"og:site_name\" content=\"TECS Portale Trasporti Eccezionali\" \/>\n<meta property=\"article:modified_time\" content=\"2026-02-04T09:57:22+00:00\" \/>\n<meta property=\"og:image\" content=\"https:\/\/www.teonline.it\/wp-content\/uploads\/2025\/06\/TECS-Trasporti-Eccezionali-Centro-Servizi-01.jpg\" \/>\n\t<meta property=\"og:image:width\" content=\"1200\" \/>\n\t<meta property=\"og:image:height\" content=\"675\" \/>\n\t<meta property=\"og:image:type\" content=\"image\/jpeg\" \/>\n<meta name=\"twitter:card\" content=\"summary_large_image\" \/>\n<meta name=\"twitter:label1\" content=\"Dur\u00e9e de lecture estim\u00e9e\" \/>\n\t<meta name=\"twitter:data1\" content=\"1 minute\" \/>\n<script type=\"application\/ld+json\" class=\"yoast-schema-graph\">{\"@context\":\"https:\/\/schema.org\",\"@graph\":[{\"@type\":\"WebPage\",\"@id\":\"https:\/\/www.teonline.it\/fr\/preavis-de-passage\/\",\"url\":\"https:\/\/www.teonline.it\/fr\/preavis-de-passage\/\",\"name\":\"Pr\u00e9avis de passage - TECS Portale Trasporti Eccezionali\",\"isPartOf\":{\"@id\":\"https:\/\/www.teonline.it\/fr\/#website\"},\"datePublished\":\"2023-06-13T12:32:03+00:00\",\"dateModified\":\"2026-02-04T09:57:22+00:00\",\"description\":\"TECS : t\u00e9l\u00e9chargez les avis de passage des poids lourds sur les autoroutes : A4, A5, A6, A10, A12, A15, A21, A32, A33\",\"breadcrumb\":{\"@id\":\"https:\/\/www.teonline.it\/fr\/preavis-de-passage\/#breadcrumb\"},\"inLanguage\":\"fr-FR\",\"potentialAction\":[{\"@type\":\"ReadAction\",\"target\":[\"https:\/\/www.teonline.it\/fr\/preavis-de-passage\/\"]}]},{\"@type\":\"BreadcrumbList\",\"@id\":\"https:\/\/www.teonline.it\/fr\/preavis-de-passage\/#breadcrumb\",\"itemListElement\":[{\"@type\":\"ListItem\",\"position\":1,\"name\":\"Home\",\"item\":\"https:\/\/www.teonline.it\/fr\/\"},{\"@type\":\"ListItem\",\"position\":2,\"name\":\"Pr\u00e9avis de passage\"}]},{\"@type\":\"WebSite\",\"@id\":\"https:\/\/www.teonline.it\/fr\/#website\",\"url\":\"https:\/\/www.teonline.it\/fr\/\",\"name\":\"TECS Trasporti Eccezionali Centro Servizi\",\"description\":\"TECS\",\"publisher\":{\"@id\":\"https:\/\/www.teonline.it\/fr\/#organization\"},\"alternateName\":\"TECS\",\"potentialAction\":[{\"@type\":\"SearchAction\",\"target\":{\"@type\":\"EntryPoint\",\"urlTemplate\":\"https:\/\/www.teonline.it\/fr\/?s={search_term_string}\"},\"query-input\":{\"@type\":\"PropertyValueSpecification\",\"valueRequired\":true,\"valueName\":\"search_term_string\"}}],\"inLanguage\":\"fr-FR\"},{\"@type\":\"Organization\",\"@id\":\"https:\/\/www.teonline.it\/fr\/#organization\",\"name\":\"TECS Trasporti Eccezionali Centro Servizi\",\"alternateName\":\"TECS\",\"url\":\"https:\/\/www.teonline.it\/fr\/\",\"logo\":{\"@type\":\"ImageObject\",\"inLanguage\":\"fr-FR\",\"@id\":\"https:\/\/www.teonline.it\/fr\/#\/schema\/logo\/image\/\",\"url\":\"https:\/\/www.teonline.it\/wp-content\/uploads\/2025\/06\/TECS-Trasporti-Eccezionali-Centro-Servizi-02.jpg\",\"contentUrl\":\"https:\/\/www.teonline.it\/wp-content\/uploads\/2025\/06\/TECS-Trasporti-Eccezionali-Centro-Servizi-02.jpg\",\"width\":696,\"height\":696,\"caption\":\"TECS Trasporti Eccezionali Centro Servizi\"},\"image\":{\"@id\":\"https:\/\/www.teonline.it\/fr\/#\/schema\/logo\/image\/\"}}]}<\/script>\n<!-- \/ Yoast SEO plugin. -->","yoast_head_json":{"title":"Pr\u00e9avis de passage - TECS Portale Trasporti Eccezionali","description":"TECS : t\u00e9l\u00e9chargez les avis de passage des poids lourds sur les autoroutes : A4, A5, A6, A10, A12, A15, A21, A32, A33","robots":{"index":"index","follow":"follow","max-snippet":"max-snippet:-1","max-image-preview":"max-image-preview:large","max-video-preview":"max-video-preview:-1"},"canonical":"https:\/\/www.teonline.it\/fr\/preavis-de-passage\/","og_locale":"fr_FR","og_type":"article","og_title":"Pr\u00e9avis de passage - TECS Portale Trasporti Eccezionali","og_description":"TECS : t\u00e9l\u00e9chargez les avis de passage des poids lourds sur les autoroutes : A4, A5, A6, A10, A12, A15, A21, A32, A33","og_url":"https:\/\/www.teonline.it\/fr\/preavis-de-passage\/","og_site_name":"TECS Portale Trasporti Eccezionali","article_modified_time":"2026-02-04T09:57:22+00:00","og_image":[{"width":1200,"height":675,"url":"https:\/\/www.teonline.it\/wp-content\/uploads\/2025\/06\/TECS-Trasporti-Eccezionali-Centro-Servizi-01.jpg","type":"image\/jpeg"}],"twitter_card":"summary_large_image","twitter_misc":{"Dur\u00e9e de lecture estim\u00e9e":"1 minute"},"schema":{"@context":"https:\/\/schema.org","@graph":[{"@type":"WebPage","@id":"https:\/\/www.teonline.it\/fr\/preavis-de-passage\/","url":"https:\/\/www.teonline.it\/fr\/preavis-de-passage\/","name":"Pr\u00e9avis de passage - TECS Portale Trasporti Eccezionali","isPartOf":{"@id":"https:\/\/www.teonline.it\/fr\/#website"},"datePublished":"2023-06-13T12:32:03+00:00","dateModified":"2026-02-04T09:57:22+00:00","description":"TECS : t\u00e9l\u00e9chargez les avis de passage des poids lourds sur les autoroutes : A4, A5, A6, A10, A12, A15, A21, A32, A33","breadcrumb":{"@id":"https:\/\/www.teonline.it\/fr\/preavis-de-passage\/#breadcrumb"},"inLanguage":"fr-FR","potentialAction":[{"@type":"ReadAction","target":["https:\/\/www.teonline.it\/fr\/preavis-de-passage\/"]}]},{"@type":"BreadcrumbList","@id":"https:\/\/www.teonline.it\/fr\/preavis-de-passage\/#breadcrumb","itemListElement":[{"@type":"ListItem","position":1,"name":"Home","item":"https:\/\/www.teonline.it\/fr\/"},{"@type":"ListItem","position":2,"name":"Pr\u00e9avis de passage"}]},{"@type":"WebSite","@id":"https:\/\/www.teonline.it\/fr\/#website","url":"https:\/\/www.teonline.it\/fr\/","name":"TECS Trasporti Eccezionali Centro Servizi","description":"TECS","publisher":{"@id":"https:\/\/www.teonline.it\/fr\/#organization"},"alternateName":"TECS","potentialAction":[{"@type":"SearchAction","target":{"@type":"EntryPoint","urlTemplate":"https:\/\/www.teonline.it\/fr\/?s={search_term_string}"},"query-input":{"@type":"PropertyValueSpecification","valueRequired":true,"valueName":"search_term_string"}}],"inLanguage":"fr-FR"},{"@type":"Organization","@id":"https:\/\/www.teonline.it\/fr\/#organization","name":"TECS Trasporti Eccezionali Centro Servizi","alternateName":"TECS","url":"https:\/\/www.teonline.it\/fr\/","logo":{"@type":"ImageObject","inLanguage":"fr-FR","@id":"https:\/\/www.teonline.it\/fr\/#\/schema\/logo\/image\/","url":"https:\/\/www.teonline.it\/wp-content\/uploads\/2025\/06\/TECS-Trasporti-Eccezionali-Centro-Servizi-02.jpg","contentUrl":"https:\/\/www.teonline.it\/wp-content\/uploads\/2025\/06\/TECS-Trasporti-Eccezionali-Centro-Servizi-02.jpg","width":696,"height":696,"caption":"TECS Trasporti Eccezionali Centro Servizi"},"image":{"@id":"https:\/\/www.teonline.it\/fr\/#\/schema\/logo\/image\/"}}]}},"publishpress_future_workflow_manual_trigger":{"enabledWorkflows":[]},"_links":{"self":[{"href":"https:\/\/www.teonline.it\/fr\/wp-json\/wp\/v2\/pages\/21967","targetHints":{"allow":["GET"]}}],"collection":[{"href":"https:\/\/www.teonline.it\/fr\/wp-json\/wp\/v2\/pages"}],"about":[{"href":"https:\/\/www.teonline.it\/fr\/wp-json\/wp\/v2\/types\/page"}],"author":[{"embeddable":true,"href":"https:\/\/www.teonline.it\/fr\/wp-json\/wp\/v2\/users\/2"}],"replies":[{"embeddable":true,"href":"https:\/\/www.teonline.it\/fr\/wp-json\/wp\/v2\/comments?post=21967"}],"version-history":[{"count":2,"href":"https:\/\/www.teonline.it\/fr\/wp-json\/wp\/v2\/pages\/21967\/revisions"}],"predecessor-version":[{"id":21969,"href":"https:\/\/www.teonline.it\/fr\/wp-json\/wp\/v2\/pages\/21967\/revisions\/21969"}],"wp:attachment":[{"href":"https:\/\/www.teonline.it\/fr\/wp-json\/wp\/v2\/media?parent=21967"}],"curies":[{"name":"wp","href":"https:\/\/api.w.org\/{rel}","templated":true}]}}