{"id":21965,"date":"2025-06-20T12:34:58","date_gmt":"2025-06-20T10:34:58","guid":{"rendered":"https:\/\/www.teonline.it\/richiesta-rimborso\/"},"modified":"2026-02-04T10:50:18","modified_gmt":"2026-02-04T09:50:18","slug":"demande-de-remboursement","status":"publish","type":"page","link":"https:\/\/www.teonline.it\/fr\/demande-de-remboursement\/","title":{"rendered":"Demande de remboursement"},"content":{"rendered":"<div class=\"wpb-content-wrapper\"><p>[vc_row full_width=\u00a0\u00bbstretch_row_content_no_spaces\u00a0\u00bb gap=\u00a0\u00bb35&Prime; row_type=\u00a0\u00bbrow\u00a0\u00bb use_row_as_full_screen_section=\u00a0\u00bbno\u00a0\u00bb type=\u00a0\u00bbfull_width\u00a0\u00bb angled_section=\u00a0\u00bbno\u00a0\u00bb text_align=\u00a0\u00bbleft\u00a0\u00bb background_image_as_pattern=\u00a0\u00bbwithout_pattern\u00a0\u00bb el_class=\u00a0\u00bbriga-pad\u00a0\u00bb][vc_column width=\u00a0\u00bb1\/4&Prime; offset=\u00a0\u00bbvc_hidden-sm vc_hidden-xs\u00a0\u00bb el_class=\u00a0\u00bbColonnaSinistra\u00a0\u00bb][vc_widget_sidebar sidebar_id=\u00a0\u00bbmenu-autorizzazioni\u00a0\u00bb][\/vc_column][vc_column width=\u00a0\u00bb1\/2&Prime; el_class=\u00a0\u00bbColonnaCentro\u00a0\u00bb][vc_column_text css=\u00a0\u00bb\u00a0\u00bb el_class=\u00a0\u00bbTitoloPagina\u00a0\u00bb]<\/p>\n<h1>Demande de remboursement<\/h1>\n<p>[\/vc_column_text][vc_column_text css=\u00a0\u00bb\u00a0\u00bb]<strong>MODALIT\u00c9S DE DEMANDE\u00a0:<\/strong><br \/>\nValable pour les concessionnaires (SATAP A4 &#8211; A6 &#8211; CDT A10 &#8211; SAV A5 &#8211; A32 &#8211; A33 &#8211; A58 &#8211; A35 &#8211; A15 &#8211; Aut. Padana).<\/p>\n<p>Envoyer un e-mail \u00e0 l&rsquo;adresse\u00a0:\u00a0<a href=\"mailto:amministrativotecs@satapweb.it\">amministrativotecs@satapweb.it<\/a>\u00a0en utilisant le mod\u00e8le ci-dessous.<br \/>\nIndiquer en objet\u00a0: Demande de remboursement (entreprise).<br \/>\nJoindre le d\u00e9compte du paiement. S&rsquo;il s&rsquo;agit d&rsquo;une agence, envoyer \u00e9galement une procuration\/d\u00e9l\u00e9gation.<br \/>\nUtiliser le papier \u00e0 en-t\u00eate de l&rsquo;entreprise ou de l&rsquo;agence.<\/p>\n<p>Pour\u00a0<strong>Pedemontana Lombarda<\/strong>, demander des informations \u00e0\u00a0:\u00a0<a href=\"mailto:amministrativotecs@satapweb.it\">amministrativotecs@satapweb.it<\/a><br \/>\nRemarque\u00a0: les concessionnaires non mentionn\u00e9s doivent \u00eatre contact\u00e9s directement.[\/vc_column_text][vc_empty_space][vc_column_text css=\u00a0\u00bb\u00a0\u00bb]<table class=\"table-mr\">\n\t<thead>\n\t<tr><th class=\"th-titolo\">Document<\/th><th class=\"th-dimensione\"><span>Taille<\/span><\/th><th class=\"th-download\"><i class=\"fa fa-download\"><\/i><\/th><\/tr>\n\t<\/thead>\n\t<tbody><tr><td class=\"td-titolo\"><p>Esempio modulo di Richiesta rimborso<\/p><\/td><td class=\"td-dimensione\">198&nbsp;KB<\/td><td class=\"td-download\">\n\t\t\t<a title=\"Scarica Esempio modulo di Richiesta rimborso (198&nbsp;KB)\" href=\"https:\/\/www.teonline.it\/wp-content\/uploads\/Richiesta-rimborso2.pdf\" target=\"_blank\"><i class=\"fa fa-file-pdf\"><\/i><\/a><p class=\"td-dimensione-responsive\">198&nbsp;KB<\/p><\/td>\n\t\t\t<\/tr><\/tbody>\n\t<\/table><script type=\"text\/javascript\">jQuery(document).ready(function($){\n\t\t\n\t\t$(\".table-mr\").each(function(){\n\t\t\tvar colspan = $(this).find(\"thead > tr > th:visible\").length;\n\t\t\t$(this).find(\".tr-gruppo.tr-raggruppata > td\").attr(\"colspan\",colspan);\t\n\t\t});\t\n\t\t\n\t\t$( window ).resize(function() {\n\t\t\t$(\".table-mr\").each(function(){\n\t\t\t\tvar colspan = $(this).find(\"thead > tr > th:visible\").length;\n\t\t\t\t$(this).find(\".tr-gruppo.tr-raggruppata > td\").attr(\"colspan\",colspan);\t\n\t\t\t});\n\t\t});\n\t\t\n\t});<\/script>[\/vc_column_text][\/vc_column][vc_column width=\u00a0\u00bb1\/4&Prime; el_class=\u00a0\u00bbColonnaDestra\u00a0\u00bb][\/vc_column][\/vc_row]<\/p>\n<\/div>","protected":false},"excerpt":{"rendered":"<p>[vc_row full_width=\u00a0\u00bbstretch_row_content_no_spaces\u00a0\u00bb gap=\u00a0\u00bb35&Prime; row_type=\u00a0\u00bbrow\u00a0\u00bb use_row_as_full_screen_section=\u00a0\u00bbno\u00a0\u00bb type=\u00a0\u00bbfull_width\u00a0\u00bb angled_section=\u00a0\u00bbno\u00a0\u00bb text_align=\u00a0\u00bbleft\u00a0\u00bb background_image_as_pattern=\u00a0\u00bbwithout_pattern\u00a0\u00bb el_class=\u00a0\u00bbriga-pad\u00a0\u00bb][vc_column width=\u00a0\u00bb1\/4&Prime; offset=\u00a0\u00bbvc_hidden-sm vc_hidden-xs\u00a0\u00bb el_class=\u00a0\u00bbColonnaSinistra\u00a0\u00bb][vc_widget_sidebar sidebar_id=\u00a0\u00bbmenu-autorizzazioni\u00a0\u00bb][\/vc_column][vc_column width=\u00a0\u00bb1\/2&Prime; el_class=\u00a0\u00bbColonnaCentro\u00a0\u00bb][vc_column_text css=\u00a0\u00bb\u00a0\u00bb el_class=\u00a0\u00bbTitoloPagina\u00a0\u00bb] Demande de remboursement [\/vc_column_text][vc_column_text css=\u00a0\u00bb\u00a0\u00bb]MODALIT\u00c9S DE DEMANDE\u00a0: Valable pour les concessionnaires (SATAP A4 &#8211; A6 &#8211; CDT A10 &#8211; SAV A5 [&hellip;]<\/p>\n","protected":false},"author":2,"featured_media":0,"parent":0,"menu_order":0,"comment_status":"closed","ping_status":"closed","template":"full-width.php","meta":{"_acf_changed":false,"footnotes":""},"class_list":["post-21965","page","type-page","status-publish","hentry"],"acf":[],"yoast_head":"<!-- This site is optimized with the Yoast SEO plugin v26.5 - https:\/\/yoast.com\/wordpress\/plugins\/seo\/ -->\n<title>Demande de remboursement - TECS Portale Trasporti Eccezionali<\/title>\n<meta name=\"description\" content=\"Demande de remboursement TECS : valable pour les concessionnaires SATAP, A4, A6, CDT, A10, SAV A5, A32, A33, A58, A35, A15, Autovia Padana\" \/>\n<meta name=\"robots\" content=\"index, follow, max-snippet:-1, max-image-preview:large, max-video-preview:-1\" \/>\n<link rel=\"canonical\" href=\"https:\/\/www.teonline.it\/fr\/demande-de-remboursement\/\" \/>\n<meta property=\"og:locale\" content=\"fr_FR\" \/>\n<meta property=\"og:type\" content=\"article\" \/>\n<meta property=\"og:title\" content=\"Demande de remboursement - TECS Portale Trasporti Eccezionali\" \/>\n<meta property=\"og:description\" content=\"Demande de remboursement TECS : valable pour les concessionnaires SATAP, A4, A6, CDT, A10, SAV A5, A32, A33, A58, A35, A15, Autovia Padana\" \/>\n<meta property=\"og:url\" content=\"https:\/\/www.teonline.it\/fr\/demande-de-remboursement\/\" \/>\n<meta property=\"og:site_name\" content=\"TECS Portale Trasporti Eccezionali\" \/>\n<meta property=\"article:modified_time\" content=\"2026-02-04T09:50:18+00:00\" \/>\n<meta property=\"og:image\" content=\"https:\/\/www.teonline.it\/wp-content\/uploads\/2025\/06\/TECS-Trasporti-Eccezionali-Centro-Servizi-01.jpg\" \/>\n\t<meta property=\"og:image:width\" content=\"1200\" \/>\n\t<meta property=\"og:image:height\" content=\"675\" \/>\n\t<meta property=\"og:image:type\" content=\"image\/jpeg\" \/>\n<meta name=\"twitter:card\" content=\"summary_large_image\" \/>\n<meta name=\"twitter:label1\" content=\"Dur\u00e9e de lecture estim\u00e9e\" \/>\n\t<meta name=\"twitter:data1\" content=\"1 minute\" \/>\n<script type=\"application\/ld+json\" class=\"yoast-schema-graph\">{\"@context\":\"https:\/\/schema.org\",\"@graph\":[{\"@type\":\"WebPage\",\"@id\":\"https:\/\/www.teonline.it\/fr\/demande-de-remboursement\/\",\"url\":\"https:\/\/www.teonline.it\/fr\/demande-de-remboursement\/\",\"name\":\"Demande de remboursement - TECS Portale Trasporti Eccezionali\",\"isPartOf\":{\"@id\":\"https:\/\/www.teonline.it\/fr\/#website\"},\"datePublished\":\"2025-06-20T10:34:58+00:00\",\"dateModified\":\"2026-02-04T09:50:18+00:00\",\"description\":\"Demande de remboursement TECS : valable pour les concessionnaires SATAP, A4, A6, CDT, A10, SAV A5, A32, A33, A58, A35, A15, Autovia Padana\",\"breadcrumb\":{\"@id\":\"https:\/\/www.teonline.it\/fr\/demande-de-remboursement\/#breadcrumb\"},\"inLanguage\":\"fr-FR\",\"potentialAction\":[{\"@type\":\"ReadAction\",\"target\":[\"https:\/\/www.teonline.it\/fr\/demande-de-remboursement\/\"]}]},{\"@type\":\"BreadcrumbList\",\"@id\":\"https:\/\/www.teonline.it\/fr\/demande-de-remboursement\/#breadcrumb\",\"itemListElement\":[{\"@type\":\"ListItem\",\"position\":1,\"name\":\"Home\",\"item\":\"https:\/\/www.teonline.it\/fr\/\"},{\"@type\":\"ListItem\",\"position\":2,\"name\":\"Demande de remboursement\"}]},{\"@type\":\"WebSite\",\"@id\":\"https:\/\/www.teonline.it\/fr\/#website\",\"url\":\"https:\/\/www.teonline.it\/fr\/\",\"name\":\"TECS Trasporti Eccezionali Centro Servizi\",\"description\":\"TECS\",\"publisher\":{\"@id\":\"https:\/\/www.teonline.it\/fr\/#organization\"},\"alternateName\":\"TECS\",\"potentialAction\":[{\"@type\":\"SearchAction\",\"target\":{\"@type\":\"EntryPoint\",\"urlTemplate\":\"https:\/\/www.teonline.it\/fr\/?s={search_term_string}\"},\"query-input\":{\"@type\":\"PropertyValueSpecification\",\"valueRequired\":true,\"valueName\":\"search_term_string\"}}],\"inLanguage\":\"fr-FR\"},{\"@type\":\"Organization\",\"@id\":\"https:\/\/www.teonline.it\/fr\/#organization\",\"name\":\"TECS Trasporti Eccezionali Centro Servizi\",\"alternateName\":\"TECS\",\"url\":\"https:\/\/www.teonline.it\/fr\/\",\"logo\":{\"@type\":\"ImageObject\",\"inLanguage\":\"fr-FR\",\"@id\":\"https:\/\/www.teonline.it\/fr\/#\/schema\/logo\/image\/\",\"url\":\"https:\/\/www.teonline.it\/wp-content\/uploads\/2025\/06\/TECS-Trasporti-Eccezionali-Centro-Servizi-02.jpg\",\"contentUrl\":\"https:\/\/www.teonline.it\/wp-content\/uploads\/2025\/06\/TECS-Trasporti-Eccezionali-Centro-Servizi-02.jpg\",\"width\":696,\"height\":696,\"caption\":\"TECS Trasporti Eccezionali Centro Servizi\"},\"image\":{\"@id\":\"https:\/\/www.teonline.it\/fr\/#\/schema\/logo\/image\/\"}}]}<\/script>\n<!-- \/ Yoast SEO plugin. -->","yoast_head_json":{"title":"Demande de remboursement - TECS Portale Trasporti Eccezionali","description":"Demande de remboursement TECS : valable pour les concessionnaires SATAP, A4, A6, CDT, A10, SAV A5, A32, A33, A58, A35, A15, Autovia Padana","robots":{"index":"index","follow":"follow","max-snippet":"max-snippet:-1","max-image-preview":"max-image-preview:large","max-video-preview":"max-video-preview:-1"},"canonical":"https:\/\/www.teonline.it\/fr\/demande-de-remboursement\/","og_locale":"fr_FR","og_type":"article","og_title":"Demande de remboursement - TECS Portale Trasporti Eccezionali","og_description":"Demande de remboursement TECS : valable pour les concessionnaires SATAP, A4, A6, CDT, A10, SAV A5, A32, A33, A58, A35, A15, Autovia Padana","og_url":"https:\/\/www.teonline.it\/fr\/demande-de-remboursement\/","og_site_name":"TECS Portale Trasporti Eccezionali","article_modified_time":"2026-02-04T09:50:18+00:00","og_image":[{"width":1200,"height":675,"url":"https:\/\/www.teonline.it\/wp-content\/uploads\/2025\/06\/TECS-Trasporti-Eccezionali-Centro-Servizi-01.jpg","type":"image\/jpeg"}],"twitter_card":"summary_large_image","twitter_misc":{"Dur\u00e9e de lecture estim\u00e9e":"1 minute"},"schema":{"@context":"https:\/\/schema.org","@graph":[{"@type":"WebPage","@id":"https:\/\/www.teonline.it\/fr\/demande-de-remboursement\/","url":"https:\/\/www.teonline.it\/fr\/demande-de-remboursement\/","name":"Demande de remboursement - TECS Portale Trasporti Eccezionali","isPartOf":{"@id":"https:\/\/www.teonline.it\/fr\/#website"},"datePublished":"2025-06-20T10:34:58+00:00","dateModified":"2026-02-04T09:50:18+00:00","description":"Demande de remboursement TECS : valable pour les concessionnaires SATAP, A4, A6, CDT, A10, SAV A5, A32, A33, A58, A35, A15, Autovia Padana","breadcrumb":{"@id":"https:\/\/www.teonline.it\/fr\/demande-de-remboursement\/#breadcrumb"},"inLanguage":"fr-FR","potentialAction":[{"@type":"ReadAction","target":["https:\/\/www.teonline.it\/fr\/demande-de-remboursement\/"]}]},{"@type":"BreadcrumbList","@id":"https:\/\/www.teonline.it\/fr\/demande-de-remboursement\/#breadcrumb","itemListElement":[{"@type":"ListItem","position":1,"name":"Home","item":"https:\/\/www.teonline.it\/fr\/"},{"@type":"ListItem","position":2,"name":"Demande de remboursement"}]},{"@type":"WebSite","@id":"https:\/\/www.teonline.it\/fr\/#website","url":"https:\/\/www.teonline.it\/fr\/","name":"TECS Trasporti Eccezionali Centro Servizi","description":"TECS","publisher":{"@id":"https:\/\/www.teonline.it\/fr\/#organization"},"alternateName":"TECS","potentialAction":[{"@type":"SearchAction","target":{"@type":"EntryPoint","urlTemplate":"https:\/\/www.teonline.it\/fr\/?s={search_term_string}"},"query-input":{"@type":"PropertyValueSpecification","valueRequired":true,"valueName":"search_term_string"}}],"inLanguage":"fr-FR"},{"@type":"Organization","@id":"https:\/\/www.teonline.it\/fr\/#organization","name":"TECS Trasporti Eccezionali Centro Servizi","alternateName":"TECS","url":"https:\/\/www.teonline.it\/fr\/","logo":{"@type":"ImageObject","inLanguage":"fr-FR","@id":"https:\/\/www.teonline.it\/fr\/#\/schema\/logo\/image\/","url":"https:\/\/www.teonline.it\/wp-content\/uploads\/2025\/06\/TECS-Trasporti-Eccezionali-Centro-Servizi-02.jpg","contentUrl":"https:\/\/www.teonline.it\/wp-content\/uploads\/2025\/06\/TECS-Trasporti-Eccezionali-Centro-Servizi-02.jpg","width":696,"height":696,"caption":"TECS Trasporti Eccezionali Centro Servizi"},"image":{"@id":"https:\/\/www.teonline.it\/fr\/#\/schema\/logo\/image\/"}}]}},"publishpress_future_workflow_manual_trigger":{"enabledWorkflows":[]},"_links":{"self":[{"href":"https:\/\/www.teonline.it\/fr\/wp-json\/wp\/v2\/pages\/21965","targetHints":{"allow":["GET"]}}],"collection":[{"href":"https:\/\/www.teonline.it\/fr\/wp-json\/wp\/v2\/pages"}],"about":[{"href":"https:\/\/www.teonline.it\/fr\/wp-json\/wp\/v2\/types\/page"}],"author":[{"embeddable":true,"href":"https:\/\/www.teonline.it\/fr\/wp-json\/wp\/v2\/users\/2"}],"replies":[{"embeddable":true,"href":"https:\/\/www.teonline.it\/fr\/wp-json\/wp\/v2\/comments?post=21965"}],"version-history":[{"count":1,"href":"https:\/\/www.teonline.it\/fr\/wp-json\/wp\/v2\/pages\/21965\/revisions"}],"predecessor-version":[{"id":21966,"href":"https:\/\/www.teonline.it\/fr\/wp-json\/wp\/v2\/pages\/21965\/revisions\/21966"}],"wp:attachment":[{"href":"https:\/\/www.teonline.it\/fr\/wp-json\/wp\/v2\/media?parent=21965"}],"curies":[{"name":"wp","href":"https:\/\/api.w.org\/{rel}","templated":true}]}}