{"id":21957,"date":"2025-06-20T12:28:37","date_gmt":"2025-06-20T10:28:37","guid":{"rendered":"https:\/\/www.teonline.it\/tipi-di-asse\/"},"modified":"2026-02-04T10:47:00","modified_gmt":"2026-02-04T09:47:00","slug":"types-dessieux","status":"publish","type":"page","link":"https:\/\/www.teonline.it\/fr\/types-dessieux\/","title":{"rendered":"Types d&rsquo;essieux"},"content":{"rendered":"<div class=\"wpb-content-wrapper\"><p>[vc_row full_width=\u00a0\u00bbstretch_row_content_no_spaces\u00a0\u00bb gap=\u00a0\u00bb35&Prime; row_type=\u00a0\u00bbrow\u00a0\u00bb use_row_as_full_screen_section=\u00a0\u00bbno\u00a0\u00bb type=\u00a0\u00bbfull_width\u00a0\u00bb angled_section=\u00a0\u00bbno\u00a0\u00bb text_align=\u00a0\u00bbleft\u00a0\u00bb background_image_as_pattern=\u00a0\u00bbwithout_pattern\u00a0\u00bb el_class=\u00a0\u00bbriga-pad\u00a0\u00bb][vc_column width=\u00a0\u00bb1\/4&Prime; offset=\u00a0\u00bbvc_hidden-sm vc_hidden-xs\u00a0\u00bb el_class=\u00a0\u00bbColonnaSinistra\u00a0\u00bb][vc_widget_sidebar sidebar_id=\u00a0\u00bbmenu-autorizzazioni\u00a0\u00bb][\/vc_column][vc_column width=\u00a0\u00bb1\/2&Prime; el_class=\u00a0\u00bbColonnaCentro\u00a0\u00bb][vc_column_text css=\u00a0\u00bb\u00a0\u00bb el_class=\u00a0\u00bbTitoloPagina\u00a0\u00bb]<\/p>\n<h1>Types d&rsquo;essieux<\/h1>\n<p>[\/vc_column_text][vc_column_text css=\u00a0\u00bb\u00a0\u00bb]<\/p>\n<table class=\"tab-dati\">\n<tbody>\n<tr>\n<td style=\"background-color: #005abb;\" colspan=\"3\" bgcolor=\"#005abb\">\n<p style=\"color: #fff;\"><strong>ESSIEUX \u00c0 DEUX ROUES<\/strong><\/p>\n<\/td>\n<\/tr>\n<tr>\n<td style=\"vertical-align: top; width: 100px;\"><strong>Essieu S1<\/strong><\/td>\n<td style=\"vertical-align: top;\">Largeur jusqu&rsquo;\u00e0 2,5<\/td>\n<td><img loading=\"lazy\" decoding=\"async\" class=\"alignright size-full wp-image-6623\" src=\"https:\/\/www.teonline.it\/wp-content\/uploads\/asse_s1.png\" alt=\"asse_s1\" width=\"145\" height=\"46\" \/><\/td>\n<\/tr>\n<tr>\n<td valign=\"top\"><strong>Essieu S2<\/strong><\/td>\n<td valign=\"top\">Largeur sup\u00e9rieure \u00e0 2,5 m<\/td>\n<td>\u00a0<img loading=\"lazy\" decoding=\"async\" class=\"alignright size-full wp-image-6622\" src=\"https:\/\/www.teonline.it\/wp-content\/uploads\/asse_s2.png\" alt=\"asse_s2\" width=\"230\" height=\"46\" \/><\/td>\n<\/tr>\n<tr>\n<td valign=\"top\"><strong>Essieu MG<\/strong><\/td>\n<td valign=\"top\">Largeur sup\u00e9rieure \u00e0 2,5 m<\/td>\n<td>\u00a0<img loading=\"lazy\" decoding=\"async\" class=\"alignright size-full wp-image-6621\" src=\"https:\/\/www.teonline.it\/wp-content\/uploads\/asse_mg.png\" alt=\"asse_mg\" width=\"145\" height=\"46\" \/><\/td>\n<\/tr>\n<tr>\n<td valign=\"top\"><strong>Essieu MG<\/strong><\/td>\n<td valign=\"top\">Largeur sup\u00e9rieure \u00e0 2,5 m<\/td>\n<td>\u00a0<img loading=\"lazy\" decoding=\"async\" class=\"alignright size-full wp-image-6620\" src=\"https:\/\/www.teonline.it\/wp-content\/uploads\/asse_mg2.png\" alt=\"asse_mg2\" width=\"230\" height=\"46\" \/><\/td>\n<\/tr>\n<\/tbody>\n<\/table>\n<p>[\/vc_column_text][vc_empty_space el_id=\u00a0\u00bbbenefici\u00a0\u00bb][vc_column_text css=\u00a0\u00bb\u00a0\u00bb]<\/p>\n<table class=\"tab-dati\">\n<tbody>\n<tr>\n<td style=\"background-color: #005abb;\" colspan=\"3\" bgcolor=\"#005abb\">\n<p style=\"color: #fff;\"><strong>ESSIEUX \u00c0 QUATRE ROUES<\/strong><\/p>\n<\/td>\n<\/tr>\n<tr>\n<td style=\"vertical-align: top; width: 100px;\"><strong>Essieu G1<\/strong><\/td>\n<td style=\"vertical-align: top;\">Essieu \u00e0 4 roues coupl\u00e9es deux \u00e0 deux (roues jumel\u00e9es), largeur jusqu&rsquo;\u00e0 2,5 m et empattement entre deux pneus adjacents inf\u00e9rieur \u00e0 0,6 m.<\/td>\n<td><img loading=\"lazy\" decoding=\"async\" class=\"alignright size-full wp-image-6632\" src=\"\/wp-content\/uploads\/asse_g11.png\" alt=\"essieu_g1\" width=\"145\" height=\"46\" data-uw-rm-alt-original=\"asse_g1\" data-uw-rm-alt=\"ALT\" \/><\/td>\n<\/tr>\n<tr>\n<td valign=\"top\"><strong>Essieu G2<\/strong><\/td>\n<td valign=\"top\">Essieu \u00e0 4 roues coupl\u00e9es deux \u00e0 deux (roues jumel\u00e9es), largeur sup\u00e9rieure \u00e0 2,5 m et empattement entre deux pneus adjacents inf\u00e9rieur \u00e0 0,6 m.<\/td>\n<td>\u00a0<img loading=\"lazy\" decoding=\"async\" class=\"alignright size-full wp-image-6633\" src=\"\/wp-content\/uploads\/asse_g21.png\" alt=\"essieu_g2\" width=\"230\" height=\"46\" data-uw-rm-alt-original=\"asse_g2\" data-uw-rm-alt=\"ALT\" \/><\/td>\n<\/tr>\n<tr>\n<td valign=\"top\"><strong>Essieu G3<\/strong><\/td>\n<td valign=\"top\">Essieu \u00e0 4 roues espac\u00e9es, largeur maximale de 2,5 m et empattement entre deux pneus adjacents sup\u00e9rieur ou \u00e9gal \u00e0 0,6\u00a0m.<\/td>\n<td>\u00a0<img loading=\"lazy\" decoding=\"async\" class=\"alignright size-full wp-image-6634\" src=\"\/wp-content\/uploads\/asseG31.png\" alt=\"essieuG3\" width=\"145\" height=\"46\" data-uw-rm-alt-original=\"asseG3\" data-uw-rm-alt=\"ALT\" \/><\/td>\n<\/tr>\n<tr>\n<td valign=\"top\"><strong>Essieu C4L<\/strong><\/td>\n<td valign=\"top\">Essieu \u00e0 4 roues espac\u00e9es, largeur sup\u00e9rieure \u00e0 2,5 m et empattement entre deux pneus adjacents sup\u00e9rieur ou \u00e9gal \u00e0 0,6\u00a0m.<\/td>\n<td>\u00a0<img loading=\"lazy\" decoding=\"async\" class=\"alignright size-full wp-image-6635\" src=\"\/wp-content\/uploads\/asse_c4L1.png\" alt=\"essieu_c4L\" width=\"230\" height=\"46\" data-uw-rm-alt-original=\"asse_c4L\" data-uw-rm-alt=\"ALT\" \/><\/td>\n<\/tr>\n<tr>\n<td valign=\"top\"><strong>Essieu C4V<\/strong><\/td>\n<td valign=\"top\">Essieu \u00e0 4 roues rapproch\u00e9es, largeur jusqu&rsquo;\u00e0 2,5\u00a0m et empattement entre deux pneus adjacents inf\u00e9rieur \u00e0 0,5\u00a0m.<\/td>\n<td>\u00a0<img loading=\"lazy\" decoding=\"async\" class=\"alignright size-full wp-image-6636\" src=\"\/wp-content\/uploads\/asse_c4v1.png\" alt=\"essieu_c4v\" width=\"142\" height=\"35\" data-uw-rm-alt-original=\"asse_c4v\" data-uw-rm-alt=\"ALT\" \/><\/td>\n<\/tr>\n<tr>\n<td valign=\"top\"><strong>Essieu C4V<\/strong><\/td>\n<td valign=\"top\">Essieu \u00e0 4 roues rapproch\u00e9es, largeur sup\u00e9rieure \u00e0 2,5\u00a0m et empattement entre deux pneus adjacents inf\u00e9rieur \u00e0 0,5\u00a0m.<\/td>\n<td>\u00a0<img loading=\"lazy\" decoding=\"async\" class=\"alignright size-full wp-image-6637\" src=\"\/wp-content\/uploads\/asse_c4v21.png\" alt=\"essieu_c4v2\" width=\"230\" height=\"35\" data-uw-rm-alt-original=\"asse_c4v2\" data-uw-rm-alt=\"ALT\" \/><\/td>\n<\/tr>\n<tr>\n<td valign=\"top\"><strong>Essieu C4L<\/strong><\/td>\n<td valign=\"top\">Essieu \u00e0 4 roues espac\u00e9es, largeur maximale de 2,5 m et empattement entre deux pneus adjacents sup\u00e9rieur ou \u00e9gal \u00e0 0,5\u00a0m.<\/td>\n<td>\u00a0<img loading=\"lazy\" decoding=\"async\" class=\"alignright size-full wp-image-6638\" src=\"\/wp-content\/uploads\/asse_c4L-21.png\" alt=\"essieu_c4L-2\" width=\"141\" height=\"35\" data-uw-rm-alt-original=\"asse_c4L-2\" data-uw-rm-alt=\"ALT\" \/><\/td>\n<\/tr>\n<tr>\n<td valign=\"top\"><strong>Essieu C4L<\/strong><\/td>\n<td valign=\"top\">Essieu \u00e0 4 roues espac\u00e9es, largeur sup\u00e9rieure \u00e0 2,5 m et empattement entre deux pneus adjacents sup\u00e9rieur ou \u00e9gal \u00e0 0,5\u00a0m.<\/td>\n<td>\u00a0<img loading=\"lazy\" decoding=\"async\" class=\"alignright size-full wp-image-6612\" src=\"\/wp-content\/uploads\/asse_c4L-3.png\" alt=\"essieu_c4L-3\" width=\"230\" height=\"35\" data-uw-rm-alt-original=\"asse_c4L-3\" data-uw-rm-alt=\"ALT\" \/><\/td>\n<\/tr>\n<\/tbody>\n<\/table>\n<p>[\/vc_column_text][vc_empty_space][vc_column_text css=\u00a0\u00bb\u00a0\u00bb]<\/p>\n<table class=\"tab-dati\">\n<tbody>\n<tr>\n<td style=\"background-color: #005abb;\" colspan=\"3\" bgcolor=\"#005abb\">\n<p style=\"color: #fff;\"><strong>ESSIEUX \u00c0 HUIT ROUES<\/strong><\/p>\n<\/td>\n<\/tr>\n<tr>\n<td valign=\"top\" width=\"100px\"><strong>Essieu C8<\/strong><\/td>\n<td valign=\"top\">Largeur de la voie jusqu&rsquo;\u00e0 2,5 m.<\/td>\n<td>\u00a0<img loading=\"lazy\" decoding=\"async\" class=\"alignright size-full wp-image-6611\" src=\"\/wp-content\/uploads\/asse_c8.png\" alt=\"asse_c8\" width=\"144\" height=\"35\" \/><\/td>\n<\/tr>\n<tr>\n<td valign=\"top\"><strong>Essieu C8<\/strong><\/td>\n<td valign=\"top\">Largeur de la voie sup\u00e9rieure \u00e0 2,5 m.<\/td>\n<td>\u00a0<img loading=\"lazy\" decoding=\"async\" class=\"alignright size-full wp-image-6610\" src=\"\/wp-content\/uploads\/asse_c82.png\" alt=\"asse_c82\" width=\"230\" height=\"35\" \/><\/td>\n<\/tr>\n<\/tbody>\n<\/table>\n<p>[\/vc_column_text][vc_empty_space][vc_column_text css=\u00a0\u00bb\u00a0\u00bb]<\/p>\n<table class=\"tab-dati\">\n<tbody>\n<tr>\n<td style=\"background-color: #005abb;\" colspan=\"3\" bgcolor=\"#005abb\">\n<p style=\"color: #fff;\"><strong>ESSIEUX TANDEM ET QUADRUPLES<\/strong><\/p>\n<\/td>\n<\/tr>\n<tr>\n<td valign=\"top\" width=\"100px\"><strong>EssieuTSS<\/strong><\/td>\n<td valign=\"top\">Paire d&rsquo;essieux de type \u00ab S1 \u00bb avec une distance entre les deux essieux inf\u00e9rieure ou \u00e9gale \u00e0 1,8 m.<\/td>\n<td>\u00a0<img loading=\"lazy\" decoding=\"async\" class=\"alignright size-full wp-image-6609\" src=\"\/wp-content\/uploads\/asse_tss.png\" alt=\"asse_tss\" width=\"145\" height=\"119\" \/><\/td>\n<\/tr>\n<tr>\n<td valign=\"top\"><strong>Essieu 2Xc4L<\/strong><\/td>\n<td valign=\"top\">Paire d&rsquo;essieux de type \u00ab C4L \u00bb avec une distance entre les deux essieux inf\u00e9rieure ou \u00e9gale \u00e01,0 m.<\/td>\n<td>\u00a0<img loading=\"lazy\" decoding=\"async\" class=\"alignright size-full wp-image-6608\" src=\"\/wp-content\/uploads\/asse_2xc4L.png\" alt=\"asse_2xc4L\" width=\"230\" height=\"79\" \/><\/td>\n<\/tr>\n<tr>\n<td valign=\"top\"><strong>Essieu TSG<\/strong><\/td>\n<td valign=\"top\">Paire d&rsquo;essieux de type \u00ab G3 \u00bb avec une distance entre les deux essieux inf\u00e9rieure ou \u00e9gale \u00e0 1,8 m.<\/td>\n<td>\u00a0<img loading=\"lazy\" decoding=\"async\" class=\"alignright size-full wp-image-6607\" src=\"\/wp-content\/uploads\/asse_tsg.png\" alt=\"asse_tsg\" width=\"145\" height=\"163\" \/><\/td>\n<\/tr>\n<tr>\n<td valign=\"top\"><strong>Essieu 4Xc4L<\/strong><\/td>\n<td valign=\"top\">Un groupe de 4 essieux de type \u00ab C4L \u00bb avec une distance entre les essieux inf\u00e9rieure ou \u00e9gale \u00e0 1,0 m.<\/td>\n<td>\u00a0<img loading=\"lazy\" decoding=\"async\" class=\"alignright size-full wp-image-6624\" src=\"\/wp-content\/uploads\/asse_4xC4L.png\" alt=\"asse_4xC4L\" width=\"230\" height=\"168\" \/><\/td>\n<\/tr>\n<\/tbody>\n<\/table>\n<p>[\/vc_column_text][vc_empty_space][vc_column_text css=\u00a0\u00bb\u00a0\u00bb]<\/p>\n<table class=\"tab-dati\">\n<tbody>\n<tr>\n<td style=\"background-color: #005abb;\" colspan=\"3\" bgcolor=\"#005abb\">\n<p style=\"color: #fff;\"><strong>L\u00c9GENDE<\/strong><\/p>\n<\/td>\n<\/tr>\n<tr>\n<td valign=\"top\"><strong>Pneus de type 7,50\/8,25\/15\/16 PR 14\/16<br \/>\net similaires<\/strong><\/td>\n<td valign=\"top\"><\/td>\n<td align=\"center\" valign=\"top\"><img loading=\"lazy\" decoding=\"async\" class=\"alignright size-full wp-image-6742\" src=\"http:\/\/www.teonline.it\/wp-content\/uploads\/gomma_11.gif\" alt=\"gomma_1\" width=\"11\" height=\"35\" \/><\/td>\n<\/tr>\n<tr>\n<td valign=\"top\"><strong>Pneus de type 10\/11\/12\/20 PR 16\/18 et tailles sup\u00e9rieures.<\/strong><\/td>\n<td valign=\"top\"><\/td>\n<td align=\"center\" valign=\"middle\"><img loading=\"lazy\" decoding=\"async\" class=\"alignright size-full wp-image-6742\" src=\"http:\/\/www.teonline.it\/wp-content\/uploads\/gomma_21.gif\" alt=\"gomma_1\" width=\"11\" height=\"35\" \/><\/td>\n<\/tr>\n<tr>\n<td valign=\"top\"><strong>Pneus maxi 14.00\u00d724, 14.00\u00d725, 16.00\u00d725 G20<\/strong><\/td>\n<td valign=\"top\"><\/td>\n<td align=\"center\" valign=\"middle\"><img loading=\"lazy\" decoding=\"async\" class=\"alignright size-full wp-image-6744\" src=\"http:\/\/www.teonline.it\/wp-content\/uploads\/gomma_31.gif\" alt=\"gomma_3\" width=\"21\" height=\"46\" \/><\/td>\n<\/tr>\n<\/tbody>\n<\/table>\n<p>[\/vc_column_text][vc_empty_space][\/vc_column][vc_column width=\u00a0\u00bb1\/4&Prime; el_class=\u00a0\u00bbColonnaDestra\u00a0\u00bb][\/vc_column][\/vc_row]<\/p>\n<\/div>","protected":false},"excerpt":{"rendered":"<p>[vc_row full_width=\u00a0\u00bbstretch_row_content_no_spaces\u00a0\u00bb gap=\u00a0\u00bb35&Prime; row_type=\u00a0\u00bbrow\u00a0\u00bb use_row_as_full_screen_section=\u00a0\u00bbno\u00a0\u00bb type=\u00a0\u00bbfull_width\u00a0\u00bb angled_section=\u00a0\u00bbno\u00a0\u00bb text_align=\u00a0\u00bbleft\u00a0\u00bb background_image_as_pattern=\u00a0\u00bbwithout_pattern\u00a0\u00bb el_class=\u00a0\u00bbriga-pad\u00a0\u00bb][vc_column width=\u00a0\u00bb1\/4&Prime; offset=\u00a0\u00bbvc_hidden-sm vc_hidden-xs\u00a0\u00bb el_class=\u00a0\u00bbColonnaSinistra\u00a0\u00bb][vc_widget_sidebar sidebar_id=\u00a0\u00bbmenu-autorizzazioni\u00a0\u00bb][\/vc_column][vc_column width=\u00a0\u00bb1\/2&Prime; el_class=\u00a0\u00bbColonnaCentro\u00a0\u00bb][vc_column_text css=\u00a0\u00bb\u00a0\u00bb el_class=\u00a0\u00bbTitoloPagina\u00a0\u00bb] Types d&rsquo;essieux [\/vc_column_text][vc_column_text css=\u00a0\u00bb\u00a0\u00bb] ESSIEUX \u00c0 DEUX ROUES Essieu S1 Largeur jusqu&rsquo;\u00e0 2,5 Essieu S2 Largeur sup\u00e9rieure \u00e0 2,5 m \u00a0 [&hellip;]<\/p>\n","protected":false},"author":2,"featured_media":0,"parent":0,"menu_order":0,"comment_status":"closed","ping_status":"closed","template":"full-width.php","meta":{"_acf_changed":false,"footnotes":""},"class_list":["post-21957","page","type-page","status-publish","hentry"],"acf":[],"yoast_head":"<!-- This site is optimized with the Yoast SEO plugin v26.5 - https:\/\/yoast.com\/wordpress\/plugins\/seo\/ -->\n<title>Types d&#039;essieux - TECS Portale Trasporti Eccezionali<\/title>\n<meta name=\"description\" content=\"TECS : Consultez les types d&#039;essieux relatifs aux transports exceptionnels\" \/>\n<meta name=\"robots\" content=\"index, follow, max-snippet:-1, max-image-preview:large, max-video-preview:-1\" \/>\n<link rel=\"canonical\" href=\"https:\/\/www.teonline.it\/fr\/types-dessieux\/\" \/>\n<meta property=\"og:locale\" content=\"fr_FR\" \/>\n<meta property=\"og:type\" content=\"article\" \/>\n<meta property=\"og:title\" content=\"Types d&#039;essieux - TECS Portale Trasporti Eccezionali\" \/>\n<meta property=\"og:description\" content=\"TECS : Consultez les types d&#039;essieux relatifs aux transports exceptionnels\" \/>\n<meta property=\"og:url\" content=\"https:\/\/www.teonline.it\/fr\/types-dessieux\/\" \/>\n<meta property=\"og:site_name\" content=\"TECS Portale Trasporti Eccezionali\" \/>\n<meta property=\"article:modified_time\" content=\"2026-02-04T09:47:00+00:00\" \/>\n<meta property=\"og:image\" content=\"https:\/\/www.teonline.it\/wp-content\/uploads\/2025\/06\/TECS-Trasporti-Eccezionali-Centro-Servizi-01.jpg\" \/>\n\t<meta property=\"og:image:width\" content=\"1200\" \/>\n\t<meta property=\"og:image:height\" content=\"675\" \/>\n\t<meta property=\"og:image:type\" content=\"image\/jpeg\" \/>\n<meta name=\"twitter:card\" content=\"summary_large_image\" \/>\n<meta name=\"twitter:label1\" content=\"Dur\u00e9e de lecture estim\u00e9e\" \/>\n\t<meta name=\"twitter:data1\" content=\"7 minutes\" \/>\n<script type=\"application\/ld+json\" class=\"yoast-schema-graph\">{\"@context\":\"https:\/\/schema.org\",\"@graph\":[{\"@type\":\"WebPage\",\"@id\":\"https:\/\/www.teonline.it\/fr\/types-dessieux\/\",\"url\":\"https:\/\/www.teonline.it\/fr\/types-dessieux\/\",\"name\":\"Types d'essieux - TECS Portale Trasporti Eccezionali\",\"isPartOf\":{\"@id\":\"https:\/\/www.teonline.it\/fr\/#website\"},\"primaryImageOfPage\":{\"@id\":\"https:\/\/www.teonline.it\/fr\/types-dessieux\/#primaryimage\"},\"image\":{\"@id\":\"https:\/\/www.teonline.it\/fr\/types-dessieux\/#primaryimage\"},\"thumbnailUrl\":\"https:\/\/www.teonline.it\/wp-content\/uploads\/asse_s1.png\",\"datePublished\":\"2025-06-20T10:28:37+00:00\",\"dateModified\":\"2026-02-04T09:47:00+00:00\",\"description\":\"TECS : Consultez les types d'essieux relatifs aux transports exceptionnels\",\"breadcrumb\":{\"@id\":\"https:\/\/www.teonline.it\/fr\/types-dessieux\/#breadcrumb\"},\"inLanguage\":\"fr-FR\",\"potentialAction\":[{\"@type\":\"ReadAction\",\"target\":[\"https:\/\/www.teonline.it\/fr\/types-dessieux\/\"]}]},{\"@type\":\"ImageObject\",\"inLanguage\":\"fr-FR\",\"@id\":\"https:\/\/www.teonline.it\/fr\/types-dessieux\/#primaryimage\",\"url\":\"https:\/\/www.teonline.it\/wp-content\/uploads\/asse_s1.png\",\"contentUrl\":\"https:\/\/www.teonline.it\/wp-content\/uploads\/asse_s1.png\"},{\"@type\":\"BreadcrumbList\",\"@id\":\"https:\/\/www.teonline.it\/fr\/types-dessieux\/#breadcrumb\",\"itemListElement\":[{\"@type\":\"ListItem\",\"position\":1,\"name\":\"Home\",\"item\":\"https:\/\/www.teonline.it\/fr\/\"},{\"@type\":\"ListItem\",\"position\":2,\"name\":\"Types d&#8217;essieux\"}]},{\"@type\":\"WebSite\",\"@id\":\"https:\/\/www.teonline.it\/fr\/#website\",\"url\":\"https:\/\/www.teonline.it\/fr\/\",\"name\":\"TECS Trasporti Eccezionali Centro Servizi\",\"description\":\"TECS\",\"publisher\":{\"@id\":\"https:\/\/www.teonline.it\/fr\/#organization\"},\"alternateName\":\"TECS\",\"potentialAction\":[{\"@type\":\"SearchAction\",\"target\":{\"@type\":\"EntryPoint\",\"urlTemplate\":\"https:\/\/www.teonline.it\/fr\/?s={search_term_string}\"},\"query-input\":{\"@type\":\"PropertyValueSpecification\",\"valueRequired\":true,\"valueName\":\"search_term_string\"}}],\"inLanguage\":\"fr-FR\"},{\"@type\":\"Organization\",\"@id\":\"https:\/\/www.teonline.it\/fr\/#organization\",\"name\":\"TECS Trasporti Eccezionali Centro Servizi\",\"alternateName\":\"TECS\",\"url\":\"https:\/\/www.teonline.it\/fr\/\",\"logo\":{\"@type\":\"ImageObject\",\"inLanguage\":\"fr-FR\",\"@id\":\"https:\/\/www.teonline.it\/fr\/#\/schema\/logo\/image\/\",\"url\":\"https:\/\/www.teonline.it\/wp-content\/uploads\/2025\/06\/TECS-Trasporti-Eccezionali-Centro-Servizi-02.jpg\",\"contentUrl\":\"https:\/\/www.teonline.it\/wp-content\/uploads\/2025\/06\/TECS-Trasporti-Eccezionali-Centro-Servizi-02.jpg\",\"width\":696,\"height\":696,\"caption\":\"TECS Trasporti Eccezionali Centro Servizi\"},\"image\":{\"@id\":\"https:\/\/www.teonline.it\/fr\/#\/schema\/logo\/image\/\"}}]}<\/script>\n<!-- \/ Yoast SEO plugin. -->","yoast_head_json":{"title":"Types d'essieux - TECS Portale Trasporti Eccezionali","description":"TECS : Consultez les types d'essieux relatifs aux transports exceptionnels","robots":{"index":"index","follow":"follow","max-snippet":"max-snippet:-1","max-image-preview":"max-image-preview:large","max-video-preview":"max-video-preview:-1"},"canonical":"https:\/\/www.teonline.it\/fr\/types-dessieux\/","og_locale":"fr_FR","og_type":"article","og_title":"Types d'essieux - TECS Portale Trasporti Eccezionali","og_description":"TECS : Consultez les types d'essieux relatifs aux transports exceptionnels","og_url":"https:\/\/www.teonline.it\/fr\/types-dessieux\/","og_site_name":"TECS Portale Trasporti Eccezionali","article_modified_time":"2026-02-04T09:47:00+00:00","og_image":[{"width":1200,"height":675,"url":"https:\/\/www.teonline.it\/wp-content\/uploads\/2025\/06\/TECS-Trasporti-Eccezionali-Centro-Servizi-01.jpg","type":"image\/jpeg"}],"twitter_card":"summary_large_image","twitter_misc":{"Dur\u00e9e de lecture estim\u00e9e":"7 minutes"},"schema":{"@context":"https:\/\/schema.org","@graph":[{"@type":"WebPage","@id":"https:\/\/www.teonline.it\/fr\/types-dessieux\/","url":"https:\/\/www.teonline.it\/fr\/types-dessieux\/","name":"Types d'essieux - TECS Portale Trasporti Eccezionali","isPartOf":{"@id":"https:\/\/www.teonline.it\/fr\/#website"},"primaryImageOfPage":{"@id":"https:\/\/www.teonline.it\/fr\/types-dessieux\/#primaryimage"},"image":{"@id":"https:\/\/www.teonline.it\/fr\/types-dessieux\/#primaryimage"},"thumbnailUrl":"https:\/\/www.teonline.it\/wp-content\/uploads\/asse_s1.png","datePublished":"2025-06-20T10:28:37+00:00","dateModified":"2026-02-04T09:47:00+00:00","description":"TECS : Consultez les types d'essieux relatifs aux transports exceptionnels","breadcrumb":{"@id":"https:\/\/www.teonline.it\/fr\/types-dessieux\/#breadcrumb"},"inLanguage":"fr-FR","potentialAction":[{"@type":"ReadAction","target":["https:\/\/www.teonline.it\/fr\/types-dessieux\/"]}]},{"@type":"ImageObject","inLanguage":"fr-FR","@id":"https:\/\/www.teonline.it\/fr\/types-dessieux\/#primaryimage","url":"https:\/\/www.teonline.it\/wp-content\/uploads\/asse_s1.png","contentUrl":"https:\/\/www.teonline.it\/wp-content\/uploads\/asse_s1.png"},{"@type":"BreadcrumbList","@id":"https:\/\/www.teonline.it\/fr\/types-dessieux\/#breadcrumb","itemListElement":[{"@type":"ListItem","position":1,"name":"Home","item":"https:\/\/www.teonline.it\/fr\/"},{"@type":"ListItem","position":2,"name":"Types d&#8217;essieux"}]},{"@type":"WebSite","@id":"https:\/\/www.teonline.it\/fr\/#website","url":"https:\/\/www.teonline.it\/fr\/","name":"TECS Trasporti Eccezionali Centro Servizi","description":"TECS","publisher":{"@id":"https:\/\/www.teonline.it\/fr\/#organization"},"alternateName":"TECS","potentialAction":[{"@type":"SearchAction","target":{"@type":"EntryPoint","urlTemplate":"https:\/\/www.teonline.it\/fr\/?s={search_term_string}"},"query-input":{"@type":"PropertyValueSpecification","valueRequired":true,"valueName":"search_term_string"}}],"inLanguage":"fr-FR"},{"@type":"Organization","@id":"https:\/\/www.teonline.it\/fr\/#organization","name":"TECS Trasporti Eccezionali Centro Servizi","alternateName":"TECS","url":"https:\/\/www.teonline.it\/fr\/","logo":{"@type":"ImageObject","inLanguage":"fr-FR","@id":"https:\/\/www.teonline.it\/fr\/#\/schema\/logo\/image\/","url":"https:\/\/www.teonline.it\/wp-content\/uploads\/2025\/06\/TECS-Trasporti-Eccezionali-Centro-Servizi-02.jpg","contentUrl":"https:\/\/www.teonline.it\/wp-content\/uploads\/2025\/06\/TECS-Trasporti-Eccezionali-Centro-Servizi-02.jpg","width":696,"height":696,"caption":"TECS Trasporti Eccezionali Centro Servizi"},"image":{"@id":"https:\/\/www.teonline.it\/fr\/#\/schema\/logo\/image\/"}}]}},"publishpress_future_workflow_manual_trigger":{"enabledWorkflows":[]},"_links":{"self":[{"href":"https:\/\/www.teonline.it\/fr\/wp-json\/wp\/v2\/pages\/21957","targetHints":{"allow":["GET"]}}],"collection":[{"href":"https:\/\/www.teonline.it\/fr\/wp-json\/wp\/v2\/pages"}],"about":[{"href":"https:\/\/www.teonline.it\/fr\/wp-json\/wp\/v2\/types\/page"}],"author":[{"embeddable":true,"href":"https:\/\/www.teonline.it\/fr\/wp-json\/wp\/v2\/users\/2"}],"replies":[{"embeddable":true,"href":"https:\/\/www.teonline.it\/fr\/wp-json\/wp\/v2\/comments?post=21957"}],"version-history":[{"count":5,"href":"https:\/\/www.teonline.it\/fr\/wp-json\/wp\/v2\/pages\/21957\/revisions"}],"predecessor-version":[{"id":21962,"href":"https:\/\/www.teonline.it\/fr\/wp-json\/wp\/v2\/pages\/21957\/revisions\/21962"}],"wp:attachment":[{"href":"https:\/\/www.teonline.it\/fr\/wp-json\/wp\/v2\/media?parent=21957"}],"curies":[{"name":"wp","href":"https:\/\/api.w.org\/{rel}","templated":true}]}}