{"id":21952,"date":"2025-06-20T12:24:04","date_gmt":"2025-06-20T10:24:04","guid":{"rendered":"https:\/\/www.teonline.it\/richiesta-autorizzazione\/"},"modified":"2026-04-10T16:38:47","modified_gmt":"2026-04-10T14:38:47","slug":"demande-dautorisation","status":"publish","type":"page","link":"https:\/\/www.teonline.it\/fr\/demande-dautorisation\/","title":{"rendered":"Demande d\u2019autorisation"},"content":{"rendered":"<div class=\"wpb-content-wrapper\"><p>[vc_row full_width=\u00a0\u00bbstretch_row_content_no_spaces\u00a0\u00bb gap=\u00a0\u00bb35&Prime; row_type=\u00a0\u00bbrow\u00a0\u00bb use_row_as_full_screen_section=\u00a0\u00bbno\u00a0\u00bb type=\u00a0\u00bbfull_width\u00a0\u00bb angled_section=\u00a0\u00bbno\u00a0\u00bb text_align=\u00a0\u00bbleft\u00a0\u00bb background_image_as_pattern=\u00a0\u00bbwithout_pattern\u00a0\u00bb el_class=\u00a0\u00bbriga-pad\u00a0\u00bb][vc_column width=\u00a0\u00bb1\/4&Prime; offset=\u00a0\u00bbvc_hidden-sm vc_hidden-xs\u00a0\u00bb el_class=\u00a0\u00bbColonnaSinistra\u00a0\u00bb][vc_widget_sidebar sidebar_id=\u00a0\u00bbmenu-autorizzazioni\u00a0\u00bb][\/vc_column][vc_column width=\u00a0\u00bb1\/2&Prime; el_class=\u00a0\u00bbColonnaCentro\u00a0\u00bb][vc_column_text css=\u00a0\u00bb\u00a0\u00bb el_class=\u00a0\u00bbTitoloPagina\u00a0\u00bb]<\/p>\n<h1>Demande d\u2019autorisation<\/h1>\n<p>[\/vc_column_text][vc_column_text css=\u00a0\u00bb\u00a0\u00bb]<table class=\"table-mr\">\n\t<thead>\n\t<tr><th class=\"th-titolo\">Document<\/th><th class=\"th-dimensione\"><span>Taille<\/span><\/th><th class=\"th-download\"><i class=\"fa fa-download\"><\/i><\/th><\/tr>\n\t<\/thead>\n\t<tbody><tr><td class=\"td-titolo\"><p>Tariffario mezzi d\u2019opera ITP Tronco 1 A55 A5 - 2026<\/p><\/td><td class=\"td-dimensione\">58&nbsp;KB<\/td><td class=\"td-download\">\n\t\t\t<a title=\"Tariffario mezzi d\u2019opera ITP Tronco 1 A55 A5 - 2026 (58&nbsp;KB)\" href=\"https:\/\/www.teonline.it\/wp-content\/uploads\/ITP-Tariffario-Mezzi-dOpera-2026-firmato.pdf\" target=\"_blank\"><i class=\"fa fa-file-pdf\"><\/i><\/a><p class=\"td-dimensione-responsive\">58&nbsp;KB<\/p><\/td>\n\t\t\t<\/tr><tr><td class=\"td-titolo\"><p>Tariffario mezzi d\u2019opera ITP Tronco 1 A55 A5 - 2025<\/p><\/td><td class=\"td-dimensione\">59&nbsp;KB<\/td><td class=\"td-download\">\n\t\t\t<a title=\"Tariffario mezzi d\u2019opera ITP Tronco 1 A55 A5 - 2025 (59&nbsp;KB)\" href=\"https:\/\/www.teonline.it\/wp-content\/uploads\/2025\/06\/Tariffario-Mezzi-dOpera-2025-FIRMATO.pdf\" target=\"_blank\"><i class=\"fa fa-file-pdf\"><\/i><\/a><p class=\"td-dimensione-responsive\">59&nbsp;KB<\/p><\/td>\n\t\t\t<\/tr><tr><td class=\"td-titolo\"><p>Richiesta Autorizzazione Trasporto Eccezionale Tronco A4 S.A.T.A.P.<\/p><\/td><td class=\"td-dimensione\">895&nbsp;KB<\/td><td class=\"td-download\">\n\t\t\t<a title=\"Richiesta Autorizzazione Trasporto Eccezionale Tronco A4 S.A.T.A.P. (895&nbsp;KB)\" href=\"https:\/\/www.teonline.it\/wp-content\/uploads\/2025\/06\/SATAP-A4-TO-MI-2.pdf\" target=\"_blank\"><i class=\"fa fa-file-pdf\"><\/i><\/a><p class=\"td-dimensione-responsive\">895&nbsp;KB<\/p><\/td>\n\t\t\t<\/tr><tr><td class=\"td-titolo\"><p>Richiesta Autorizzazione Trasporto Eccezionale ITP Tronco 2 A21 TO-PC<\/p><\/td><td class=\"td-dimensione\">0,96&nbsp;MB<\/td><td class=\"td-download\">\n\t\t\t<a title=\"Richiesta Autorizzazione Trasporto Eccezionale ITP Tronco 2 A21 TO-PC (0,96&nbsp;MB)\" href=\"https:\/\/www.teonline.it\/wp-content\/uploads\/2025\/06\/modulo_richiesta_autorizzazioni_ITP-tronco-2-A21-1.pdf\" target=\"_blank\"><i class=\"fa fa-file-pdf\"><\/i><\/a><p class=\"td-dimensione-responsive\">0,96&nbsp;MB<\/p><\/td>\n\t\t\t<\/tr><tr><td class=\"td-titolo\"><p>Richiesta Autorizzazione Autovia Padana<\/p><\/td><td class=\"td-dimensione\">555&nbsp;KB<\/td><td class=\"td-download\">\n\t\t\t<a title=\"Richiesta Autorizzazione Autovia Padana (555&nbsp;KB)\" href=\"https:\/\/www.teonline.it\/wp-content\/uploads\/2025\/06\/AutoviaPadana-A21.pdf\" target=\"_blank\"><i class=\"fa fa-file-pdf\"><\/i><\/a><p class=\"td-dimensione-responsive\">555&nbsp;KB<\/p><\/td>\n\t\t\t<\/tr><tr><td class=\"td-titolo\"><p>Richiesta Autorizzazione Trasporto Eccezionale A32 S.I.T.A.F.<\/p><\/td><td class=\"td-dimensione\">1,09&nbsp;MB<\/td><td class=\"td-download\">\n\t\t\t<a title=\"Richiesta Autorizzazione Trasporto Eccezionale A32 S.I.T.A.F. (1,09&nbsp;MB)\" href=\"https:\/\/www.teonline.it\/wp-content\/uploads\/2025\/06\/SITAF-A32.pdf\" target=\"_blank\"><i class=\"fa fa-file-pdf\"><\/i><\/a><p class=\"td-dimensione-responsive\">1,09&nbsp;MB<\/p><\/td>\n\t\t\t<\/tr><tr><td class=\"td-titolo\"><p>Richiesta Autorizzazione Trasporto Eccezionale A5 S.A.V.<\/p><\/td><td class=\"td-dimensione\">804&nbsp;KB<\/td><td class=\"td-download\">\n\t\t\t<a title=\"Richiesta Autorizzazione Trasporto Eccezionale A5 S.A.V. (804&nbsp;KB)\" href=\"https:\/\/www.teonline.it\/wp-content\/uploads\/2025\/06\/SAV-A5.pdf\" target=\"_blank\"><i class=\"fa fa-file-pdf\"><\/i><\/a><p class=\"td-dimensione-responsive\">804&nbsp;KB<\/p><\/td>\n\t\t\t<\/tr><tr><td class=\"td-titolo\"><p>Richiesta Autorizzazione Trasporto Eccezionale Asti - Cuneo S.p.A.<\/p><\/td><td class=\"td-dimensione\">868&nbsp;KB<\/td><td class=\"td-download\">\n\t\t\t<a title=\"Richiesta Autorizzazione Trasporto Eccezionale Asti - Cuneo S.p.A. (868&nbsp;KB)\" href=\"https:\/\/www.teonline.it\/wp-content\/uploads\/2025\/06\/ASTI-CUNEO-33.pdf\" target=\"_blank\"><i class=\"fa fa-file-pdf\"><\/i><\/a><p class=\"td-dimensione-responsive\">868&nbsp;KB<\/p><\/td>\n\t\t\t<\/tr><tr><td class=\"td-titolo\"><p>Richiesta Autorizzazione Trasporto Eccezionale Autostrada dei Fiori S.p.A.<\/p><\/td><td class=\"td-dimensione\">1,14&nbsp;MB<\/td><td class=\"td-download\">\n\t\t\t<a title=\"Richiesta Autorizzazione Trasporto Eccezionale Autostrada dei Fiori S.p.A. (1,14&nbsp;MB)\" href=\"https:\/\/www.teonline.it\/wp-content\/uploads\/2025\/06\/AUTOSTRADA-FIORI-A6.pdf\" target=\"_blank\"><i class=\"fa fa-file-pdf\"><\/i><\/a><p class=\"td-dimensione-responsive\">1,14&nbsp;MB<\/p><\/td>\n\t\t\t<\/tr><tr><td class=\"td-titolo\"><p>Richiesta Autorizzazione Trasporto Eccezionale Brebemi S.p.A.<\/p><\/td><td class=\"td-dimensione\">0,98&nbsp;MB<\/td><td class=\"td-download\">\n\t\t\t<a title=\"Richiesta Autorizzazione Trasporto Eccezionale Brebemi S.p.A. (0,98&nbsp;MB)\" href=\"https:\/\/www.teonline.it\/wp-content\/uploads\/2025\/06\/BRE-BE-MI-A35.pdf\" target=\"_blank\"><i class=\"fa fa-file-pdf\"><\/i><\/a><p class=\"td-dimensione-responsive\">0,98&nbsp;MB<\/p><\/td>\n\t\t\t<\/tr><tr><td class=\"td-titolo\"><p>Richiesta Autorizzazione Trasporto Eccezionale ITP Tronco 1 A55 A5<\/p><\/td><td class=\"td-dimensione\">1,95&nbsp;MB<\/td><td class=\"td-download\">\n\t\t\t<a title=\"Richiesta Autorizzazione Trasporto Eccezionale ITP Tronco 1 A55 A5 (1,95&nbsp;MB)\" href=\"https:\/\/www.teonline.it\/wp-content\/uploads\/2025\/06\/modulo_richiesta_autorizzazione_ITP-tronco-1-A55_A5.pdf\" target=\"_blank\"><i class=\"fa fa-file-pdf\"><\/i><\/a><p class=\"td-dimensione-responsive\">1,95&nbsp;MB<\/p><\/td>\n\t\t\t<\/tr><tr><td class=\"td-titolo\"><p>Richiesta Autorizzazione Trasporto Eccezionale S.A.L.T. A15<\/p><\/td><td class=\"td-dimensione\">881&nbsp;KB<\/td><td class=\"td-download\">\n\t\t\t<a title=\"Richiesta Autorizzazione Trasporto Eccezionale S.A.L.T. A15 (881&nbsp;KB)\" href=\"https:\/\/www.teonline.it\/wp-content\/uploads\/2025\/06\/CISA-2-2.pdf\" target=\"_blank\"><i class=\"fa fa-file-pdf\"><\/i><\/a><p class=\"td-dimensione-responsive\">881&nbsp;KB<\/p><\/td>\n\t\t\t<\/tr><tr><td class=\"td-titolo\"><p>Richiesta Autorizzazione Trasporto Eccezionale Concessioni del Tirreno S.p.A. \u2013 Tratta A12<\/p><\/td><td class=\"td-dimensione\">1,46&nbsp;MB<\/td><td class=\"td-download\">\n\t\t\t<a title=\"Richiesta Autorizzazione Trasporto Eccezionale Concessioni del Tirreno S.p.A. \u2013 Tratta A12 (1,46&nbsp;MB)\" href=\"https:\/\/www.teonline.it\/wp-content\/uploads\/2025\/06\/AUTOSTRADA-C.-TIRRENO-A12-1.pdf\" target=\"_blank\"><i class=\"fa fa-file-pdf\"><\/i><\/a><p class=\"td-dimensione-responsive\">1,46&nbsp;MB<\/p><\/td>\n\t\t\t<\/tr><tr><td class=\"td-titolo\"><p>Richiesta Autorizzazione Trasporto Eccezionale Concessioni del Tirreno S.p.A. \u2013 Tratta A10<\/p><\/td><td class=\"td-dimensione\">1,34&nbsp;MB<\/td><td class=\"td-download\">\n\t\t\t<a title=\"Richiesta Autorizzazione Trasporto Eccezionale Concessioni del Tirreno S.p.A. \u2013 Tratta A10 (1,34&nbsp;MB)\" href=\"https:\/\/www.teonline.it\/wp-content\/uploads\/2025\/06\/AUTOSTRADA-C.-TIRRENO-A10.pdf\" target=\"_blank\"><i class=\"fa fa-file-pdf\"><\/i><\/a><p class=\"td-dimensione-responsive\">1,34&nbsp;MB<\/p><\/td>\n\t\t\t<\/tr><tr><td class=\"td-titolo\"><p>Richiesta Autorizzazione Trasporto Eccezionale MILANO-SERRAVALLE<\/p><\/td><td class=\"td-dimensione\">609&nbsp;KB<\/td><td class=\"td-download\">\n\t\t\t<a title=\"Richiesta Autorizzazione Trasporto Eccezionale MILANO-SERRAVALLE (609&nbsp;KB)\" href=\"https:\/\/www.teonline.it\/wp-content\/uploads\/2025\/06\/SERRAVALLE.pdf\" target=\"_blank\"><i class=\"fa fa-file-pdf\"><\/i><\/a><p class=\"td-dimensione-responsive\">609&nbsp;KB<\/p><\/td>\n\t\t\t<\/tr><tr><td class=\"td-titolo\"><p>Richiesta Autorizzazione Trasporto Eccezionale Tangenziale Esterna S.p.A.<\/p><\/td><td class=\"td-dimensione\">866&nbsp;KB<\/td><td class=\"td-download\">\n\t\t\t<a title=\"Richiesta Autorizzazione Trasporto Eccezionale Tangenziale Esterna S.p.A. (866&nbsp;KB)\" href=\"https:\/\/www.teonline.it\/wp-content\/uploads\/2025\/06\/TEEM-A58.pdf\" target=\"_blank\"><i class=\"fa fa-file-pdf\"><\/i><\/a><p class=\"td-dimensione-responsive\">866&nbsp;KB<\/p><\/td>\n\t\t\t<\/tr><tr><td class=\"td-titolo\"><p>Richiesta Autorizzazione Trasporto Eccezionale SITRASB S.p.A.<\/p><\/td><td class=\"td-dimensione\">697&nbsp;KB<\/td><td class=\"td-download\">\n\t\t\t<a title=\"Richiesta Autorizzazione Trasporto Eccezionale SITRASB S.p.A. (697&nbsp;KB)\" href=\"https:\/\/www.teonline.it\/wp-content\/uploads\/2025\/06\/SITRASB.pdf\" target=\"_blank\"><i class=\"fa fa-file-pdf\"><\/i><\/a><p class=\"td-dimensione-responsive\">697&nbsp;KB<\/p><\/td>\n\t\t\t<\/tr><tr><td class=\"td-titolo\"><p>Richiesta Autorizzazione Trasporto Eccezionale Pedemontana<\/p><\/td><td class=\"td-dimensione\">905&nbsp;KB<\/td><td class=\"td-download\">\n\t\t\t<a title=\"Richiesta Autorizzazione Trasporto Eccezionale Pedemontana (905&nbsp;KB)\" href=\"https:\/\/www.teonline.it\/wp-content\/uploads\/Pedemontana-lombarda.pdf\" target=\"_blank\"><i class=\"fa fa-file-pdf\"><\/i><\/a><p class=\"td-dimensione-responsive\">905&nbsp;KB<\/p><\/td>\n\t\t\t<\/tr><\/tbody>\n\t<\/table><script type=\"text\/javascript\">jQuery(document).ready(function($){\n\t\t\n\t\t$(\".table-mr\").each(function(){\n\t\t\tvar colspan = $(this).find(\"thead > tr > th:visible\").length;\n\t\t\t$(this).find(\".tr-gruppo.tr-raggruppata > td\").attr(\"colspan\",colspan);\t\n\t\t});\t\n\t\t\n\t\t$( window ).resize(function() {\n\t\t\t$(\".table-mr\").each(function(){\n\t\t\t\tvar colspan = $(this).find(\"thead > tr > th:visible\").length;\n\t\t\t\t$(this).find(\".tr-gruppo.tr-raggruppata > td\").attr(\"colspan\",colspan);\t\n\t\t\t});\n\t\t});\n\t\t\n\t});<\/script>[\/vc_column_text][\/vc_column][vc_column width=\u00a0\u00bb1\/4&Prime; el_class=\u00a0\u00bbColonnaDestra\u00a0\u00bb][\/vc_column][\/vc_row]<\/p>\n<\/div>","protected":false},"excerpt":{"rendered":"<p>[vc_row full_width=\u00a0\u00bbstretch_row_content_no_spaces\u00a0\u00bb gap=\u00a0\u00bb35&Prime; row_type=\u00a0\u00bbrow\u00a0\u00bb use_row_as_full_screen_section=\u00a0\u00bbno\u00a0\u00bb type=\u00a0\u00bbfull_width\u00a0\u00bb angled_section=\u00a0\u00bbno\u00a0\u00bb text_align=\u00a0\u00bbleft\u00a0\u00bb background_image_as_pattern=\u00a0\u00bbwithout_pattern\u00a0\u00bb el_class=\u00a0\u00bbriga-pad\u00a0\u00bb][vc_column width=\u00a0\u00bb1\/4&Prime; offset=\u00a0\u00bbvc_hidden-sm vc_hidden-xs\u00a0\u00bb el_class=\u00a0\u00bbColonnaSinistra\u00a0\u00bb][vc_widget_sidebar sidebar_id=\u00a0\u00bbmenu-autorizzazioni\u00a0\u00bb][\/vc_column][vc_column width=\u00a0\u00bb1\/2&Prime; el_class=\u00a0\u00bbColonnaCentro\u00a0\u00bb][vc_column_text css=\u00a0\u00bb\u00a0\u00bb el_class=\u00a0\u00bbTitoloPagina\u00a0\u00bb] Demande d\u2019autorisation [\/vc_column_text][vc_column_text css=\u00a0\u00bb\u00a0\u00bb][\/vc_column_text][\/vc_column][vc_column width=\u00a0\u00bb1\/4&Prime; el_class=\u00a0\u00bbColonnaDestra\u00a0\u00bb][\/vc_column][\/vc_row]<\/p>\n","protected":false},"author":2,"featured_media":0,"parent":0,"menu_order":0,"comment_status":"closed","ping_status":"closed","template":"full-width.php","meta":{"_acf_changed":false,"footnotes":""},"class_list":["post-21952","page","type-page","status-publish","hentry"],"acf":[],"yoast_head":"<!-- This site is optimized with the Yoast SEO plugin v26.5 - https:\/\/yoast.com\/wordpress\/plugins\/seo\/ -->\n<title>Demande d\u2019autorisation - TECS Portale Trasporti Eccezionali<\/title>\n<meta name=\"description\" content=\"T\u00e9l\u00e9chargez la documentation relative au tron\u00e7on autoroutier concern\u00e9 afin de faire la demande d&#039;autorisation pour les transports exceptionnels\" \/>\n<meta name=\"robots\" content=\"index, follow, max-snippet:-1, max-image-preview:large, max-video-preview:-1\" \/>\n<link rel=\"canonical\" href=\"https:\/\/www.teonline.it\/fr\/demande-dautorisation\/\" \/>\n<meta property=\"og:locale\" content=\"fr_FR\" \/>\n<meta property=\"og:type\" content=\"article\" \/>\n<meta property=\"og:title\" content=\"Demande d\u2019autorisation - TECS Portale Trasporti Eccezionali\" \/>\n<meta property=\"og:description\" content=\"T\u00e9l\u00e9chargez la documentation relative au tron\u00e7on autoroutier concern\u00e9 afin de faire la demande d&#039;autorisation pour les transports exceptionnels\" \/>\n<meta property=\"og:url\" content=\"https:\/\/www.teonline.it\/fr\/demande-dautorisation\/\" \/>\n<meta property=\"og:site_name\" content=\"TECS Portale Trasporti Eccezionali\" \/>\n<meta property=\"article:modified_time\" content=\"2026-04-10T14:38:47+00:00\" \/>\n<meta property=\"og:image\" content=\"https:\/\/www.teonline.it\/wp-content\/uploads\/2025\/06\/TECS-Trasporti-Eccezionali-Centro-Servizi-01.jpg\" \/>\n\t<meta property=\"og:image:width\" content=\"1200\" \/>\n\t<meta property=\"og:image:height\" content=\"675\" \/>\n\t<meta property=\"og:image:type\" content=\"image\/jpeg\" \/>\n<meta name=\"twitter:card\" content=\"summary_large_image\" \/>\n<meta name=\"twitter:label1\" content=\"Dur\u00e9e de lecture estim\u00e9e\" \/>\n\t<meta name=\"twitter:data1\" content=\"1 minute\" \/>\n<script type=\"application\/ld+json\" class=\"yoast-schema-graph\">{\"@context\":\"https:\/\/schema.org\",\"@graph\":[{\"@type\":\"WebPage\",\"@id\":\"https:\/\/www.teonline.it\/fr\/demande-dautorisation\/\",\"url\":\"https:\/\/www.teonline.it\/fr\/demande-dautorisation\/\",\"name\":\"Demande d\u2019autorisation - TECS Portale Trasporti Eccezionali\",\"isPartOf\":{\"@id\":\"https:\/\/www.teonline.it\/fr\/#website\"},\"datePublished\":\"2025-06-20T10:24:04+00:00\",\"dateModified\":\"2026-04-10T14:38:47+00:00\",\"description\":\"T\u00e9l\u00e9chargez la documentation relative au tron\u00e7on autoroutier concern\u00e9 afin de faire la demande d'autorisation pour les transports exceptionnels\",\"breadcrumb\":{\"@id\":\"https:\/\/www.teonline.it\/fr\/demande-dautorisation\/#breadcrumb\"},\"inLanguage\":\"fr-FR\",\"potentialAction\":[{\"@type\":\"ReadAction\",\"target\":[\"https:\/\/www.teonline.it\/fr\/demande-dautorisation\/\"]}]},{\"@type\":\"BreadcrumbList\",\"@id\":\"https:\/\/www.teonline.it\/fr\/demande-dautorisation\/#breadcrumb\",\"itemListElement\":[{\"@type\":\"ListItem\",\"position\":1,\"name\":\"Home\",\"item\":\"https:\/\/www.teonline.it\/fr\/\"},{\"@type\":\"ListItem\",\"position\":2,\"name\":\"Demande d\u2019autorisation\"}]},{\"@type\":\"WebSite\",\"@id\":\"https:\/\/www.teonline.it\/fr\/#website\",\"url\":\"https:\/\/www.teonline.it\/fr\/\",\"name\":\"TECS Trasporti Eccezionali Centro Servizi\",\"description\":\"TECS\",\"publisher\":{\"@id\":\"https:\/\/www.teonline.it\/fr\/#organization\"},\"alternateName\":\"TECS\",\"potentialAction\":[{\"@type\":\"SearchAction\",\"target\":{\"@type\":\"EntryPoint\",\"urlTemplate\":\"https:\/\/www.teonline.it\/fr\/?s={search_term_string}\"},\"query-input\":{\"@type\":\"PropertyValueSpecification\",\"valueRequired\":true,\"valueName\":\"search_term_string\"}}],\"inLanguage\":\"fr-FR\"},{\"@type\":\"Organization\",\"@id\":\"https:\/\/www.teonline.it\/fr\/#organization\",\"name\":\"TECS Trasporti Eccezionali Centro Servizi\",\"alternateName\":\"TECS\",\"url\":\"https:\/\/www.teonline.it\/fr\/\",\"logo\":{\"@type\":\"ImageObject\",\"inLanguage\":\"fr-FR\",\"@id\":\"https:\/\/www.teonline.it\/fr\/#\/schema\/logo\/image\/\",\"url\":\"https:\/\/www.teonline.it\/wp-content\/uploads\/2025\/06\/TECS-Trasporti-Eccezionali-Centro-Servizi-02.jpg\",\"contentUrl\":\"https:\/\/www.teonline.it\/wp-content\/uploads\/2025\/06\/TECS-Trasporti-Eccezionali-Centro-Servizi-02.jpg\",\"width\":696,\"height\":696,\"caption\":\"TECS Trasporti Eccezionali Centro Servizi\"},\"image\":{\"@id\":\"https:\/\/www.teonline.it\/fr\/#\/schema\/logo\/image\/\"}}]}<\/script>\n<!-- \/ Yoast SEO plugin. -->","yoast_head_json":{"title":"Demande d\u2019autorisation - TECS Portale Trasporti Eccezionali","description":"T\u00e9l\u00e9chargez la documentation relative au tron\u00e7on autoroutier concern\u00e9 afin de faire la demande d'autorisation pour les transports exceptionnels","robots":{"index":"index","follow":"follow","max-snippet":"max-snippet:-1","max-image-preview":"max-image-preview:large","max-video-preview":"max-video-preview:-1"},"canonical":"https:\/\/www.teonline.it\/fr\/demande-dautorisation\/","og_locale":"fr_FR","og_type":"article","og_title":"Demande d\u2019autorisation - TECS Portale Trasporti Eccezionali","og_description":"T\u00e9l\u00e9chargez la documentation relative au tron\u00e7on autoroutier concern\u00e9 afin de faire la demande d'autorisation pour les transports exceptionnels","og_url":"https:\/\/www.teonline.it\/fr\/demande-dautorisation\/","og_site_name":"TECS Portale Trasporti Eccezionali","article_modified_time":"2026-04-10T14:38:47+00:00","og_image":[{"width":1200,"height":675,"url":"https:\/\/www.teonline.it\/wp-content\/uploads\/2025\/06\/TECS-Trasporti-Eccezionali-Centro-Servizi-01.jpg","type":"image\/jpeg"}],"twitter_card":"summary_large_image","twitter_misc":{"Dur\u00e9e de lecture estim\u00e9e":"1 minute"},"schema":{"@context":"https:\/\/schema.org","@graph":[{"@type":"WebPage","@id":"https:\/\/www.teonline.it\/fr\/demande-dautorisation\/","url":"https:\/\/www.teonline.it\/fr\/demande-dautorisation\/","name":"Demande d\u2019autorisation - TECS Portale Trasporti Eccezionali","isPartOf":{"@id":"https:\/\/www.teonline.it\/fr\/#website"},"datePublished":"2025-06-20T10:24:04+00:00","dateModified":"2026-04-10T14:38:47+00:00","description":"T\u00e9l\u00e9chargez la documentation relative au tron\u00e7on autoroutier concern\u00e9 afin de faire la demande d'autorisation pour les transports exceptionnels","breadcrumb":{"@id":"https:\/\/www.teonline.it\/fr\/demande-dautorisation\/#breadcrumb"},"inLanguage":"fr-FR","potentialAction":[{"@type":"ReadAction","target":["https:\/\/www.teonline.it\/fr\/demande-dautorisation\/"]}]},{"@type":"BreadcrumbList","@id":"https:\/\/www.teonline.it\/fr\/demande-dautorisation\/#breadcrumb","itemListElement":[{"@type":"ListItem","position":1,"name":"Home","item":"https:\/\/www.teonline.it\/fr\/"},{"@type":"ListItem","position":2,"name":"Demande d\u2019autorisation"}]},{"@type":"WebSite","@id":"https:\/\/www.teonline.it\/fr\/#website","url":"https:\/\/www.teonline.it\/fr\/","name":"TECS Trasporti Eccezionali Centro Servizi","description":"TECS","publisher":{"@id":"https:\/\/www.teonline.it\/fr\/#organization"},"alternateName":"TECS","potentialAction":[{"@type":"SearchAction","target":{"@type":"EntryPoint","urlTemplate":"https:\/\/www.teonline.it\/fr\/?s={search_term_string}"},"query-input":{"@type":"PropertyValueSpecification","valueRequired":true,"valueName":"search_term_string"}}],"inLanguage":"fr-FR"},{"@type":"Organization","@id":"https:\/\/www.teonline.it\/fr\/#organization","name":"TECS Trasporti Eccezionali Centro Servizi","alternateName":"TECS","url":"https:\/\/www.teonline.it\/fr\/","logo":{"@type":"ImageObject","inLanguage":"fr-FR","@id":"https:\/\/www.teonline.it\/fr\/#\/schema\/logo\/image\/","url":"https:\/\/www.teonline.it\/wp-content\/uploads\/2025\/06\/TECS-Trasporti-Eccezionali-Centro-Servizi-02.jpg","contentUrl":"https:\/\/www.teonline.it\/wp-content\/uploads\/2025\/06\/TECS-Trasporti-Eccezionali-Centro-Servizi-02.jpg","width":696,"height":696,"caption":"TECS Trasporti Eccezionali Centro Servizi"},"image":{"@id":"https:\/\/www.teonline.it\/fr\/#\/schema\/logo\/image\/"}}]}},"publishpress_future_workflow_manual_trigger":{"enabledWorkflows":[]},"_links":{"self":[{"href":"https:\/\/www.teonline.it\/fr\/wp-json\/wp\/v2\/pages\/21952","targetHints":{"allow":["GET"]}}],"collection":[{"href":"https:\/\/www.teonline.it\/fr\/wp-json\/wp\/v2\/pages"}],"about":[{"href":"https:\/\/www.teonline.it\/fr\/wp-json\/wp\/v2\/types\/page"}],"author":[{"embeddable":true,"href":"https:\/\/www.teonline.it\/fr\/wp-json\/wp\/v2\/users\/2"}],"replies":[{"embeddable":true,"href":"https:\/\/www.teonline.it\/fr\/wp-json\/wp\/v2\/comments?post=21952"}],"version-history":[{"count":3,"href":"https:\/\/www.teonline.it\/fr\/wp-json\/wp\/v2\/pages\/21952\/revisions"}],"predecessor-version":[{"id":22122,"href":"https:\/\/www.teonline.it\/fr\/wp-json\/wp\/v2\/pages\/21952\/revisions\/22122"}],"wp:attachment":[{"href":"https:\/\/www.teonline.it\/fr\/wp-json\/wp\/v2\/media?parent=21952"}],"curies":[{"name":"wp","href":"https:\/\/api.w.org\/{rel}","templated":true}]}}